{"id":1074,"date":"2025-01-02T16:51:47","date_gmt":"2025-01-02T15:51:47","guid":{"rendered":"https:\/\/placedejeu.kameu-cm.com\/?post_type=product&#038;p=1074"},"modified":"2025-02-07T13:10:29","modified_gmt":"2025-02-07T12:10:29","slug":"1074","status":"publish","type":"product","link":"https:\/\/placedejeu.kameu-cm.com\/?product=1074","title":{"rendered":"Module de capteur de Flamme"},"content":{"rendered":"<p>Le <strong>capteur de flamme<\/strong> d\u00e9tecte les flammes en capturant l&rsquo;infrarouge qu&rsquo;elles \u00e9mettent, avec une port\u00e9e de d\u00e9tection jusqu&rsquo;\u00e0 100 cm. Il offre une sortie num\u00e9rique pour des alertes rapides et une sortie analogique pour mesurer l&rsquo;intensit\u00e9 des flammes. Facile \u00e0 int\u00e9grer dans des syst\u00e8mes de s\u00e9curit\u00e9 incendie, des robots, ou des projets domotiques, ce capteur est fiable, robuste, et compatible avec des microcontr\u00f4leurs comme Arduino et Raspberry Pi. Ses applications incluent la surveillance incendie, la pr\u00e9vention des risques, et les projets robotiques, garantissant ainsi une r\u00e9ponse rapide et efficace face \u00e0 la pr\u00e9sence de feu.<\/p>\n<h3><strong>Applications<\/strong> :<\/h3>\n<ul>\n<li><strong>Syst\u00e8mes d&rsquo;Alarme Incendie<\/strong> : Int\u00e9gr\u00e9 dans des syst\u00e8mes de surveillance pour d\u00e9tecter les d\u00e9buts d&rsquo;incendie dans des b\u00e2timents ou des installations industrielles.<\/li>\n<li><strong>Projets Robotiques<\/strong> : Utilis\u00e9 dans des robots pour la d\u00e9tection de feux dans des missions de sauvetage ou de pr\u00e9vention.<\/li>\n<li><strong>S\u00e9curit\u00e9 Domotique<\/strong> : Ajout\u00e9 dans des syst\u00e8mes de maison intelligente pour pr\u00e9venir les risques d&rsquo;incendie.<\/li>\n<\/ul>\n","protected":false},"excerpt":{"rendered":"<ul>\n<li>D\u00e9tecte les flammes via infrarouge jusqu&rsquo;\u00e0 100 cm.<\/li>\n<li>Compatible avec Arduino et Raspberry Pi.<\/li>\n<li>Sortie num\u00e9rique pour alerte instantan\u00e9e et analogique pour intensit\u00e9.<\/li>\n<li>Facile \u00e0 installer et utiliser dans des syst\u00e8mes de s\u00e9curit\u00e9 ou domotique.<\/li>\n<li>Id\u00e9al pour alarme incendie, robots, et s\u00e9curit\u00e9 maison.<\/li>\n<\/ul>\n","protected":false},"featured_media":1076,"comment_status":"open","ping_status":"closed","template":"","meta":{"_kad_post_transparent":"default","_kad_post_title":"","_kad_post_layout":"default","_kad_post_sidebar_id":"","_kad_post_content_style":"default","_kad_post_vertical_padding":"default","_kad_post_feature":"","_kad_post_feature_position":"","_kad_post_header":false,"_kad_post_footer":false},"product_brand":[],"product_cat":[16,250,277],"product_tag":[],"class_list":{"0":"post-1074","1":"product","2":"type-product","3":"status-publish","4":"has-post-thumbnail","6":"product_cat-composants-electroniques","7":"product_cat-actifs","8":"product_cat-capteurs","10":"first","11":"instock","12":"sale","13":"taxable","14":"shipping-taxable","15":"purchasable","16":"product-type-simple","17":"entry","18":"content-bg","19":"loop-entry"},"_links":{"self":[{"href":"https:\/\/placedejeu.kameu-cm.com\/index.php?rest_route=\/wp\/v2\/product\/1074","targetHints":{"allow":["GET"]}}],"collection":[{"href":"https:\/\/placedejeu.kameu-cm.com\/index.php?rest_route=\/wp\/v2\/product"}],"about":[{"href":"https:\/\/placedejeu.kameu-cm.com\/index.php?rest_route=\/wp\/v2\/types\/product"}],"replies":[{"embeddable":true,"href":"https:\/\/placedejeu.kameu-cm.com\/index.php?rest_route=%2Fwp%2Fv2%2Fcomments&post=1074"}],"wp:featuredmedia":[{"embeddable":true,"href":"https:\/\/placedejeu.kameu-cm.com\/index.php?rest_route=\/wp\/v2\/media\/1076"}],"wp:attachment":[{"href":"https:\/\/placedejeu.kameu-cm.com\/index.php?rest_route=%2Fwp%2Fv2%2Fmedia&parent=1074"}],"wp:term":[{"taxonomy":"product_brand","embeddable":true,"href":"https:\/\/placedejeu.kameu-cm.com\/index.php?rest_route=%2Fwp%2Fv2%2Fproduct_brand&post=1074"},{"taxonomy":"product_cat","embeddable":true,"href":"https:\/\/placedejeu.kameu-cm.com\/index.php?rest_route=%2Fwp%2Fv2%2Fproduct_cat&post=1074"},{"taxonomy":"product_tag","embeddable":true,"href":"https:\/\/placedejeu.kameu-cm.com\/index.php?rest_route=%2Fwp%2Fv2%2Fproduct_tag&post=1074"}],"curies":[{"name":"wp","href":"https:\/\/api.w.org\/{rel}","templated":true}]}}