{"id":1080,"date":"2025-01-02T17:01:14","date_gmt":"2025-01-02T16:01:14","guid":{"rendered":"https:\/\/placedejeu.kameu-cm.com\/?post_type=product&#038;p=1080"},"modified":"2025-01-02T17:01:14","modified_gmt":"2025-01-02T16:01:14","slug":"capteur-de-frequence-cardiaque-heartbeat-sensor","status":"publish","type":"product","link":"https:\/\/placedejeu.kameu-cm.com\/?product=capteur-de-frequence-cardiaque-heartbeat-sensor","title":{"rendered":"Capteur de frequence cardiaque (Heartbeat sensor)"},"content":{"rendered":"<p>Le <strong>capteur de fr\u00e9quence cardiaque (Heartbeat sensor)<\/strong> est con\u00e7u pour mesurer les battements du c\u0153ur en temps r\u00e9el avec une grande pr\u00e9cision. Il utilise une technologie optique pour d\u00e9tecter les variations du flux sanguin sous la peau, offrant ainsi une lecture fiable et continue de la fr\u00e9quence cardiaque. Compatible avec Arduino et d\u2019autres microcontr\u00f4leurs, il est facile \u00e0 int\u00e9grer dans des projets li\u00e9s \u00e0 la sant\u00e9, au fitness, ou aux dispositifs portables comme les montres connect\u00e9es.<\/p>\n<p>Ce capteur est \u00e9quip\u00e9 d\u2019une sortie analogique qui permet de suivre pr\u00e9cis\u00e9ment les battements du c\u0153ur, ce qui en fait un outil pr\u00e9cieux pour le suivi de la sant\u00e9 personnelle, le d\u00e9veloppement de dispositifs de fitness intelligents, ou encore des projets biom\u00e9dicaux. Gr\u00e2ce \u00e0 sa simplicit\u00e9 d\u2019utilisation, il peut \u00eatre utilis\u00e9 aussi bien par des professionnels de la sant\u00e9 que des amateurs dans des projets DIY.<\/p>\n","protected":false},"excerpt":{"rendered":"<ul>\n<li>Mesure la fr\u00e9quence cardiaque en temps r\u00e9el.<\/li>\n<li>Compatible avec Arduino et autres microcontr\u00f4leurs.<\/li>\n<li>Sortie analogique pour un suivi pr\u00e9cis des battements de c\u0153ur.<\/li>\n<li>Facile \u00e0 int\u00e9grer dans des projets de sant\u00e9, fitness ou dispositifs portables.<\/li>\n<li>Id\u00e9al pour le suivi de la sant\u00e9, les montres connect\u00e9es et les projets biom\u00e9dicaux.<\/li>\n<\/ul>\n","protected":false},"featured_media":1081,"comment_status":"open","ping_status":"closed","template":"","meta":{"_kad_post_transparent":"default","_kad_post_title":"","_kad_post_layout":"default","_kad_post_sidebar_id":"","_kad_post_content_style":"default","_kad_post_vertical_padding":"default","_kad_post_feature":"","_kad_post_feature_position":"","_kad_post_header":false,"_kad_post_footer":false},"product_brand":[],"product_cat":[16,250,277],"product_tag":[],"class_list":{"0":"post-1080","1":"product","2":"type-product","3":"status-publish","4":"has-post-thumbnail","6":"product_cat-composants-electroniques","7":"product_cat-actifs","8":"product_cat-capteurs","10":"first","11":"instock","12":"taxable","13":"shipping-taxable","14":"purchasable","15":"product-type-simple","16":"entry","17":"content-bg","18":"loop-entry"},"_links":{"self":[{"href":"https:\/\/placedejeu.kameu-cm.com\/index.php?rest_route=\/wp\/v2\/product\/1080","targetHints":{"allow":["GET"]}}],"collection":[{"href":"https:\/\/placedejeu.kameu-cm.com\/index.php?rest_route=\/wp\/v2\/product"}],"about":[{"href":"https:\/\/placedejeu.kameu-cm.com\/index.php?rest_route=\/wp\/v2\/types\/product"}],"replies":[{"embeddable":true,"href":"https:\/\/placedejeu.kameu-cm.com\/index.php?rest_route=%2Fwp%2Fv2%2Fcomments&post=1080"}],"wp:featuredmedia":[{"embeddable":true,"href":"https:\/\/placedejeu.kameu-cm.com\/index.php?rest_route=\/wp\/v2\/media\/1081"}],"wp:attachment":[{"href":"https:\/\/placedejeu.kameu-cm.com\/index.php?rest_route=%2Fwp%2Fv2%2Fmedia&parent=1080"}],"wp:term":[{"taxonomy":"product_brand","embeddable":true,"href":"https:\/\/placedejeu.kameu-cm.com\/index.php?rest_route=%2Fwp%2Fv2%2Fproduct_brand&post=1080"},{"taxonomy":"product_cat","embeddable":true,"href":"https:\/\/placedejeu.kameu-cm.com\/index.php?rest_route=%2Fwp%2Fv2%2Fproduct_cat&post=1080"},{"taxonomy":"product_tag","embeddable":true,"href":"https:\/\/placedejeu.kameu-cm.com\/index.php?rest_route=%2Fwp%2Fv2%2Fproduct_tag&post=1080"}],"curies":[{"name":"wp","href":"https:\/\/api.w.org\/{rel}","templated":true}]}}