{"id":1082,"date":"2025-01-02T17:02:42","date_gmt":"2025-01-02T16:02:42","guid":{"rendered":"https:\/\/placedejeu.kameu-cm.com\/?post_type=product&#038;p=1082"},"modified":"2025-01-02T17:02:42","modified_gmt":"2025-01-02T16:02:42","slug":"capteur-light-cup","status":"publish","type":"product","link":"https:\/\/placedejeu.kameu-cm.com\/?product=capteur-light-cup","title":{"rendered":"Capteur Light Cup"},"content":{"rendered":"<p>Le <strong>capteur Light Cup<\/strong> est con\u00e7u pour mesurer l&rsquo;intensit\u00e9 lumineuse dans l&rsquo;environnement, permettant ainsi de d\u00e9tecter les variations de lumi\u00e8re ambiante. Compact et fiable, il est id\u00e9al pour des applications telles que l&rsquo;\u00e9clairage automatis\u00e9, les projets d&rsquo;\u00e9nergie solaire, ou la r\u00e9gulation de la luminosit\u00e9 en fonction des conditions environnantes. Compatible avec des microcontr\u00f4leurs comme Arduino, il dispose d&rsquo;une sortie analogique qui permet un ajustement pr\u00e9cis de l&rsquo;\u00e9clairage en fonction de la lumi\u00e8re d\u00e9tect\u00e9e.<\/p>\n<p>Ce capteur est largement utilis\u00e9 dans les syst\u00e8mes d&rsquo;\u00e9clairage intelligents, o\u00f9 il ajuste automatiquement l&rsquo;intensit\u00e9 lumineuse en fonction de la lumi\u00e8re ambiante, optimisant ainsi la consommation d&rsquo;\u00e9nergie. Facile \u00e0 int\u00e9grer dans des projets DIY, il est \u00e9galement utilis\u00e9 dans les syst\u00e8mes d&rsquo;\u00e9nergie solaire pour ajuster l&rsquo;\u00e9clairage en fonction de la lumi\u00e8re du jour.<\/p>\n","protected":false},"excerpt":{"rendered":"<ul>\n<li>D\u00e9tecte l&rsquo;intensit\u00e9 lumineuse dans l&rsquo;environnement.<\/li>\n<li>Compact et facile \u00e0 int\u00e9grer dans des projets d&rsquo;\u00e9clairage ou d&rsquo;automatisation.<\/li>\n<li>Compatible avec Arduino et autres microcontr\u00f4leurs.<\/li>\n<li>Id\u00e9al pour les syst\u00e8mes d&rsquo;\u00e9clairage automatis\u00e9s et les projets d&rsquo;\u00e9nergie solaire.<\/li>\n<li>Sortie analogique pour ajuster la luminosit\u00e9 en fonction de l&rsquo;environnement.<\/li>\n<\/ul>\n","protected":false},"featured_media":1083,"comment_status":"open","ping_status":"closed","template":"","meta":{"_kad_post_transparent":"default","_kad_post_title":"","_kad_post_layout":"default","_kad_post_sidebar_id":"","_kad_post_content_style":"default","_kad_post_vertical_padding":"default","_kad_post_feature":"","_kad_post_feature_position":"","_kad_post_header":false,"_kad_post_footer":false},"product_brand":[],"product_cat":[16,250,277],"product_tag":[],"class_list":{"0":"post-1082","1":"product","2":"type-product","3":"status-publish","4":"has-post-thumbnail","6":"product_cat-composants-electroniques","7":"product_cat-actifs","8":"product_cat-capteurs","10":"first","11":"instock","12":"taxable","13":"shipping-taxable","14":"purchasable","15":"product-type-simple","16":"entry","17":"content-bg","18":"loop-entry"},"_links":{"self":[{"href":"https:\/\/placedejeu.kameu-cm.com\/index.php?rest_route=\/wp\/v2\/product\/1082","targetHints":{"allow":["GET"]}}],"collection":[{"href":"https:\/\/placedejeu.kameu-cm.com\/index.php?rest_route=\/wp\/v2\/product"}],"about":[{"href":"https:\/\/placedejeu.kameu-cm.com\/index.php?rest_route=\/wp\/v2\/types\/product"}],"replies":[{"embeddable":true,"href":"https:\/\/placedejeu.kameu-cm.com\/index.php?rest_route=%2Fwp%2Fv2%2Fcomments&post=1082"}],"wp:featuredmedia":[{"embeddable":true,"href":"https:\/\/placedejeu.kameu-cm.com\/index.php?rest_route=\/wp\/v2\/media\/1083"}],"wp:attachment":[{"href":"https:\/\/placedejeu.kameu-cm.com\/index.php?rest_route=%2Fwp%2Fv2%2Fmedia&parent=1082"}],"wp:term":[{"taxonomy":"product_brand","embeddable":true,"href":"https:\/\/placedejeu.kameu-cm.com\/index.php?rest_route=%2Fwp%2Fv2%2Fproduct_brand&post=1082"},{"taxonomy":"product_cat","embeddable":true,"href":"https:\/\/placedejeu.kameu-cm.com\/index.php?rest_route=%2Fwp%2Fv2%2Fproduct_cat&post=1082"},{"taxonomy":"product_tag","embeddable":true,"href":"https:\/\/placedejeu.kameu-cm.com\/index.php?rest_route=%2Fwp%2Fv2%2Fproduct_tag&post=1082"}],"curies":[{"name":"wp","href":"https:\/\/api.w.org\/{rel}","templated":true}]}}