{"id":1084,"date":"2025-01-02T17:04:53","date_gmt":"2025-01-02T16:04:53","guid":{"rendered":"https:\/\/placedejeu.kameu-cm.com\/?post_type=product&#038;p=1084"},"modified":"2025-01-02T17:05:14","modified_gmt":"2025-01-02T16:05:14","slug":"capteur-a-effet-hall-hall-magnetic-sensor","status":"publish","type":"product","link":"https:\/\/placedejeu.kameu-cm.com\/?product=capteur-a-effet-hall-hall-magnetic-sensor","title":{"rendered":"Capteur \u00e0 Effet Hall (Hall Magnetic Sensor)"},"content":{"rendered":"<p>Le <strong>capteur \u00e0 effet Hall<\/strong> est con\u00e7u pour d\u00e9tecter les champs magn\u00e9tiques et les variations de flux magn\u00e9tique, en fournissant une sortie analogique ou num\u00e9rique pour une d\u00e9tection pr\u00e9cise. Utilis\u00e9 dans des applications telles que le positionnement, les moteurs sans balais, et les syst\u00e8mes de s\u00e9curit\u00e9, ce capteur est essentiel pour d\u00e9tecter la proximit\u00e9 de magn\u00e9tismes ou surveiller le mouvement de pi\u00e8ces m\u00e9talliques.<\/p>\n<p>Compatible avec des microcontr\u00f4leurs comme Arduino, il est facile \u00e0 int\u00e9grer dans divers projets comme les compteurs \u00e0 effet Hall, la d\u00e9tection de proximit\u00e9 magn\u00e9tique, ou les syst\u00e8mes de mesure de vitesse. Ce capteur est \u00e9galement largement utilis\u00e9 dans les v\u00e9hicules \u00e9lectriques et les moteurs pour surveiller le fonctionnement sans contact m\u00e9canique, ce qui le rend essentiel pour les applications industrielles et de robotique.<\/p>\n","protected":false},"excerpt":{"rendered":"<ul>\n<li>D\u00e9tecte la pr\u00e9sence de champs magn\u00e9tiques et les variations de flux magn\u00e9tique.<\/li>\n<li>Compatible avec Arduino et autres microcontr\u00f4leurs.<\/li>\n<li>Sortie analogique ou num\u00e9rique pour une d\u00e9tection pr\u00e9cise.<\/li>\n<li>Id\u00e9al pour les syst\u00e8mes de positionnement, les moteurs sans balais, et les applications de s\u00e9curit\u00e9.<\/li>\n<li>Utilis\u00e9 pour la d\u00e9tection de proximit\u00e9 magn\u00e9tique et le comptage d&rsquo;objets.<\/li>\n<\/ul>\n","protected":false},"featured_media":1086,"comment_status":"open","ping_status":"closed","template":"","meta":{"_kad_post_transparent":"default","_kad_post_title":"","_kad_post_layout":"default","_kad_post_sidebar_id":"","_kad_post_content_style":"default","_kad_post_vertical_padding":"default","_kad_post_feature":"","_kad_post_feature_position":"","_kad_post_header":false,"_kad_post_footer":false},"product_brand":[],"product_cat":[16,250,277],"product_tag":[],"class_list":{"0":"post-1084","1":"product","2":"type-product","3":"status-publish","4":"has-post-thumbnail","6":"product_cat-composants-electroniques","7":"product_cat-actifs","8":"product_cat-capteurs","10":"first","11":"instock","12":"taxable","13":"shipping-taxable","14":"purchasable","15":"product-type-simple","16":"entry","17":"content-bg","18":"loop-entry"},"_links":{"self":[{"href":"https:\/\/placedejeu.kameu-cm.com\/index.php?rest_route=\/wp\/v2\/product\/1084","targetHints":{"allow":["GET"]}}],"collection":[{"href":"https:\/\/placedejeu.kameu-cm.com\/index.php?rest_route=\/wp\/v2\/product"}],"about":[{"href":"https:\/\/placedejeu.kameu-cm.com\/index.php?rest_route=\/wp\/v2\/types\/product"}],"replies":[{"embeddable":true,"href":"https:\/\/placedejeu.kameu-cm.com\/index.php?rest_route=%2Fwp%2Fv2%2Fcomments&post=1084"}],"wp:featuredmedia":[{"embeddable":true,"href":"https:\/\/placedejeu.kameu-cm.com\/index.php?rest_route=\/wp\/v2\/media\/1086"}],"wp:attachment":[{"href":"https:\/\/placedejeu.kameu-cm.com\/index.php?rest_route=%2Fwp%2Fv2%2Fmedia&parent=1084"}],"wp:term":[{"taxonomy":"product_brand","embeddable":true,"href":"https:\/\/placedejeu.kameu-cm.com\/index.php?rest_route=%2Fwp%2Fv2%2Fproduct_brand&post=1084"},{"taxonomy":"product_cat","embeddable":true,"href":"https:\/\/placedejeu.kameu-cm.com\/index.php?rest_route=%2Fwp%2Fv2%2Fproduct_cat&post=1084"},{"taxonomy":"product_tag","embeddable":true,"href":"https:\/\/placedejeu.kameu-cm.com\/index.php?rest_route=%2Fwp%2Fv2%2Fproduct_tag&post=1084"}],"curies":[{"name":"wp","href":"https:\/\/api.w.org\/{rel}","templated":true}]}}