{"id":1091,"date":"2025-01-02T17:12:11","date_gmt":"2025-01-02T16:12:11","guid":{"rendered":"https:\/\/placedejeu.kameu-cm.com\/?post_type=product&#038;p=1091"},"modified":"2025-01-02T17:12:11","modified_gmt":"2025-01-02T16:12:11","slug":"capteur-de-temperature-a-emission","status":"publish","type":"product","link":"https:\/\/placedejeu.kameu-cm.com\/?product=capteur-de-temperature-a-emission","title":{"rendered":"Capteur de Temp\u00e9rature \u00e0 \u00c9mission"},"content":{"rendered":"<p>Le <strong>capteur de temp\u00e9rature \u00e0 \u00e9mission<\/strong>, souvent bas\u00e9 sur des thermocouples ou des capteurs infrarouges (IR), permet de mesurer la temp\u00e9rature d&rsquo;un objet \u00e0 distance en d\u00e9tectant la radiation thermique qu\u2019il \u00e9met. Ce type de capteur est largement utilis\u00e9 dans des environnements o\u00f9 le contact direct est impossible ou dangereux, comme dans des applications industrielles, la maintenance d\u2019\u00e9quipements, ou la surveillance de processus \u00e0 haute temp\u00e9rature.<\/p>\n<p>Ce capteur est capable de mesurer des temp\u00e9ratures sur une large plage, g\u00e9n\u00e9ralement de -50\u00b0C \u00e0 +1000\u00b0C, et il fonctionne en convertissant la quantit\u00e9 de radiation infrarouge en un signal de temp\u00e9rature. Compatible avec des microcontr\u00f4leurs comme Arduino, il permet une int\u00e9gration facile dans des projets automatis\u00e9s de surveillance thermique ou d\u2019analyse sans contact. Ce type de capteur est essentiel pour les projets n\u00e9cessitant des mesures sans interf\u00e9rer avec l&rsquo;objet mesur\u00e9, comme dans l&rsquo;industrie, la m\u00e9decine, ou l\u2019environnement.<\/p>\n","protected":false},"excerpt":{"rendered":"<ul>\n<li>Mesure la temp\u00e9rature \u00e0 distance sans contact direct.<\/li>\n<li>Utilise la radiation infrarouge \u00e9mise par les objets pour d\u00e9terminer la temp\u00e9rature.<\/li>\n<li>Id\u00e9al pour des applications industrielles, m\u00e9dicales, ou dans des environnements dangereux.<\/li>\n<li>Plage de temp\u00e9rature : g\u00e9n\u00e9ralement de -50\u00b0C \u00e0 +1000\u00b0C.<\/li>\n<li>Compatible avec des microcontr\u00f4leurs pour des applications automatis\u00e9es.<\/li>\n<\/ul>\n","protected":false},"featured_media":1092,"comment_status":"open","ping_status":"closed","template":"","meta":{"_kad_post_transparent":"default","_kad_post_title":"","_kad_post_layout":"default","_kad_post_sidebar_id":"","_kad_post_content_style":"default","_kad_post_vertical_padding":"default","_kad_post_feature":"","_kad_post_feature_position":"","_kad_post_header":false,"_kad_post_footer":false},"product_brand":[],"product_cat":[16,250,277],"product_tag":[],"class_list":{"0":"post-1091","1":"product","2":"type-product","3":"status-publish","4":"has-post-thumbnail","6":"product_cat-composants-electroniques","7":"product_cat-actifs","8":"product_cat-capteurs","10":"first","11":"instock","12":"taxable","13":"shipping-taxable","14":"purchasable","15":"product-type-simple","16":"entry","17":"content-bg","18":"loop-entry"},"_links":{"self":[{"href":"https:\/\/placedejeu.kameu-cm.com\/index.php?rest_route=\/wp\/v2\/product\/1091","targetHints":{"allow":["GET"]}}],"collection":[{"href":"https:\/\/placedejeu.kameu-cm.com\/index.php?rest_route=\/wp\/v2\/product"}],"about":[{"href":"https:\/\/placedejeu.kameu-cm.com\/index.php?rest_route=\/wp\/v2\/types\/product"}],"replies":[{"embeddable":true,"href":"https:\/\/placedejeu.kameu-cm.com\/index.php?rest_route=%2Fwp%2Fv2%2Fcomments&post=1091"}],"wp:featuredmedia":[{"embeddable":true,"href":"https:\/\/placedejeu.kameu-cm.com\/index.php?rest_route=\/wp\/v2\/media\/1092"}],"wp:attachment":[{"href":"https:\/\/placedejeu.kameu-cm.com\/index.php?rest_route=%2Fwp%2Fv2%2Fmedia&parent=1091"}],"wp:term":[{"taxonomy":"product_brand","embeddable":true,"href":"https:\/\/placedejeu.kameu-cm.com\/index.php?rest_route=%2Fwp%2Fv2%2Fproduct_brand&post=1091"},{"taxonomy":"product_cat","embeddable":true,"href":"https:\/\/placedejeu.kameu-cm.com\/index.php?rest_route=%2Fwp%2Fv2%2Fproduct_cat&post=1091"},{"taxonomy":"product_tag","embeddable":true,"href":"https:\/\/placedejeu.kameu-cm.com\/index.php?rest_route=%2Fwp%2Fv2%2Fproduct_tag&post=1091"}],"curies":[{"name":"wp","href":"https:\/\/api.w.org\/{rel}","templated":true}]}}