{"id":1093,"date":"2025-01-02T17:21:58","date_gmt":"2025-01-02T16:21:58","guid":{"rendered":"https:\/\/placedejeu.kameu-cm.com\/?post_type=product&#038;p=1093"},"modified":"2025-01-02T17:21:58","modified_gmt":"2025-01-02T16:21:58","slug":"recepteur-ir","status":"publish","type":"product","link":"https:\/\/placedejeu.kameu-cm.com\/?product=recepteur-ir","title":{"rendered":"R\u00e9cepteur IR"},"content":{"rendered":"<p>Le <strong>r\u00e9cepteur IR (infrarouge)<\/strong> est con\u00e7u pour capter les signaux infrarouges \u00e9mis par des t\u00e9l\u00e9commandes, des capteurs IR ou d&rsquo;autres dispositifs \u00e9metteurs de lumi\u00e8re infrarouge. Il est couramment utilis\u00e9 dans des projets Arduino et autres syst\u00e8mes embarqu\u00e9s pour des applications de commande \u00e0 distance ou de d\u00e9tection sans fil.<\/p>\n<p>Le r\u00e9cepteur fonctionne g\u00e9n\u00e9ralement sur une fr\u00e9quence de 38 kHz (ou une autre fr\u00e9quence sp\u00e9cifique), ce qui lui permet de filtrer les signaux inutiles et de capter uniquement les commandes infrarouges. Ce capteur est largement utilis\u00e9 dans des projets d&rsquo;automatisation, de robotique, de t\u00e9l\u00e9commandes pour appareils \u00e9lectrom\u00e9nagers, et de syst\u00e8mes d&rsquo;\u00e9clairage intelligents. Sa simplicit\u00e9 d\u2019int\u00e9gration avec des microcontr\u00f4leurs en fait un choix populaire pour de nombreux projets DIY ou professionnels.<\/p>\n","protected":false},"excerpt":{"rendered":"<ul>\n<li>Capte les signaux infrarouges \u00e9mis par des t\u00e9l\u00e9commandes ou autres dispositifs IR.<\/li>\n<li>Compatible avec Arduino et autres microcontr\u00f4leurs.<\/li>\n<li>Facile \u00e0 utiliser pour des projets de commande \u00e0 distance, de d\u00e9tection et d\u2019automatisation.<\/li>\n<li>Plage de r\u00e9ception typique : 38 kHz (fr\u00e9quence porteuse).<\/li>\n<li>Id\u00e9al pour les t\u00e9l\u00e9commandes, robots, et syst\u00e8mes d&rsquo;\u00e9clairage ou d&rsquo;automatisation.<\/li>\n<\/ul>\n","protected":false},"featured_media":1094,"comment_status":"open","ping_status":"closed","template":"","meta":{"_kad_post_transparent":"default","_kad_post_title":"","_kad_post_layout":"default","_kad_post_sidebar_id":"","_kad_post_content_style":"default","_kad_post_vertical_padding":"default","_kad_post_feature":"","_kad_post_feature_position":"","_kad_post_header":false,"_kad_post_footer":false},"product_brand":[],"product_cat":[16,250,277],"product_tag":[],"class_list":{"0":"post-1093","1":"product","2":"type-product","3":"status-publish","4":"has-post-thumbnail","6":"product_cat-composants-electroniques","7":"product_cat-actifs","8":"product_cat-capteurs","10":"first","11":"instock","12":"taxable","13":"shipping-taxable","14":"purchasable","15":"product-type-simple","16":"entry","17":"content-bg","18":"loop-entry"},"_links":{"self":[{"href":"https:\/\/placedejeu.kameu-cm.com\/index.php?rest_route=\/wp\/v2\/product\/1093","targetHints":{"allow":["GET"]}}],"collection":[{"href":"https:\/\/placedejeu.kameu-cm.com\/index.php?rest_route=\/wp\/v2\/product"}],"about":[{"href":"https:\/\/placedejeu.kameu-cm.com\/index.php?rest_route=\/wp\/v2\/types\/product"}],"replies":[{"embeddable":true,"href":"https:\/\/placedejeu.kameu-cm.com\/index.php?rest_route=%2Fwp%2Fv2%2Fcomments&post=1093"}],"wp:featuredmedia":[{"embeddable":true,"href":"https:\/\/placedejeu.kameu-cm.com\/index.php?rest_route=\/wp\/v2\/media\/1094"}],"wp:attachment":[{"href":"https:\/\/placedejeu.kameu-cm.com\/index.php?rest_route=%2Fwp%2Fv2%2Fmedia&parent=1093"}],"wp:term":[{"taxonomy":"product_brand","embeddable":true,"href":"https:\/\/placedejeu.kameu-cm.com\/index.php?rest_route=%2Fwp%2Fv2%2Fproduct_brand&post=1093"},{"taxonomy":"product_cat","embeddable":true,"href":"https:\/\/placedejeu.kameu-cm.com\/index.php?rest_route=%2Fwp%2Fv2%2Fproduct_cat&post=1093"},{"taxonomy":"product_tag","embeddable":true,"href":"https:\/\/placedejeu.kameu-cm.com\/index.php?rest_route=%2Fwp%2Fv2%2Fproduct_tag&post=1093"}],"curies":[{"name":"wp","href":"https:\/\/api.w.org\/{rel}","templated":true}]}}