{"id":1098,"date":"2025-01-02T17:28:10","date_gmt":"2025-01-02T16:28:10","guid":{"rendered":"https:\/\/placedejeu.kameu-cm.com\/?post_type=product&#038;p=1098"},"modified":"2025-01-02T17:28:10","modified_gmt":"2025-01-02T16:28:10","slug":"capteur-tilt-switch","status":"publish","type":"product","link":"https:\/\/placedejeu.kameu-cm.com\/?product=capteur-tilt-switch","title":{"rendered":"Capteur Tilt Switch"},"content":{"rendered":"<p>Le <strong>Tilt Switch<\/strong> est un capteur qui d\u00e9tecte l&rsquo;inclinaison ou le mouvement d&rsquo;un objet. Il fonctionne en activant un contact interne lorsqu&rsquo;un objet est inclin\u00e9 au-del\u00e0 d&rsquo;un certain angle, ce qui permet de d\u00e9tecter des changements de position ou d&rsquo;orientation. Ce type de capteur est couramment utilis\u00e9 dans des applications telles que les syst\u00e8mes de s\u00e9curit\u00e9, les alarmes antivol, les jouets \u00e9lectroniques, et dans la d\u00e9tection de mouvement dans des dispositifs portables.<\/p>\n<p>Il est facile \u00e0 int\u00e9grer avec des microcontr\u00f4leurs comme Arduino, ce qui le rend populaire dans les projets DIY et les syst\u00e8mes de surveillance automatis\u00e9s. Le Tilt Switch est \u00e9galement utilis\u00e9 dans les projets o\u00f9 il est n\u00e9cessaire de d\u00e9tecter l&rsquo;inclinaison d&rsquo;un objet ou de contr\u00f4ler des dispositifs en fonction de l&rsquo;orientation, par exemple, pour activer des alarmes lorsque quelque chose est d\u00e9plac\u00e9 ou renvers\u00e9. Compact et fiable, ce capteur est parfait pour les environnements dynamiques.<\/p>\n","protected":false},"excerpt":{"rendered":"<ul>\n<li>D\u00e9tecte l&rsquo;inclinaison ou le mouvement d&rsquo;un objet.<\/li>\n<li>Id\u00e9al pour les applications de s\u00e9curit\u00e9, les alarmes, et les syst\u00e8mes de d\u00e9tection de mouvement.<\/li>\n<li>Facile \u00e0 int\u00e9grer avec Arduino et autres microcontr\u00f4leurs.<\/li>\n<li>Utilis\u00e9 pour d\u00e9tecter le changement d&rsquo;orientation ou la position d&rsquo;un objet.<\/li>\n<li>Compact et fiable dans des environnements dynamiques.<\/li>\n<\/ul>\n","protected":false},"featured_media":1099,"comment_status":"open","ping_status":"closed","template":"","meta":{"_kad_post_transparent":"default","_kad_post_title":"","_kad_post_layout":"default","_kad_post_sidebar_id":"","_kad_post_content_style":"default","_kad_post_vertical_padding":"default","_kad_post_feature":"","_kad_post_feature_position":"","_kad_post_header":false,"_kad_post_footer":false},"product_brand":[],"product_cat":[16,250,277],"product_tag":[],"class_list":{"0":"post-1098","1":"product","2":"type-product","3":"status-publish","4":"has-post-thumbnail","6":"product_cat-composants-electroniques","7":"product_cat-actifs","8":"product_cat-capteurs","10":"first","11":"instock","12":"taxable","13":"shipping-taxable","14":"purchasable","15":"product-type-simple","16":"entry","17":"content-bg","18":"loop-entry"},"_links":{"self":[{"href":"https:\/\/placedejeu.kameu-cm.com\/index.php?rest_route=\/wp\/v2\/product\/1098","targetHints":{"allow":["GET"]}}],"collection":[{"href":"https:\/\/placedejeu.kameu-cm.com\/index.php?rest_route=\/wp\/v2\/product"}],"about":[{"href":"https:\/\/placedejeu.kameu-cm.com\/index.php?rest_route=\/wp\/v2\/types\/product"}],"replies":[{"embeddable":true,"href":"https:\/\/placedejeu.kameu-cm.com\/index.php?rest_route=%2Fwp%2Fv2%2Fcomments&post=1098"}],"wp:featuredmedia":[{"embeddable":true,"href":"https:\/\/placedejeu.kameu-cm.com\/index.php?rest_route=\/wp\/v2\/media\/1099"}],"wp:attachment":[{"href":"https:\/\/placedejeu.kameu-cm.com\/index.php?rest_route=%2Fwp%2Fv2%2Fmedia&parent=1098"}],"wp:term":[{"taxonomy":"product_brand","embeddable":true,"href":"https:\/\/placedejeu.kameu-cm.com\/index.php?rest_route=%2Fwp%2Fv2%2Fproduct_brand&post=1098"},{"taxonomy":"product_cat","embeddable":true,"href":"https:\/\/placedejeu.kameu-cm.com\/index.php?rest_route=%2Fwp%2Fv2%2Fproduct_cat&post=1098"},{"taxonomy":"product_tag","embeddable":true,"href":"https:\/\/placedejeu.kameu-cm.com\/index.php?rest_route=%2Fwp%2Fv2%2Fproduct_tag&post=1098"}],"curies":[{"name":"wp","href":"https:\/\/api.w.org\/{rel}","templated":true}]}}