{"id":1100,"date":"2025-01-02T17:30:39","date_gmt":"2025-01-02T16:30:39","guid":{"rendered":"https:\/\/placedejeu.kameu-cm.com\/?post_type=product&#038;p=1100"},"modified":"2025-01-02T17:30:39","modified_gmt":"2025-01-02T16:30:39","slug":"capteur-ball-switch","status":"publish","type":"product","link":"https:\/\/placedejeu.kameu-cm.com\/?product=capteur-ball-switch","title":{"rendered":"Capteur Ball Switch"},"content":{"rendered":"<p>Le <strong>Ball Switch<\/strong> est un capteur qui utilise une bille m\u00e9tallique \u00e0 l&rsquo;int\u00e9rieur d&rsquo;un bo\u00eetier pour d\u00e9tecter les changements de position ou d&rsquo;inclinaison. Lorsque le capteur est inclin\u00e9 ou d\u00e9plac\u00e9, la bille entre en contact avec deux contacts \u00e9lectriques, activant ainsi le circuit. Ce type de capteur est couramment utilis\u00e9 dans les syst\u00e8mes d&rsquo;alarme, de s\u00e9curit\u00e9 et d&rsquo;automatisation, notamment pour d\u00e9tecter des mouvements ou des changements d&rsquo;orientation d&rsquo;un objet.<\/p>\n<p>Le Ball Switch est souvent int\u00e9gr\u00e9 dans des projets utilisant des microcontr\u00f4leurs comme Arduino pour des applications de d\u00e9tection simple, telles que l&rsquo;activation d&rsquo;alarmes lorsque des objets sont d\u00e9plac\u00e9s ou inclin\u00e9s. Sa conception compacte et sa fiabilit\u00e9 en font un choix id\u00e9al pour les syst\u00e8mes o\u00f9 une d\u00e9tection de mouvement ou de position est n\u00e9cessaire dans des environnements dynamiques.<\/p>\n","protected":false},"excerpt":{"rendered":"<ul>\n<li>Capteur \u00e0 bille qui d\u00e9tecte les changements de position ou d&rsquo;inclinaison.<\/li>\n<li>Activ\u00e9 lorsque la bille interne entre en contact avec deux contacts \u00e9lectriques.<\/li>\n<li>Utilis\u00e9 dans les syst\u00e8mes d&rsquo;alarme, de s\u00e9curit\u00e9, et d&rsquo;automatisation.<\/li>\n<li>Facile \u00e0 int\u00e9grer dans des projets Arduino et autres microcontr\u00f4leurs.<\/li>\n<li>Compact et fiable pour une d\u00e9tection simple d&rsquo;inclinaison ou de mouvement.<\/li>\n<\/ul>\n","protected":false},"featured_media":1101,"comment_status":"open","ping_status":"closed","template":"","meta":{"_kad_post_transparent":"default","_kad_post_title":"","_kad_post_layout":"default","_kad_post_sidebar_id":"","_kad_post_content_style":"default","_kad_post_vertical_padding":"default","_kad_post_feature":"","_kad_post_feature_position":"","_kad_post_header":false,"_kad_post_footer":false},"product_brand":[],"product_cat":[16,277],"product_tag":[],"class_list":{"0":"post-1100","1":"product","2":"type-product","3":"status-publish","4":"has-post-thumbnail","6":"product_cat-composants-electroniques","7":"product_cat-capteurs","9":"first","10":"instock","11":"taxable","12":"shipping-taxable","13":"purchasable","14":"product-type-simple","15":"entry","16":"content-bg","17":"loop-entry"},"_links":{"self":[{"href":"https:\/\/placedejeu.kameu-cm.com\/index.php?rest_route=\/wp\/v2\/product\/1100","targetHints":{"allow":["GET"]}}],"collection":[{"href":"https:\/\/placedejeu.kameu-cm.com\/index.php?rest_route=\/wp\/v2\/product"}],"about":[{"href":"https:\/\/placedejeu.kameu-cm.com\/index.php?rest_route=\/wp\/v2\/types\/product"}],"replies":[{"embeddable":true,"href":"https:\/\/placedejeu.kameu-cm.com\/index.php?rest_route=%2Fwp%2Fv2%2Fcomments&post=1100"}],"wp:featuredmedia":[{"embeddable":true,"href":"https:\/\/placedejeu.kameu-cm.com\/index.php?rest_route=\/wp\/v2\/media\/1101"}],"wp:attachment":[{"href":"https:\/\/placedejeu.kameu-cm.com\/index.php?rest_route=%2Fwp%2Fv2%2Fmedia&parent=1100"}],"wp:term":[{"taxonomy":"product_brand","embeddable":true,"href":"https:\/\/placedejeu.kameu-cm.com\/index.php?rest_route=%2Fwp%2Fv2%2Fproduct_brand&post=1100"},{"taxonomy":"product_cat","embeddable":true,"href":"https:\/\/placedejeu.kameu-cm.com\/index.php?rest_route=%2Fwp%2Fv2%2Fproduct_cat&post=1100"},{"taxonomy":"product_tag","embeddable":true,"href":"https:\/\/placedejeu.kameu-cm.com\/index.php?rest_route=%2Fwp%2Fv2%2Fproduct_tag&post=1100"}],"curies":[{"name":"wp","href":"https:\/\/api.w.org\/{rel}","templated":true}]}}