{"id":1108,"date":"2025-01-02T17:38:50","date_gmt":"2025-01-02T16:38:50","guid":{"rendered":"https:\/\/placedejeu.kameu-cm.com\/?post_type=product&#038;p=1108"},"modified":"2025-01-02T17:38:50","modified_gmt":"2025-01-02T16:38:50","slug":"capteur-avoid-detection-dobstacles","status":"publish","type":"product","link":"https:\/\/placedejeu.kameu-cm.com\/?product=capteur-avoid-detection-dobstacles","title":{"rendered":"Capteur Avoid (D\u00e9tection d&rsquo;Obstacles)"},"content":{"rendered":"<p>Le <strong>capteur de d\u00e9tection d&rsquo;obstacles (Avoid Sensor)<\/strong> est un dispositif utilis\u00e9 pour d\u00e9tecter la pr\u00e9sence d&rsquo;obstacles \u00e0 proximit\u00e9, g\u00e9n\u00e9ralement \u00e0 l\u2019aide de capteurs infrarouges ou ultrasoniques. Il mesure la distance entre le capteur et un objet et d\u00e9clenche une r\u00e9ponse en fonction de la distance d\u00e9tect\u00e9e. Ce type de capteur est principalement utilis\u00e9 dans les projets robotiques pour permettre \u00e0 un robot d\u2019\u00e9viter les collisions, en modifiant sa trajectoire en fonction des obstacles d\u00e9tect\u00e9s.<\/p>\n<p>Le capteur fournit soit une sortie analogique (variation continue en fonction de la distance), soit une sortie num\u00e9rique (indiquant si un obstacle est d\u00e9tect\u00e9 ou non). Facilement int\u00e9grable avec des plateformes comme Arduino, le capteur Avoid est largement utilis\u00e9 dans des projets de robotique, des syst\u00e8mes de navigation autonome, et des v\u00e9hicules intelligents pour assurer la s\u00e9curit\u00e9 et l\u2019efficacit\u00e9 lors du d\u00e9placement dans des environnements complexes.<\/p>\n","protected":false},"excerpt":{"rendered":"<ul>\n<li>D\u00e9tecte les obstacles \u00e0 l\u2019aide d\u2019un capteur infrarouge ou ultrasonique.<\/li>\n<li>Id\u00e9al pour les robots autonomes et les syst\u00e8mes de navigation.<\/li>\n<li>Fournit une sortie analogique ou num\u00e9rique pour l&rsquo;\u00e9vitement d&rsquo;obstacles.<\/li>\n<li>Facile \u00e0 int\u00e9grer avec Arduino et autres microcontr\u00f4leurs.<\/li>\n<li>Utilis\u00e9 pour \u00e9viter les collisions dans les projets robotiques.<\/li>\n<\/ul>\n","protected":false},"featured_media":1109,"comment_status":"open","ping_status":"closed","template":"","meta":{"_kad_post_transparent":"default","_kad_post_title":"","_kad_post_layout":"default","_kad_post_sidebar_id":"","_kad_post_content_style":"default","_kad_post_vertical_padding":"default","_kad_post_feature":"","_kad_post_feature_position":"","_kad_post_header":false,"_kad_post_footer":false},"product_brand":[],"product_cat":[16,250,277],"product_tag":[],"class_list":{"0":"post-1108","1":"product","2":"type-product","3":"status-publish","4":"has-post-thumbnail","6":"product_cat-composants-electroniques","7":"product_cat-actifs","8":"product_cat-capteurs","10":"first","11":"instock","12":"taxable","13":"shipping-taxable","14":"purchasable","15":"product-type-simple","16":"entry","17":"content-bg","18":"loop-entry"},"_links":{"self":[{"href":"https:\/\/placedejeu.kameu-cm.com\/index.php?rest_route=\/wp\/v2\/product\/1108","targetHints":{"allow":["GET"]}}],"collection":[{"href":"https:\/\/placedejeu.kameu-cm.com\/index.php?rest_route=\/wp\/v2\/product"}],"about":[{"href":"https:\/\/placedejeu.kameu-cm.com\/index.php?rest_route=\/wp\/v2\/types\/product"}],"replies":[{"embeddable":true,"href":"https:\/\/placedejeu.kameu-cm.com\/index.php?rest_route=%2Fwp%2Fv2%2Fcomments&post=1108"}],"wp:featuredmedia":[{"embeddable":true,"href":"https:\/\/placedejeu.kameu-cm.com\/index.php?rest_route=\/wp\/v2\/media\/1109"}],"wp:attachment":[{"href":"https:\/\/placedejeu.kameu-cm.com\/index.php?rest_route=%2Fwp%2Fv2%2Fmedia&parent=1108"}],"wp:term":[{"taxonomy":"product_brand","embeddable":true,"href":"https:\/\/placedejeu.kameu-cm.com\/index.php?rest_route=%2Fwp%2Fv2%2Fproduct_brand&post=1108"},{"taxonomy":"product_cat","embeddable":true,"href":"https:\/\/placedejeu.kameu-cm.com\/index.php?rest_route=%2Fwp%2Fv2%2Fproduct_cat&post=1108"},{"taxonomy":"product_tag","embeddable":true,"href":"https:\/\/placedejeu.kameu-cm.com\/index.php?rest_route=%2Fwp%2Fv2%2Fproduct_tag&post=1108"}],"curies":[{"name":"wp","href":"https:\/\/api.w.org\/{rel}","templated":true}]}}