{"id":1110,"date":"2025-01-02T17:40:20","date_gmt":"2025-01-02T16:40:20","guid":{"rendered":"https:\/\/placedejeu.kameu-cm.com\/?post_type=product&#038;p=1110"},"modified":"2025-01-02T17:40:20","modified_gmt":"2025-01-02T16:40:20","slug":"capteur-tracking","status":"publish","type":"product","link":"https:\/\/placedejeu.kameu-cm.com\/?product=capteur-tracking","title":{"rendered":"Capteur Tracking"},"content":{"rendered":"<p>Le <strong>capteur de suivi (Tracking Sensor)<\/strong> est utilis\u00e9 principalement pour d\u00e9tecter des lignes ou des pistes au sol, ce qui le rend essentiel dans des projets de robot suiveur de ligne. Il fonctionne g\u00e9n\u00e9ralement \u00e0 l\u2019aide de capteurs infrarouges qui \u00e9mettent et re\u00e7oivent un signal r\u00e9fl\u00e9chi par la surface. Le capteur est capable de diff\u00e9rencier les lignes noires des surfaces blanches ou vice versa, permettant au robot de suivre une trajectoire pr\u00e9d\u00e9termin\u00e9e.<\/p>\n<p>Ce capteur fournit une sortie num\u00e9rique, indiquant si le robot est au-dessus d&rsquo;une ligne ou non, ce qui permet de faire des ajustements de direction en temps r\u00e9el. Il est couramment utilis\u00e9 dans des projets robotiques, notamment pour des comp\u00e9titions de robots suiveurs de ligne ou des applications industrielles o\u00f9 la pr\u00e9cision de d\u00e9placement est requise. Facile \u00e0 utiliser avec des microcontr\u00f4leurs comme Arduino, le capteur Tracking est indispensable pour toute application de suivi de piste ou de contr\u00f4le de trajectoire automatis\u00e9.<\/p>\n","protected":false},"excerpt":{"rendered":"<ul>\n<li>D\u00e9tecte les lignes ou les pistes pour le suivi.<\/li>\n<li>Utilis\u00e9 dans les robots suiveurs de ligne.<\/li>\n<li>Fournit une sortie num\u00e9rique pour indiquer la pr\u00e9sence d&rsquo;une ligne noire ou blanche.<\/li>\n<li>Facile \u00e0 int\u00e9grer avec Arduino et autres microcontr\u00f4leurs.<\/li>\n<li>Id\u00e9al pour les projets de robotique et d&rsquo;automatisation.<\/li>\n<\/ul>\n","protected":false},"featured_media":1111,"comment_status":"open","ping_status":"closed","template":"","meta":{"_kad_post_transparent":"default","_kad_post_title":"","_kad_post_layout":"default","_kad_post_sidebar_id":"","_kad_post_content_style":"default","_kad_post_vertical_padding":"default","_kad_post_feature":"","_kad_post_feature_position":"","_kad_post_header":false,"_kad_post_footer":false},"product_brand":[],"product_cat":[16,277],"product_tag":[],"class_list":{"0":"post-1110","1":"product","2":"type-product","3":"status-publish","4":"has-post-thumbnail","6":"product_cat-composants-electroniques","7":"product_cat-capteurs","9":"first","10":"instock","11":"taxable","12":"shipping-taxable","13":"purchasable","14":"product-type-simple","15":"entry","16":"content-bg","17":"loop-entry"},"_links":{"self":[{"href":"https:\/\/placedejeu.kameu-cm.com\/index.php?rest_route=\/wp\/v2\/product\/1110","targetHints":{"allow":["GET"]}}],"collection":[{"href":"https:\/\/placedejeu.kameu-cm.com\/index.php?rest_route=\/wp\/v2\/product"}],"about":[{"href":"https:\/\/placedejeu.kameu-cm.com\/index.php?rest_route=\/wp\/v2\/types\/product"}],"replies":[{"embeddable":true,"href":"https:\/\/placedejeu.kameu-cm.com\/index.php?rest_route=%2Fwp%2Fv2%2Fcomments&post=1110"}],"wp:featuredmedia":[{"embeddable":true,"href":"https:\/\/placedejeu.kameu-cm.com\/index.php?rest_route=\/wp\/v2\/media\/1111"}],"wp:attachment":[{"href":"https:\/\/placedejeu.kameu-cm.com\/index.php?rest_route=%2Fwp%2Fv2%2Fmedia&parent=1110"}],"wp:term":[{"taxonomy":"product_brand","embeddable":true,"href":"https:\/\/placedejeu.kameu-cm.com\/index.php?rest_route=%2Fwp%2Fv2%2Fproduct_brand&post=1110"},{"taxonomy":"product_cat","embeddable":true,"href":"https:\/\/placedejeu.kameu-cm.com\/index.php?rest_route=%2Fwp%2Fv2%2Fproduct_cat&post=1110"},{"taxonomy":"product_tag","embeddable":true,"href":"https:\/\/placedejeu.kameu-cm.com\/index.php?rest_route=%2Fwp%2Fv2%2Fproduct_tag&post=1110"}],"curies":[{"name":"wp","href":"https:\/\/api.w.org\/{rel}","templated":true}]}}