{"id":1112,"date":"2025-01-02T17:41:46","date_gmt":"2025-01-02T16:41:46","guid":{"rendered":"https:\/\/placedejeu.kameu-cm.com\/?post_type=product&#038;p=1112"},"modified":"2025-01-02T17:41:46","modified_gmt":"2025-01-02T16:41:46","slug":"capteur-de-son","status":"publish","type":"product","link":"https:\/\/placedejeu.kameu-cm.com\/?product=capteur-de-son","title":{"rendered":"Capteur de Son"},"content":{"rendered":"<p>Le <strong>capteur de son<\/strong> (Small Sound Sensor) est un dispositif \u00e9lectronique con\u00e7u pour d\u00e9tecter les variations de bruit ou de son dans l&rsquo;environnement. Il capte les vibrations sonores et les convertit en signaux \u00e9lectriques, ce qui permet de mesurer le niveau sonore. Ce capteur peut fournir soit une sortie analogique, proportionnelle \u00e0 l\u2019intensit\u00e9 du son, soit une sortie num\u00e9rique, activ\u00e9e lorsque le son d\u00e9passe un certain seuil.<\/p>\n<p>Les capteurs de son sont fr\u00e9quemment utilis\u00e9s dans des projets interactifs et de surveillance sonore, comme les alarmes, les syst\u00e8mes de d\u00e9tection de claps, ou les commandes vocales de base. Ils sont faciles \u00e0 int\u00e9grer avec des plateformes telles qu&rsquo;Arduino pour d\u00e9clencher des actions sp\u00e9cifiques en r\u00e9ponse \u00e0 des bruits d\u00e9tect\u00e9s, rendant ce capteur id\u00e9al pour les projets d\u2019automatisation ou d\u2019interaction sensible au son. Il peut \u00eatre utilis\u00e9 dans des environnements domestiques, industriels ou \u00e9ducatifs pour surveiller ou r\u00e9agir \u00e0 des \u00e9v\u00e9nements sonores.<\/p>\n","protected":false},"excerpt":{"rendered":"<ul>\n<li>D\u00e9tecte les variations sonores dans l\u2019environnement.<\/li>\n<li>Fournit une sortie analogique ou num\u00e9rique selon le niveau sonore d\u00e9tect\u00e9.<\/li>\n<li>Utilis\u00e9 dans les projets de d\u00e9tection sonore, d\u2019interaction par le bruit, et de surveillance.<\/li>\n<li>Facile \u00e0 int\u00e9grer avec Arduino et autres microcontr\u00f4leurs.<\/li>\n<li>Id\u00e9al pour des projets d\u2019alarme, de d\u00e9tection de claps, et de commandes bas\u00e9es sur le son.<\/li>\n<\/ul>\n","protected":false},"featured_media":1113,"comment_status":"open","ping_status":"closed","template":"","meta":{"_kad_post_transparent":"default","_kad_post_title":"","_kad_post_layout":"default","_kad_post_sidebar_id":"","_kad_post_content_style":"default","_kad_post_vertical_padding":"default","_kad_post_feature":"","_kad_post_feature_position":"","_kad_post_header":false,"_kad_post_footer":false},"product_brand":[],"product_cat":[16,250,277],"product_tag":[],"class_list":{"0":"post-1112","1":"product","2":"type-product","3":"status-publish","4":"has-post-thumbnail","6":"product_cat-composants-electroniques","7":"product_cat-actifs","8":"product_cat-capteurs","10":"first","11":"instock","12":"taxable","13":"shipping-taxable","14":"purchasable","15":"product-type-simple","16":"entry","17":"content-bg","18":"loop-entry"},"_links":{"self":[{"href":"https:\/\/placedejeu.kameu-cm.com\/index.php?rest_route=\/wp\/v2\/product\/1112","targetHints":{"allow":["GET"]}}],"collection":[{"href":"https:\/\/placedejeu.kameu-cm.com\/index.php?rest_route=\/wp\/v2\/product"}],"about":[{"href":"https:\/\/placedejeu.kameu-cm.com\/index.php?rest_route=\/wp\/v2\/types\/product"}],"replies":[{"embeddable":true,"href":"https:\/\/placedejeu.kameu-cm.com\/index.php?rest_route=%2Fwp%2Fv2%2Fcomments&post=1112"}],"wp:featuredmedia":[{"embeddable":true,"href":"https:\/\/placedejeu.kameu-cm.com\/index.php?rest_route=\/wp\/v2\/media\/1113"}],"wp:attachment":[{"href":"https:\/\/placedejeu.kameu-cm.com\/index.php?rest_route=%2Fwp%2Fv2%2Fmedia&parent=1112"}],"wp:term":[{"taxonomy":"product_brand","embeddable":true,"href":"https:\/\/placedejeu.kameu-cm.com\/index.php?rest_route=%2Fwp%2Fv2%2Fproduct_brand&post=1112"},{"taxonomy":"product_cat","embeddable":true,"href":"https:\/\/placedejeu.kameu-cm.com\/index.php?rest_route=%2Fwp%2Fv2%2Fproduct_cat&post=1112"},{"taxonomy":"product_tag","embeddable":true,"href":"https:\/\/placedejeu.kameu-cm.com\/index.php?rest_route=%2Fwp%2Fv2%2Fproduct_tag&post=1112"}],"curies":[{"name":"wp","href":"https:\/\/api.w.org\/{rel}","templated":true}]}}