{"id":1116,"date":"2025-01-02T17:45:09","date_gmt":"2025-01-02T16:45:09","guid":{"rendered":"https:\/\/placedejeu.kameu-cm.com\/?post_type=product&#038;p=1116"},"modified":"2025-01-02T17:45:09","modified_gmt":"2025-01-02T16:45:09","slug":"module-relais","status":"publish","type":"product","link":"https:\/\/placedejeu.kameu-cm.com\/?product=module-relais","title":{"rendered":"Module Relais"},"content":{"rendered":"<p>Le <strong>module relais<\/strong> est un dispositif utilis\u00e9 pour contr\u00f4ler des charges \u00e9lectriques \u00e9lev\u00e9es ou des appareils fonctionnant sous tension AC ou DC, \u00e0 l\u2019aide d\u2019un signal faible provenant d\u2019un microcontr\u00f4leur ou d\u2019un circuit de commande. Il agit comme un interrupteur, permettant de s\u00e9parer le circuit de commande basse tension du circuit de puissance. Cela le rend id\u00e9al pour contr\u00f4ler des appareils comme des moteurs, des lampes, des ventilateurs, ou des appareils \u00e9lectrom\u00e9nagers.<\/p>\n<p>Le relais est souvent utilis\u00e9 dans des projets de domotique, d\u2019automatisation industrielle, et de syst\u00e8mes de s\u00e9curit\u00e9 pour permettre un contr\u00f4le \u00e0 distance des appareils \u00e9lectriques. Les modules relais peuvent \u00eatre simples (1 canal) ou multi-canaux (jusqu&rsquo;\u00e0 8 canaux ou plus), et sont faciles \u00e0 connecter avec des plateformes comme Arduino, Raspberry Pi, ou d\u2019autres microcontr\u00f4leurs. Gr\u00e2ce \u00e0 leur capacit\u00e9 \u00e0 g\u00e9rer de grandes charges \u00e9lectriques tout en utilisant un signal de commande faible, les relais sont essentiels dans de nombreux projets \u00e9lectroniques n\u00e9cessitant une s\u00e9paration s\u00e9curis\u00e9e entre la commande et la puissance.<\/p>\n","protected":false},"excerpt":{"rendered":"<ul>\n<li>Permet de contr\u00f4ler des charges \u00e9lectriques \u00e9lev\u00e9es avec des signaux faibles.<\/li>\n<li>Utilis\u00e9 pour la commutation de circuits AC ou DC.<\/li>\n<li>Facile \u00e0 int\u00e9grer avec Arduino et autres microcontr\u00f4leurs.<\/li>\n<li>Id\u00e9al pour les projets de domotique, automatisation et contr\u00f4le \u00e0 distance.<\/li>\n<li>Disponible en versions 1 canal, 2 canaux, 4 canaux, etc.<\/li>\n<\/ul>\n","protected":false},"featured_media":1117,"comment_status":"open","ping_status":"closed","template":"","meta":{"_kad_post_transparent":"default","_kad_post_title":"","_kad_post_layout":"default","_kad_post_sidebar_id":"","_kad_post_content_style":"default","_kad_post_vertical_padding":"default","_kad_post_feature":"","_kad_post_feature_position":"","_kad_post_header":false,"_kad_post_footer":false},"product_brand":[],"product_cat":[16,277],"product_tag":[],"class_list":{"0":"post-1116","1":"product","2":"type-product","3":"status-publish","4":"has-post-thumbnail","6":"product_cat-composants-electroniques","7":"product_cat-capteurs","9":"first","10":"instock","11":"taxable","12":"shipping-taxable","13":"purchasable","14":"product-type-simple","15":"entry","16":"content-bg","17":"loop-entry"},"_links":{"self":[{"href":"https:\/\/placedejeu.kameu-cm.com\/index.php?rest_route=\/wp\/v2\/product\/1116","targetHints":{"allow":["GET"]}}],"collection":[{"href":"https:\/\/placedejeu.kameu-cm.com\/index.php?rest_route=\/wp\/v2\/product"}],"about":[{"href":"https:\/\/placedejeu.kameu-cm.com\/index.php?rest_route=\/wp\/v2\/types\/product"}],"replies":[{"embeddable":true,"href":"https:\/\/placedejeu.kameu-cm.com\/index.php?rest_route=%2Fwp%2Fv2%2Fcomments&post=1116"}],"wp:featuredmedia":[{"embeddable":true,"href":"https:\/\/placedejeu.kameu-cm.com\/index.php?rest_route=\/wp\/v2\/media\/1117"}],"wp:attachment":[{"href":"https:\/\/placedejeu.kameu-cm.com\/index.php?rest_route=%2Fwp%2Fv2%2Fmedia&parent=1116"}],"wp:term":[{"taxonomy":"product_brand","embeddable":true,"href":"https:\/\/placedejeu.kameu-cm.com\/index.php?rest_route=%2Fwp%2Fv2%2Fproduct_brand&post=1116"},{"taxonomy":"product_cat","embeddable":true,"href":"https:\/\/placedejeu.kameu-cm.com\/index.php?rest_route=%2Fwp%2Fv2%2Fproduct_cat&post=1116"},{"taxonomy":"product_tag","embeddable":true,"href":"https:\/\/placedejeu.kameu-cm.com\/index.php?rest_route=%2Fwp%2Fv2%2Fproduct_tag&post=1116"}],"curies":[{"name":"wp","href":"https:\/\/api.w.org\/{rel}","templated":true}]}}