{"id":112,"date":"2024-11-28T16:27:10","date_gmt":"2024-11-28T15:27:10","guid":{"rendered":"https:\/\/placedejeu.kameu-cm.com\/?post_type=product&#038;p=112"},"modified":"2025-02-07T13:22:33","modified_gmt":"2025-02-07T12:22:33","slug":"enregistreur-de-sons-1501820","status":"publish","type":"product","link":"https:\/\/placedejeu.kameu-cm.com\/?product=enregistreur-de-sons-1501820","title":{"rendered":"Capteur module vocale d&rsquo;enregistrement  ISD1820"},"content":{"rendered":"<p>L&rsquo;ISD1820 est un module de reproduction et d&rsquo;enregistrement vocal qui permet d&rsquo;enregistrer et de restituer des messages audio de courte dur\u00e9e (environ 10 secondes). Il est bas\u00e9 sur une puce d\u00e9di\u00e9e \u00e0 l&rsquo;enregistrement vocal, offrant une solution simple et rapide pour int\u00e9grer des fonctionnalit\u00e9s de message vocal dans des projets \u00e9lectroniques. Ce module est tr\u00e8s utilis\u00e9 dans les syst\u00e8mes embarqu\u00e9s, les jouets interactifs, les syst\u00e8mes d&rsquo;alarme, et divers projets n\u00e9cessitant la reproduction vocale.<\/p>\n<p>L&rsquo;ISD1820 est facile \u00e0 utiliser gr\u00e2ce \u00e0 ses boutons int\u00e9gr\u00e9s pour l&rsquo;enregistrement et la lecture des messages, et il peut \u00e9galement \u00eatre contr\u00f4l\u00e9 par des signaux externes, tels qu&rsquo;un microcontr\u00f4leur Arduino, pour d\u00e9clencher l\u2019enregistrement ou la lecture de mani\u00e8re automatique. Le module comprend un microphone int\u00e9gr\u00e9 pour l\u2019enregistrement direct et un amplificateur pour connecter un haut-parleur, rendant inutile l&rsquo;ajout d&rsquo;\u00e9quipements externes pour ces fonctions.<\/p>\n<p>Gr\u00e2ce \u00e0 sa simplicit\u00e9 d\u2019utilisation et \u00e0 son prix abordable, l\u2019ISD1820 est un excellent choix pour des projets \u00e9ducatifs ou des syst\u00e8mes n\u00e9cessitant un retour audio vocal. Il est id\u00e9al pour ajouter des messages personnalis\u00e9s \u00e0 des appareils interactifs ou pour cr\u00e9er des syst\u00e8mes d&rsquo;alerte vocale.<\/p>\n","protected":false},"excerpt":{"rendered":"<ul>\n<li>Module d&rsquo;enregistrement et de reproduction vocale.<\/li>\n<li>Permet d&rsquo;enregistrer et de lire des messages de 10 secondes.<\/li>\n<li>Utilisable dans les jouets interactifs, syst\u00e8mes d&rsquo;alarme, projets \u00e9ducatifs.<\/li>\n<li>Microphone int\u00e9gr\u00e9 et amplificateur pour haut-parleur.<\/li>\n<li>Contr\u00f4lable via boutons ou microcontr\u00f4leurs (ex: Arduino).<\/li>\n<\/ul>\n","protected":false},"featured_media":1982,"comment_status":"open","ping_status":"closed","template":"","meta":{"_kad_post_transparent":"default","_kad_post_title":"","_kad_post_layout":"default","_kad_post_sidebar_id":"","_kad_post_content_style":"default","_kad_post_vertical_padding":"default","_kad_post_feature":"","_kad_post_feature_position":"","_kad_post_header":false,"_kad_post_footer":false},"product_brand":[],"product_cat":[16,250,277],"product_tag":[],"class_list":{"0":"post-112","1":"product","2":"type-product","3":"status-publish","4":"has-post-thumbnail","6":"product_cat-composants-electroniques","7":"product_cat-actifs","8":"product_cat-capteurs","10":"first","11":"instock","12":"taxable","13":"shipping-taxable","14":"purchasable","15":"product-type-simple","16":"entry","17":"content-bg","18":"loop-entry"},"_links":{"self":[{"href":"https:\/\/placedejeu.kameu-cm.com\/index.php?rest_route=\/wp\/v2\/product\/112","targetHints":{"allow":["GET"]}}],"collection":[{"href":"https:\/\/placedejeu.kameu-cm.com\/index.php?rest_route=\/wp\/v2\/product"}],"about":[{"href":"https:\/\/placedejeu.kameu-cm.com\/index.php?rest_route=\/wp\/v2\/types\/product"}],"replies":[{"embeddable":true,"href":"https:\/\/placedejeu.kameu-cm.com\/index.php?rest_route=%2Fwp%2Fv2%2Fcomments&post=112"}],"wp:featuredmedia":[{"embeddable":true,"href":"https:\/\/placedejeu.kameu-cm.com\/index.php?rest_route=\/wp\/v2\/media\/1982"}],"wp:attachment":[{"href":"https:\/\/placedejeu.kameu-cm.com\/index.php?rest_route=%2Fwp%2Fv2%2Fmedia&parent=112"}],"wp:term":[{"taxonomy":"product_brand","embeddable":true,"href":"https:\/\/placedejeu.kameu-cm.com\/index.php?rest_route=%2Fwp%2Fv2%2Fproduct_brand&post=112"},{"taxonomy":"product_cat","embeddable":true,"href":"https:\/\/placedejeu.kameu-cm.com\/index.php?rest_route=%2Fwp%2Fv2%2Fproduct_cat&post=112"},{"taxonomy":"product_tag","embeddable":true,"href":"https:\/\/placedejeu.kameu-cm.com\/index.php?rest_route=%2Fwp%2Fv2%2Fproduct_tag&post=112"}],"curies":[{"name":"wp","href":"https:\/\/api.w.org\/{rel}","templated":true}]}}