{"id":1120,"date":"2025-01-02T17:49:52","date_gmt":"2025-01-02T16:49:52","guid":{"rendered":"https:\/\/placedejeu.kameu-cm.com\/?post_type=product&#038;p=1120"},"modified":"2025-01-02T17:49:52","modified_gmt":"2025-01-02T16:49:52","slug":"capteur-tactile","status":"publish","type":"product","link":"https:\/\/placedejeu.kameu-cm.com\/?product=capteur-tactile","title":{"rendered":"Capteur Tactile"},"content":{"rendered":"<p>Le <strong>capteur tactile<\/strong> est un dispositif utilis\u00e9 pour d\u00e9tecter la pr\u00e9sence d&rsquo;un contact ou d&rsquo;une pression physique. Lorsqu&rsquo;une personne ou un objet touche la surface du capteur, celui-ci enregistre l&rsquo;interaction et g\u00e9n\u00e8re une sortie qui peut \u00eatre num\u00e9rique (simple contact) ou analogique (mesurant l\u2019intensit\u00e9 ou la dur\u00e9e du contact). Ces capteurs sont largement utilis\u00e9s dans des applications modernes comme les interfaces utilisateur sans bouton, les interrupteurs tactiles, ou les dispositifs interactifs.<\/p>\n<p>Les capteurs tactiles sont couramment int\u00e9gr\u00e9s dans des syst\u00e8mes domotiques, des appareils \u00e9lectroniques, ou des dispositifs portables, permettant un contr\u00f4le par simple contact. Facile \u00e0 utiliser avec des plateformes comme Arduino, ils sont id\u00e9aux pour les projets o\u00f9 une interface utilisateur fluide et r\u00e9active est n\u00e9cessaire. Leur sensibilit\u00e9 aux interactions physiques les rend \u00e9galement populaires dans les syst\u00e8mes de s\u00e9curit\u00e9 ou d&rsquo;automatisation, o\u00f9 la d\u00e9tection tactile remplace les boutons m\u00e9caniques traditionnels.<\/p>\n","protected":false},"excerpt":{"rendered":"<ul>\n<li>D\u00e9tecte le contact ou la pression physique.<\/li>\n<li>Fournit une sortie num\u00e9rique ou analogique selon la force ou la dur\u00e9e du contact.<\/li>\n<li>Utilis\u00e9 dans les interfaces tactiles, les interrupteurs sans bouton, et les appareils interactifs.<\/li>\n<li>Facile \u00e0 int\u00e9grer avec Arduino et autres microcontr\u00f4leurs.<\/li>\n<li>Id\u00e9al pour les projets de domotique, d\u2019automatisation, et d\u2019interaction utilisateur.<\/li>\n<\/ul>\n","protected":false},"featured_media":1121,"comment_status":"open","ping_status":"closed","template":"","meta":{"_kad_post_transparent":"default","_kad_post_title":"","_kad_post_layout":"default","_kad_post_sidebar_id":"","_kad_post_content_style":"default","_kad_post_vertical_padding":"default","_kad_post_feature":"","_kad_post_feature_position":"","_kad_post_header":false,"_kad_post_footer":false},"product_brand":[],"product_cat":[16,250,277],"product_tag":[],"class_list":{"0":"post-1120","1":"product","2":"type-product","3":"status-publish","4":"has-post-thumbnail","6":"product_cat-composants-electroniques","7":"product_cat-actifs","8":"product_cat-capteurs","10":"first","11":"instock","12":"taxable","13":"shipping-taxable","14":"purchasable","15":"product-type-simple","16":"entry","17":"content-bg","18":"loop-entry"},"_links":{"self":[{"href":"https:\/\/placedejeu.kameu-cm.com\/index.php?rest_route=\/wp\/v2\/product\/1120","targetHints":{"allow":["GET"]}}],"collection":[{"href":"https:\/\/placedejeu.kameu-cm.com\/index.php?rest_route=\/wp\/v2\/product"}],"about":[{"href":"https:\/\/placedejeu.kameu-cm.com\/index.php?rest_route=\/wp\/v2\/types\/product"}],"replies":[{"embeddable":true,"href":"https:\/\/placedejeu.kameu-cm.com\/index.php?rest_route=%2Fwp%2Fv2%2Fcomments&post=1120"}],"wp:featuredmedia":[{"embeddable":true,"href":"https:\/\/placedejeu.kameu-cm.com\/index.php?rest_route=\/wp\/v2\/media\/1121"}],"wp:attachment":[{"href":"https:\/\/placedejeu.kameu-cm.com\/index.php?rest_route=%2Fwp%2Fv2%2Fmedia&parent=1120"}],"wp:term":[{"taxonomy":"product_brand","embeddable":true,"href":"https:\/\/placedejeu.kameu-cm.com\/index.php?rest_route=%2Fwp%2Fv2%2Fproduct_brand&post=1120"},{"taxonomy":"product_cat","embeddable":true,"href":"https:\/\/placedejeu.kameu-cm.com\/index.php?rest_route=%2Fwp%2Fv2%2Fproduct_cat&post=1120"},{"taxonomy":"product_tag","embeddable":true,"href":"https:\/\/placedejeu.kameu-cm.com\/index.php?rest_route=%2Fwp%2Fv2%2Fproduct_tag&post=1120"}],"curies":[{"name":"wp","href":"https:\/\/api.w.org\/{rel}","templated":true}]}}