{"id":1124,"date":"2025-01-02T17:55:26","date_gmt":"2025-01-02T16:55:26","guid":{"rendered":"https:\/\/placedejeu.kameu-cm.com\/?post_type=product&#038;p=1124"},"modified":"2025-01-02T17:55:26","modified_gmt":"2025-01-02T16:55:26","slug":"buzzer-passif","status":"publish","type":"product","link":"https:\/\/placedejeu.kameu-cm.com\/?product=buzzer-passif","title":{"rendered":"Buzzer Passif"},"content":{"rendered":"<p>Le <strong>buzzer passif<\/strong> est un dispositif sonore qui \u00e9met des sons lorsqu&rsquo;une impulsion \u00e9lectrique lui est appliqu\u00e9e. Contrairement aux buzzers actifs, qui produisent des sons en continu lorsqu&rsquo;ils sont aliment\u00e9s, un buzzer passif n\u00e9cessite une fr\u00e9quence externe pour g\u00e9n\u00e9rer un son, ce qui le rend plus flexible dans le contr\u00f4le des tonalit\u00e9s.<\/p>\n<p>Il est couramment utilis\u00e9 dans les syst\u00e8mes d&rsquo;alarme, de notification sonore, ou d&rsquo;indication dans divers projets \u00e9lectroniques. En raison de sa simplicit\u00e9 et de sa capacit\u00e9 \u00e0 produire une vari\u00e9t\u00e9 de sons selon la fr\u00e9quence appliqu\u00e9e, il est particuli\u00e8rement adapt\u00e9 aux syst\u00e8mes embarqu\u00e9s et aux projets interactifs. Le buzzer passif est souvent utilis\u00e9 avec des microcontr\u00f4leurs comme Arduino pour \u00e9mettre des signaux sonores dans des applications de s\u00e9curit\u00e9, de contr\u00f4le, ou de feedback utilisateur.<\/p>\n","protected":false},"excerpt":{"rendered":"<ul>\n<li>\u00c9met des sons en r\u00e9ponse \u00e0 une impulsion \u00e9lectrique.<\/li>\n<li>N\u00e9cessite une fr\u00e9quence de signal pour produire des sons.<\/li>\n<li>Utilis\u00e9 dans les alarmes, notifications sonores et syst\u00e8mes d&rsquo;alerte.<\/li>\n<li>Facile \u00e0 int\u00e9grer avec Arduino et autres microcontr\u00f4leurs.<\/li>\n<li>Id\u00e9al pour des projets interactifs et d&rsquo;indication sonore.<\/li>\n<\/ul>\n","protected":false},"featured_media":1125,"comment_status":"open","ping_status":"closed","template":"","meta":{"_kad_post_transparent":"default","_kad_post_title":"","_kad_post_layout":"default","_kad_post_sidebar_id":"","_kad_post_content_style":"default","_kad_post_vertical_padding":"default","_kad_post_feature":"","_kad_post_feature_position":"","_kad_post_header":false,"_kad_post_footer":false},"product_brand":[],"product_cat":[16,250,277],"product_tag":[],"class_list":{"0":"post-1124","1":"product","2":"type-product","3":"status-publish","4":"has-post-thumbnail","6":"product_cat-composants-electroniques","7":"product_cat-actifs","8":"product_cat-capteurs","10":"first","11":"instock","12":"taxable","13":"shipping-taxable","14":"purchasable","15":"product-type-simple","16":"entry","17":"content-bg","18":"loop-entry"},"_links":{"self":[{"href":"https:\/\/placedejeu.kameu-cm.com\/index.php?rest_route=\/wp\/v2\/product\/1124","targetHints":{"allow":["GET"]}}],"collection":[{"href":"https:\/\/placedejeu.kameu-cm.com\/index.php?rest_route=\/wp\/v2\/product"}],"about":[{"href":"https:\/\/placedejeu.kameu-cm.com\/index.php?rest_route=\/wp\/v2\/types\/product"}],"replies":[{"embeddable":true,"href":"https:\/\/placedejeu.kameu-cm.com\/index.php?rest_route=%2Fwp%2Fv2%2Fcomments&post=1124"}],"wp:featuredmedia":[{"embeddable":true,"href":"https:\/\/placedejeu.kameu-cm.com\/index.php?rest_route=\/wp\/v2\/media\/1125"}],"wp:attachment":[{"href":"https:\/\/placedejeu.kameu-cm.com\/index.php?rest_route=%2Fwp%2Fv2%2Fmedia&parent=1124"}],"wp:term":[{"taxonomy":"product_brand","embeddable":true,"href":"https:\/\/placedejeu.kameu-cm.com\/index.php?rest_route=%2Fwp%2Fv2%2Fproduct_brand&post=1124"},{"taxonomy":"product_cat","embeddable":true,"href":"https:\/\/placedejeu.kameu-cm.com\/index.php?rest_route=%2Fwp%2Fv2%2Fproduct_cat&post=1124"},{"taxonomy":"product_tag","embeddable":true,"href":"https:\/\/placedejeu.kameu-cm.com\/index.php?rest_route=%2Fwp%2Fv2%2Fproduct_tag&post=1124"}],"curies":[{"name":"wp","href":"https:\/\/api.w.org\/{rel}","templated":true}]}}