{"id":1126,"date":"2025-01-02T17:58:04","date_gmt":"2025-01-02T16:58:04","guid":{"rendered":"https:\/\/placedejeu.kameu-cm.com\/?post_type=product&#038;p=1126"},"modified":"2025-01-02T17:58:04","modified_gmt":"2025-01-02T16:58:04","slug":"mini-reed-sensor","status":"publish","type":"product","link":"https:\/\/placedejeu.kameu-cm.com\/?product=mini-reed-sensor","title":{"rendered":"Mini Reed Sensor"},"content":{"rendered":"<p>Le <strong>mini capteur reed<\/strong> est un petit dispositif qui utilise un interrupteur reed pour d\u00e9tecter la pr\u00e9sence d&rsquo;un champ magn\u00e9tique. Lorsque le capteur est expos\u00e9 \u00e0 un champ magn\u00e9tique, le contact reed \u00e0 l&rsquo;int\u00e9rieur du capteur se ferme ou s&rsquo;ouvre, g\u00e9n\u00e9rant ainsi une r\u00e9ponse dans le circuit. Gr\u00e2ce \u00e0 sa petite taille, il est particuli\u00e8rement adapt\u00e9 aux applications o\u00f9 l&rsquo;espace est limit\u00e9, telles que les syst\u00e8mes de s\u00e9curit\u00e9, la d\u00e9tection de position, ou les m\u00e9canismes de fermeture de porte.<\/p>\n<p>Le mini capteur reed est couramment utilis\u00e9 dans des syst\u00e8mes de d\u00e9tection de porte ou de fen\u00eatre, des alarmes de s\u00e9curit\u00e9, ou des dispositifs d&rsquo;automatisation o\u00f9 une d\u00e9tection discr\u00e8te du mouvement ou de l&rsquo;ouverture\/fermeture est n\u00e9cessaire. Il est compatible avec des microcontr\u00f4leurs comme Arduino, ce qui permet de l&rsquo;int\u00e9grer facilement dans des projets de domotique, de s\u00e9curit\u00e9, ou d&rsquo;interaction magn\u00e9tique.<\/p>\n","protected":false},"excerpt":{"rendered":"<ul>\n<li>D\u00e9tecte la pr\u00e9sence d&rsquo;un champ magn\u00e9tique \u00e0 l&rsquo;aide d&rsquo;un interrupteur reed.<\/li>\n<li>Petite taille, id\u00e9ale pour des applications discr\u00e8tes.<\/li>\n<li>Utilis\u00e9 dans les syst\u00e8mes de d\u00e9tection de porte, s\u00e9curit\u00e9, et automatisation.<\/li>\n<li>Fonctionne en ouverture ou fermeture en r\u00e9ponse \u00e0 un champ magn\u00e9tique.<\/li>\n<li>Facile \u00e0 int\u00e9grer avec Arduino et autres microcontr\u00f4leurs.<\/li>\n<\/ul>\n","protected":false},"featured_media":1127,"comment_status":"open","ping_status":"closed","template":"","meta":{"_kad_post_transparent":"default","_kad_post_title":"","_kad_post_layout":"default","_kad_post_sidebar_id":"","_kad_post_content_style":"default","_kad_post_vertical_padding":"default","_kad_post_feature":"","_kad_post_feature_position":"","_kad_post_header":false,"_kad_post_footer":false},"product_brand":[],"product_cat":[16,250,277],"product_tag":[],"class_list":{"0":"post-1126","1":"product","2":"type-product","3":"status-publish","4":"has-post-thumbnail","6":"product_cat-composants-electroniques","7":"product_cat-actifs","8":"product_cat-capteurs","10":"first","11":"instock","12":"taxable","13":"shipping-taxable","14":"purchasable","15":"product-type-simple","16":"entry","17":"content-bg","18":"loop-entry"},"_links":{"self":[{"href":"https:\/\/placedejeu.kameu-cm.com\/index.php?rest_route=\/wp\/v2\/product\/1126","targetHints":{"allow":["GET"]}}],"collection":[{"href":"https:\/\/placedejeu.kameu-cm.com\/index.php?rest_route=\/wp\/v2\/product"}],"about":[{"href":"https:\/\/placedejeu.kameu-cm.com\/index.php?rest_route=\/wp\/v2\/types\/product"}],"replies":[{"embeddable":true,"href":"https:\/\/placedejeu.kameu-cm.com\/index.php?rest_route=%2Fwp%2Fv2%2Fcomments&post=1126"}],"wp:featuredmedia":[{"embeddable":true,"href":"https:\/\/placedejeu.kameu-cm.com\/index.php?rest_route=\/wp\/v2\/media\/1127"}],"wp:attachment":[{"href":"https:\/\/placedejeu.kameu-cm.com\/index.php?rest_route=%2Fwp%2Fv2%2Fmedia&parent=1126"}],"wp:term":[{"taxonomy":"product_brand","embeddable":true,"href":"https:\/\/placedejeu.kameu-cm.com\/index.php?rest_route=%2Fwp%2Fv2%2Fproduct_brand&post=1126"},{"taxonomy":"product_cat","embeddable":true,"href":"https:\/\/placedejeu.kameu-cm.com\/index.php?rest_route=%2Fwp%2Fv2%2Fproduct_cat&post=1126"},{"taxonomy":"product_tag","embeddable":true,"href":"https:\/\/placedejeu.kameu-cm.com\/index.php?rest_route=%2Fwp%2Fv2%2Fproduct_tag&post=1126"}],"curies":[{"name":"wp","href":"https:\/\/api.w.org\/{rel}","templated":true}]}}