{"id":1128,"date":"2025-01-02T18:00:18","date_gmt":"2025-01-02T17:00:18","guid":{"rendered":"https:\/\/placedejeu.kameu-cm.com\/?post_type=product&#038;p=1128"},"modified":"2025-01-16T12:16:10","modified_gmt":"2025-01-16T11:16:10","slug":"capteur-codeur-rotatif-rotary-encoder","status":"publish","type":"product","link":"https:\/\/placedejeu.kameu-cm.com\/?product=capteur-codeur-rotatif-rotary-encoder","title":{"rendered":"Capteur Codeur Rotatif (Rotary Encoder)"},"content":{"rendered":"<p>Le <strong>codeur rotatif<\/strong> est un dispositif utilis\u00e9 pour mesurer la position angulaire ou la rotation d\u2019un objet. Il produit des signaux num\u00e9riques qui varient proportionnellement \u00e0 la rotation, permettant ainsi de d\u00e9terminer la direction, la vitesse et la position d&rsquo;un objet rotatif. Il existe deux types principaux de codeurs rotatifs : les codeurs incr\u00e9mentaux, qui g\u00e9n\u00e8rent des impulsions \u00e0 chaque d\u00e9placement angulaire, et les codeurs absolus, qui donnent une position unique pour chaque angle.<\/p>\n<p>Les codeurs rotatifs sont largement utilis\u00e9s dans les syst\u00e8mes de contr\u00f4le, notamment dans les dispositifs de commande de volume, les interfaces utilisateur, les robots, et les machines industrielles. Ils permettent de capter des rotations pr\u00e9cises et sont souvent int\u00e9gr\u00e9s dans des applications de navigation, des syst\u00e8mes de mesure de distance ou des dispositifs de r\u00e9gulation de vitesse. Gr\u00e2ce \u00e0 leur facilit\u00e9 d&rsquo;int\u00e9gration avec des microcontr\u00f4leurs comme Arduino, les codeurs rotatifs sont essentiels dans de nombreux projets d&rsquo;automatisation et d&rsquo;interaction.<\/p>\n","protected":false},"excerpt":{"rendered":"<ul>\n<li>Permet de mesurer la position angulaire et la rotation.<\/li>\n<li>Produit des signaux num\u00e9riques proportionnels \u00e0 la rotation.<\/li>\n<li>Utilis\u00e9 pour la gestion de la position, le contr\u00f4le de vitesse et les interfaces utilisateur.<\/li>\n<li>Id\u00e9al pour les boutons rotatifs, les syst\u00e8mes de navigation et les robots.<\/li>\n<li>Facile \u00e0 int\u00e9grer avec Arduino et autres microcontr\u00f4leurs<\/li>\n<\/ul>\n","protected":false},"featured_media":1129,"comment_status":"open","ping_status":"closed","template":"","meta":{"_kad_post_transparent":"default","_kad_post_title":"","_kad_post_layout":"default","_kad_post_sidebar_id":"","_kad_post_content_style":"default","_kad_post_vertical_padding":"default","_kad_post_feature":"","_kad_post_feature_position":"","_kad_post_header":false,"_kad_post_footer":false},"product_brand":[],"product_cat":[16,250,277],"product_tag":[],"class_list":{"0":"post-1128","1":"product","2":"type-product","3":"status-publish","4":"has-post-thumbnail","6":"product_cat-composants-electroniques","7":"product_cat-actifs","8":"product_cat-capteurs","10":"first","11":"instock","12":"taxable","13":"shipping-taxable","14":"purchasable","15":"product-type-simple","16":"entry","17":"content-bg","18":"loop-entry"},"_links":{"self":[{"href":"https:\/\/placedejeu.kameu-cm.com\/index.php?rest_route=\/wp\/v2\/product\/1128","targetHints":{"allow":["GET"]}}],"collection":[{"href":"https:\/\/placedejeu.kameu-cm.com\/index.php?rest_route=\/wp\/v2\/product"}],"about":[{"href":"https:\/\/placedejeu.kameu-cm.com\/index.php?rest_route=\/wp\/v2\/types\/product"}],"replies":[{"embeddable":true,"href":"https:\/\/placedejeu.kameu-cm.com\/index.php?rest_route=%2Fwp%2Fv2%2Fcomments&post=1128"}],"wp:featuredmedia":[{"embeddable":true,"href":"https:\/\/placedejeu.kameu-cm.com\/index.php?rest_route=\/wp\/v2\/media\/1129"}],"wp:attachment":[{"href":"https:\/\/placedejeu.kameu-cm.com\/index.php?rest_route=%2Fwp%2Fv2%2Fmedia&parent=1128"}],"wp:term":[{"taxonomy":"product_brand","embeddable":true,"href":"https:\/\/placedejeu.kameu-cm.com\/index.php?rest_route=%2Fwp%2Fv2%2Fproduct_brand&post=1128"},{"taxonomy":"product_cat","embeddable":true,"href":"https:\/\/placedejeu.kameu-cm.com\/index.php?rest_route=%2Fwp%2Fv2%2Fproduct_cat&post=1128"},{"taxonomy":"product_tag","embeddable":true,"href":"https:\/\/placedejeu.kameu-cm.com\/index.php?rest_route=%2Fwp%2Fv2%2Fproduct_tag&post=1128"}],"curies":[{"name":"wp","href":"https:\/\/api.w.org\/{rel}","templated":true}]}}