{"id":1130,"date":"2025-01-02T18:02:26","date_gmt":"2025-01-02T17:02:26","guid":{"rendered":"https:\/\/placedejeu.kameu-cm.com\/?post_type=product&#038;p=1130"},"modified":"2025-01-02T18:02:26","modified_gmt":"2025-01-02T17:02:26","slug":"capteur-reed-switch","status":"publish","type":"product","link":"https:\/\/placedejeu.kameu-cm.com\/?product=capteur-reed-switch","title":{"rendered":"Capteur Reed Switch"},"content":{"rendered":"<p>Le <strong>Reed Switch<\/strong> est un interrupteur magn\u00e9tique qui se compose de deux contacts m\u00e9talliques, appel\u00e9s lames reed, enferm\u00e9s dans un bo\u00eetier herm\u00e9tique. Lorsqu&rsquo;un champ magn\u00e9tique est appliqu\u00e9 \u00e0 proximit\u00e9, les lames reed se d\u00e9placent et se connectent, fermant le circuit. \u00c0 l\u2019inverse, en l&rsquo;absence de champ magn\u00e9tique, les contacts restent ouverts. Ce dispositif simple et fiable est couramment utilis\u00e9 pour d\u00e9tecter la pr\u00e9sence, l\u2019absence ou le d\u00e9placement d&rsquo;un objet magn\u00e9tique.<\/p>\n<p>Les <strong>Reed Switches<\/strong> sont souvent utilis\u00e9s dans les syst\u00e8mes de s\u00e9curit\u00e9 (comme les capteurs d&rsquo;ouverture de porte ou de fen\u00eatre), les syst\u00e8mes de surveillance, et dans les dispositifs d\u2019automatisation. Gr\u00e2ce \u00e0 leur petite taille, ils sont adapt\u00e9s \u00e0 des applications o\u00f9 l&rsquo;espace est limit\u00e9. Ils sont facilement int\u00e9grables avec des plateformes comme Arduino et sont id\u00e9aux pour les projets n\u00e9cessitant une d\u00e9tection discr\u00e8te ou un contr\u00f4le bas\u00e9 sur la pr\u00e9sence d&rsquo;un champ magn\u00e9tique.<\/p>\n","protected":false},"excerpt":{"rendered":"<ul>\n<li>D\u00e9tecte la pr\u00e9sence d\u2019un champ magn\u00e9tique pour ouvrir ou fermer un circuit.<\/li>\n<li>Utilis\u00e9 dans les syst\u00e8mes de s\u00e9curit\u00e9, de d\u00e9tection d\u2019ouverture et de fermeture.<\/li>\n<li>Facile \u00e0 int\u00e9grer avec Arduino et autres microcontr\u00f4leurs.<\/li>\n<li>Petite taille, id\u00e9al pour des applications discr\u00e8tes.<\/li>\n<li>Utilis\u00e9 dans des alarmes, des dispositifs de porte, et des syst\u00e8mes d\u2019automatisation.<\/li>\n<\/ul>\n","protected":false},"featured_media":1131,"comment_status":"open","ping_status":"closed","template":"","meta":{"_kad_post_transparent":"default","_kad_post_title":"","_kad_post_layout":"default","_kad_post_sidebar_id":"","_kad_post_content_style":"default","_kad_post_vertical_padding":"default","_kad_post_feature":"","_kad_post_feature_position":"","_kad_post_header":false,"_kad_post_footer":false},"product_brand":[],"product_cat":[16,250,277],"product_tag":[],"class_list":{"0":"post-1130","1":"product","2":"type-product","3":"status-publish","4":"has-post-thumbnail","6":"product_cat-composants-electroniques","7":"product_cat-actifs","8":"product_cat-capteurs","10":"first","11":"instock","12":"taxable","13":"shipping-taxable","14":"purchasable","15":"product-type-simple","16":"entry","17":"content-bg","18":"loop-entry"},"_links":{"self":[{"href":"https:\/\/placedejeu.kameu-cm.com\/index.php?rest_route=\/wp\/v2\/product\/1130","targetHints":{"allow":["GET"]}}],"collection":[{"href":"https:\/\/placedejeu.kameu-cm.com\/index.php?rest_route=\/wp\/v2\/product"}],"about":[{"href":"https:\/\/placedejeu.kameu-cm.com\/index.php?rest_route=\/wp\/v2\/types\/product"}],"replies":[{"embeddable":true,"href":"https:\/\/placedejeu.kameu-cm.com\/index.php?rest_route=%2Fwp%2Fv2%2Fcomments&post=1130"}],"wp:featuredmedia":[{"embeddable":true,"href":"https:\/\/placedejeu.kameu-cm.com\/index.php?rest_route=\/wp\/v2\/media\/1131"}],"wp:attachment":[{"href":"https:\/\/placedejeu.kameu-cm.com\/index.php?rest_route=%2Fwp%2Fv2%2Fmedia&parent=1130"}],"wp:term":[{"taxonomy":"product_brand","embeddable":true,"href":"https:\/\/placedejeu.kameu-cm.com\/index.php?rest_route=%2Fwp%2Fv2%2Fproduct_brand&post=1130"},{"taxonomy":"product_cat","embeddable":true,"href":"https:\/\/placedejeu.kameu-cm.com\/index.php?rest_route=%2Fwp%2Fv2%2Fproduct_cat&post=1130"},{"taxonomy":"product_tag","embeddable":true,"href":"https:\/\/placedejeu.kameu-cm.com\/index.php?rest_route=%2Fwp%2Fv2%2Fproduct_tag&post=1130"}],"curies":[{"name":"wp","href":"https:\/\/api.w.org\/{rel}","templated":true}]}}