{"id":1132,"date":"2025-01-02T18:04:15","date_gmt":"2025-01-02T17:04:15","guid":{"rendered":"https:\/\/placedejeu.kameu-cm.com\/?post_type=product&#038;p=1132"},"modified":"2025-01-02T18:04:15","modified_gmt":"2025-01-02T17:04:15","slug":"capteur-de-choc-shock-sensor","status":"publish","type":"product","link":"https:\/\/placedejeu.kameu-cm.com\/?product=capteur-de-choc-shock-sensor","title":{"rendered":"Capteur de Choc (Shock Sensor)"},"content":{"rendered":"<p>Le <strong>capteur de choc<\/strong> est un dispositif con\u00e7u pour d\u00e9tecter des vibrations, des chocs ou des impacts. Il fonctionne g\u00e9n\u00e9ralement \u00e0 l&rsquo;aide d&rsquo;un d\u00e9tecteur pi\u00e9zo\u00e9lectrique ou d&rsquo;un acc\u00e9l\u00e9rom\u00e8tre pour capter les variations de force m\u00e9canique g\u00e9n\u00e9r\u00e9es par un choc. Lorsqu&rsquo;une force suffisante est appliqu\u00e9e, le capteur envoie un signal indiquant qu&rsquo;un \u00e9v\u00e9nement de choc a eu lieu.<\/p>\n<p>Les capteurs de choc sont utilis\u00e9s dans des applications vari\u00e9es, notamment dans les syst\u00e8mes de s\u00e9curit\u00e9 pour d\u00e9tecter les intrusions ou les impacts sur les portes et fen\u00eatres. Ils sont \u00e9galement utilis\u00e9s dans des dispositifs industriels pour surveiller les \u00e9quipements sensibles aux chocs ou aux vibrations excessives. Ces capteurs peuvent \u00eatre facilement int\u00e9gr\u00e9s avec des microcontr\u00f4leurs comme Arduino pour des projets d&rsquo;alarme, de surveillance et de d\u00e9tection d&rsquo;\u00e9v\u00e9nements m\u00e9caniques.<\/p>\n","protected":false},"excerpt":{"rendered":"<ul>\n<li>D\u00e9tecte les vibrations, les chocs ou les impacts.<\/li>\n<li>Id\u00e9al pour les applications de s\u00e9curit\u00e9, d&rsquo;alarme et de surveillance.<\/li>\n<li>Utilis\u00e9 pour d\u00e9tecter les collisions, les chutes ou les intrusions.<\/li>\n<li>Sensible aux variations de force m\u00e9canique.<\/li>\n<li>Facile \u00e0 int\u00e9grer avec Arduino et autres microcontr\u00f4leurs.<\/li>\n<\/ul>\n","protected":false},"featured_media":1133,"comment_status":"open","ping_status":"closed","template":"","meta":{"_kad_post_transparent":"default","_kad_post_title":"","_kad_post_layout":"default","_kad_post_sidebar_id":"","_kad_post_content_style":"default","_kad_post_vertical_padding":"default","_kad_post_feature":"","_kad_post_feature_position":"","_kad_post_header":false,"_kad_post_footer":false},"product_brand":[],"product_cat":[16,250,277],"product_tag":[],"class_list":{"0":"post-1132","1":"product","2":"type-product","3":"status-publish","4":"has-post-thumbnail","6":"product_cat-composants-electroniques","7":"product_cat-actifs","8":"product_cat-capteurs","10":"first","11":"instock","12":"taxable","13":"shipping-taxable","14":"purchasable","15":"product-type-simple","16":"entry","17":"content-bg","18":"loop-entry"},"_links":{"self":[{"href":"https:\/\/placedejeu.kameu-cm.com\/index.php?rest_route=\/wp\/v2\/product\/1132","targetHints":{"allow":["GET"]}}],"collection":[{"href":"https:\/\/placedejeu.kameu-cm.com\/index.php?rest_route=\/wp\/v2\/product"}],"about":[{"href":"https:\/\/placedejeu.kameu-cm.com\/index.php?rest_route=\/wp\/v2\/types\/product"}],"replies":[{"embeddable":true,"href":"https:\/\/placedejeu.kameu-cm.com\/index.php?rest_route=%2Fwp%2Fv2%2Fcomments&post=1132"}],"wp:featuredmedia":[{"embeddable":true,"href":"https:\/\/placedejeu.kameu-cm.com\/index.php?rest_route=\/wp\/v2\/media\/1133"}],"wp:attachment":[{"href":"https:\/\/placedejeu.kameu-cm.com\/index.php?rest_route=%2Fwp%2Fv2%2Fmedia&parent=1132"}],"wp:term":[{"taxonomy":"product_brand","embeddable":true,"href":"https:\/\/placedejeu.kameu-cm.com\/index.php?rest_route=%2Fwp%2Fv2%2Fproduct_brand&post=1132"},{"taxonomy":"product_cat","embeddable":true,"href":"https:\/\/placedejeu.kameu-cm.com\/index.php?rest_route=%2Fwp%2Fv2%2Fproduct_cat&post=1132"},{"taxonomy":"product_tag","embeddable":true,"href":"https:\/\/placedejeu.kameu-cm.com\/index.php?rest_route=%2Fwp%2Fv2%2Fproduct_tag&post=1132"}],"curies":[{"name":"wp","href":"https:\/\/api.w.org\/{rel}","templated":true}]}}