{"id":1138,"date":"2025-01-02T18:07:28","date_gmt":"2025-01-02T17:07:28","guid":{"rendered":"https:\/\/placedejeu.kameu-cm.com\/?post_type=product&#038;p=1138"},"modified":"2025-01-02T18:07:28","modified_gmt":"2025-01-02T17:07:28","slug":"laser-emetteur-laser-emitter","status":"publish","type":"product","link":"https:\/\/placedejeu.kameu-cm.com\/?product=laser-emetteur-laser-emitter","title":{"rendered":"Laser \u00c9metteur (Laser Emitter)"},"content":{"rendered":"<p>Un <strong>laser \u00e9metteur<\/strong> est un dispositif qui g\u00e9n\u00e8re un faisceau lumineux coh\u00e9rent et directionnel, souvent utilis\u00e9 pour des applications de mesure de distance, de d\u00e9tection, ou de communication sans fil. Il fonctionne en produisant de la lumi\u00e8re \u00e0 travers un processus d&rsquo;\u00e9mission stimul\u00e9e, cr\u00e9ant ainsi un faisceau tr\u00e8s pr\u00e9cis et concentr\u00e9. Selon sa puissance et sa longueur d&rsquo;onde, le faisceau peut \u00eatre visible ou invisible \u00e0 l&rsquo;\u0153il humain.<\/p>\n<p>Les lasers \u00e9metteurs sont couramment utilis\u00e9s dans une vari\u00e9t\u00e9 d&rsquo;applications, telles que les syst\u00e8mes de t\u00e9l\u00e9m\u00e9trie (mesure de distance), les dispositifs de s\u00e9curit\u00e9, les scanners, et les syst\u00e8mes de positionnement. En raison de leur pr\u00e9cision, ils sont \u00e9galement utilis\u00e9s pour l&rsquo;alignement dans les machines de production ou dans des projets scientifiques. Faciles \u00e0 int\u00e9grer avec des microcontr\u00f4leurs comme Arduino, ces lasers sont essentiels pour des projets n\u00e9cessitant des mesures de distance ou des syst\u00e8mes optiques.<\/p>\n","protected":false},"excerpt":{"rendered":"<ul>\n<li>\u00c9met un faisceau lumineux concentr\u00e9 en un point pr\u00e9cis.<\/li>\n<li>Utilis\u00e9 dans des applications de mesure, de d\u00e9tection et de communication.<\/li>\n<li>Pr\u00e9cis et puissant, id\u00e9al pour des projets de distance, de s\u00e9curit\u00e9 et d&rsquo;alignement.<\/li>\n<li>Facile \u00e0 int\u00e9grer avec Arduino et autres microcontr\u00f4leurs.<\/li>\n<li>Utilis\u00e9 dans des syst\u00e8mes de d\u00e9tection, des scanners et des projets optiques.<\/li>\n<\/ul>\n","protected":false},"featured_media":1139,"comment_status":"open","ping_status":"closed","template":"","meta":{"_kad_post_transparent":"default","_kad_post_title":"","_kad_post_layout":"default","_kad_post_sidebar_id":"","_kad_post_content_style":"default","_kad_post_vertical_padding":"default","_kad_post_feature":"","_kad_post_feature_position":"","_kad_post_header":false,"_kad_post_footer":false},"product_brand":[],"product_cat":[16,250,277],"product_tag":[],"class_list":{"0":"post-1138","1":"product","2":"type-product","3":"status-publish","4":"has-post-thumbnail","6":"product_cat-composants-electroniques","7":"product_cat-actifs","8":"product_cat-capteurs","10":"first","11":"instock","12":"taxable","13":"shipping-taxable","14":"purchasable","15":"product-type-simple","16":"entry","17":"content-bg","18":"loop-entry"},"_links":{"self":[{"href":"https:\/\/placedejeu.kameu-cm.com\/index.php?rest_route=\/wp\/v2\/product\/1138","targetHints":{"allow":["GET"]}}],"collection":[{"href":"https:\/\/placedejeu.kameu-cm.com\/index.php?rest_route=\/wp\/v2\/product"}],"about":[{"href":"https:\/\/placedejeu.kameu-cm.com\/index.php?rest_route=\/wp\/v2\/types\/product"}],"replies":[{"embeddable":true,"href":"https:\/\/placedejeu.kameu-cm.com\/index.php?rest_route=%2Fwp%2Fv2%2Fcomments&post=1138"}],"wp:featuredmedia":[{"embeddable":true,"href":"https:\/\/placedejeu.kameu-cm.com\/index.php?rest_route=\/wp\/v2\/media\/1139"}],"wp:attachment":[{"href":"https:\/\/placedejeu.kameu-cm.com\/index.php?rest_route=%2Fwp%2Fv2%2Fmedia&parent=1138"}],"wp:term":[{"taxonomy":"product_brand","embeddable":true,"href":"https:\/\/placedejeu.kameu-cm.com\/index.php?rest_route=%2Fwp%2Fv2%2Fproduct_brand&post=1138"},{"taxonomy":"product_cat","embeddable":true,"href":"https:\/\/placedejeu.kameu-cm.com\/index.php?rest_route=%2Fwp%2Fv2%2Fproduct_cat&post=1138"},{"taxonomy":"product_tag","embeddable":true,"href":"https:\/\/placedejeu.kameu-cm.com\/index.php?rest_route=%2Fwp%2Fv2%2Fproduct_tag&post=1138"}],"curies":[{"name":"wp","href":"https:\/\/api.w.org\/{rel}","templated":true}]}}