{"id":1144,"date":"2025-01-02T18:12:06","date_gmt":"2025-01-02T17:12:06","guid":{"rendered":"https:\/\/placedejeu.kameu-cm.com\/?post_type=product&#038;p=1144"},"modified":"2025-01-02T18:12:06","modified_gmt":"2025-01-02T17:12:06","slug":"capteur-bouton-button","status":"publish","type":"product","link":"https:\/\/placedejeu.kameu-cm.com\/?product=capteur-bouton-button","title":{"rendered":"Capteur Bouton (Button)"},"content":{"rendered":"<p>Un <strong>bouton<\/strong> est un composant \u00e9lectronique simple utilis\u00e9 pour d\u00e9clencher des actions dans un circuit en \u00e9tant press\u00e9. Il sert d\u2019entr\u00e9e pour envoyer un signal (g\u00e9n\u00e9ralement un signal num\u00e9rique) vers un microcontr\u00f4leur ou un autre dispositif \u00e9lectronique. Selon son type, un bouton peut \u00eatre momentan\u00e9 (il revient \u00e0 son \u00e9tat initial une fois rel\u00e2ch\u00e9) ou \u00e0 verrouillage (reste dans un \u00e9tat actif jusqu&rsquo;\u00e0 ce qu&rsquo;il soit r\u00e9-enclench\u00e9).<\/p>\n<p>Les boutons sont essentiels dans des applications interactives, telles que l\u2019allumage et l\u2019extinction de dispositifs, le changement de mode dans des appareils \u00e9lectroniques, ou encore dans des interfaces utilisateur pour des projets Arduino ou des syst\u00e8mes embarqu\u00e9s. Ils sont couramment utilis\u00e9s dans des t\u00e9l\u00e9commandes, des panneaux de contr\u00f4le, des appareils \u00e9lectroniques et m\u00eame dans des syst\u00e8mes industriels pour l&rsquo;activation manuelle de processus ou de machines.<\/p>\n","protected":false},"excerpt":{"rendered":"<ul>\n<li>Dispositif simple permettant de cr\u00e9er une entr\u00e9e dans un circuit.<\/li>\n<li>Utilis\u00e9 pour d\u00e9clencher des actions telles que l\u2019allumage d\u2019une LED ou l\u2019activation d\u2019un moteur.<\/li>\n<li>Disponible sous diff\u00e9rentes tailles et types (poussoir, interrupteur, etc.).<\/li>\n<li>Facile \u00e0 int\u00e9grer avec des microcontr\u00f4leurs comme Arduino pour des projets interactifs.<\/li>\n<li>Utilis\u00e9 dans une grande vari\u00e9t\u00e9 de dispositifs, de l\u2019\u00e9lectronique grand public aux applications industrielles.<\/li>\n<\/ul>\n","protected":false},"featured_media":1145,"comment_status":"open","ping_status":"closed","template":"","meta":{"_kad_post_transparent":"default","_kad_post_title":"","_kad_post_layout":"default","_kad_post_sidebar_id":"","_kad_post_content_style":"default","_kad_post_vertical_padding":"default","_kad_post_feature":"","_kad_post_feature_position":"","_kad_post_header":false,"_kad_post_footer":false},"product_brand":[],"product_cat":[16,250,277],"product_tag":[],"class_list":{"0":"post-1144","1":"product","2":"type-product","3":"status-publish","4":"has-post-thumbnail","6":"product_cat-composants-electroniques","7":"product_cat-actifs","8":"product_cat-capteurs","10":"first","11":"instock","12":"taxable","13":"shipping-taxable","14":"purchasable","15":"product-type-simple","16":"entry","17":"content-bg","18":"loop-entry"},"_links":{"self":[{"href":"https:\/\/placedejeu.kameu-cm.com\/index.php?rest_route=\/wp\/v2\/product\/1144","targetHints":{"allow":["GET"]}}],"collection":[{"href":"https:\/\/placedejeu.kameu-cm.com\/index.php?rest_route=\/wp\/v2\/product"}],"about":[{"href":"https:\/\/placedejeu.kameu-cm.com\/index.php?rest_route=\/wp\/v2\/types\/product"}],"replies":[{"embeddable":true,"href":"https:\/\/placedejeu.kameu-cm.com\/index.php?rest_route=%2Fwp%2Fv2%2Fcomments&post=1144"}],"wp:featuredmedia":[{"embeddable":true,"href":"https:\/\/placedejeu.kameu-cm.com\/index.php?rest_route=\/wp\/v2\/media\/1145"}],"wp:attachment":[{"href":"https:\/\/placedejeu.kameu-cm.com\/index.php?rest_route=%2Fwp%2Fv2%2Fmedia&parent=1144"}],"wp:term":[{"taxonomy":"product_brand","embeddable":true,"href":"https:\/\/placedejeu.kameu-cm.com\/index.php?rest_route=%2Fwp%2Fv2%2Fproduct_brand&post=1144"},{"taxonomy":"product_cat","embeddable":true,"href":"https:\/\/placedejeu.kameu-cm.com\/index.php?rest_route=%2Fwp%2Fv2%2Fproduct_cat&post=1144"},{"taxonomy":"product_tag","embeddable":true,"href":"https:\/\/placedejeu.kameu-cm.com\/index.php?rest_route=%2Fwp%2Fv2%2Fproduct_tag&post=1144"}],"curies":[{"name":"wp","href":"https:\/\/api.w.org\/{rel}","templated":true}]}}