{"id":1992,"date":"2025-02-07T13:48:09","date_gmt":"2025-02-07T12:48:09","guid":{"rendered":"https:\/\/placedejeu.kameu-cm.com\/?post_type=product&#038;p=1992"},"modified":"2025-02-07T13:48:09","modified_gmt":"2025-02-07T12:48:09","slug":"multimetre-numerique-sz08","status":"publish","type":"product","link":"https:\/\/placedejeu.kameu-cm.com\/?product=multimetre-numerique-sz08","title":{"rendered":"Multim\u00e8tre num\u00e9rique SZ08"},"content":{"rendered":"<p>Le multim\u00e8tre portable SZ08 est un appareil de mesure num\u00e9rique compact et polyvalent, con\u00e7u pour les techniciens, ing\u00e9nieurs, et amateurs d\u2019\u00e9lectronique. Il permet de mesurer plusieurs param\u00e8tres \u00e9lectriques comme la tension (AC\/DC), le courant, la r\u00e9sistance, et parfois d&rsquo;autres fonctionnalit\u00e9s comme la continuit\u00e9, la diode, et la capacit\u00e9. Avec son format de poche et sa l\u00e9g\u00e8ret\u00e9, le SZ08 est particuli\u00e8rement pratique pour les interventions sur le terrain, les d\u00e9pannages rapides ou les v\u00e9rifications de circuits dans des environnements o\u00f9 la portabilit\u00e9 est essentielle.<\/p>\n<p>Le multim\u00e8tre SZ08 est \u00e9quip\u00e9 d&rsquo;un \u00e9cran LCD clair et r\u00e9tro\u00e9clair\u00e9, facilitant la lecture des mesures m\u00eame dans des conditions de faible luminosit\u00e9. Il propose \u00e9galement des fonctions de maintien des donn\u00e9es et d&rsquo;arr\u00eat automatique pour pr\u00e9server la batterie. La robustesse de l&rsquo;appareil et son bo\u00eetier r\u00e9sistant aux chocs en font un choix id\u00e9al pour une utilisation en ext\u00e9rieur ou dans des environnements industriels.<\/p>\n<p>Malgr\u00e9 sa simplicit\u00e9, le SZ08 offre une pr\u00e9cision satisfaisante pour des t\u00e2ches de mesure de base, ce qui en fait un outil indispensable pour les travaux quotidiens de diagnostic \u00e9lectrique. Il est aussi tr\u00e8s appr\u00e9ci\u00e9 des bricoleurs et des \u00e9tudiants pour ses fonctionnalit\u00e9s pratiques et son prix abordable.<\/p>\n","protected":false},"excerpt":{"rendered":"<ul>\n<li>Multim\u00e8tre portable pour mesurer tension, courant, r\u00e9sistance.<\/li>\n<li>Compact, l\u00e9ger, id\u00e9al pour les interventions sur le terrain.<\/li>\n<li>\u00c9cran LCD r\u00e9tro\u00e9clair\u00e9 pour une lecture facile.<\/li>\n<li>Fonctions : test de continuit\u00e9, diodes, capacit\u00e9.<\/li>\n<li>Robuste et r\u00e9sistant aux chocs, arr\u00eat automatique pour \u00e9conomiser la batterie.<\/li>\n<li><\/li>\n<\/ul>\n","protected":false},"featured_media":1993,"comment_status":"open","ping_status":"closed","template":"","meta":{"_kad_post_transparent":"default","_kad_post_title":"","_kad_post_layout":"default","_kad_post_sidebar_id":"","_kad_post_content_style":"default","_kad_post_vertical_padding":"default","_kad_post_feature":"","_kad_post_feature_position":"","_kad_post_header":false,"_kad_post_footer":false},"product_brand":[],"product_cat":[16,252,287],"product_tag":[],"class_list":{"0":"post-1992","1":"product","2":"type-product","3":"status-publish","4":"has-post-thumbnail","6":"product_cat-composants-electroniques","7":"product_cat-appareils-de-mesures","8":"product_cat-multimetres","10":"first","11":"instock","12":"taxable","13":"shipping-taxable","14":"purchasable","15":"product-type-simple","16":"entry","17":"content-bg","18":"loop-entry"},"_links":{"self":[{"href":"https:\/\/placedejeu.kameu-cm.com\/index.php?rest_route=\/wp\/v2\/product\/1992","targetHints":{"allow":["GET"]}}],"collection":[{"href":"https:\/\/placedejeu.kameu-cm.com\/index.php?rest_route=\/wp\/v2\/product"}],"about":[{"href":"https:\/\/placedejeu.kameu-cm.com\/index.php?rest_route=\/wp\/v2\/types\/product"}],"replies":[{"embeddable":true,"href":"https:\/\/placedejeu.kameu-cm.com\/index.php?rest_route=%2Fwp%2Fv2%2Fcomments&post=1992"}],"wp:featuredmedia":[{"embeddable":true,"href":"https:\/\/placedejeu.kameu-cm.com\/index.php?rest_route=\/wp\/v2\/media\/1993"}],"wp:attachment":[{"href":"https:\/\/placedejeu.kameu-cm.com\/index.php?rest_route=%2Fwp%2Fv2%2Fmedia&parent=1992"}],"wp:term":[{"taxonomy":"product_brand","embeddable":true,"href":"https:\/\/placedejeu.kameu-cm.com\/index.php?rest_route=%2Fwp%2Fv2%2Fproduct_brand&post=1992"},{"taxonomy":"product_cat","embeddable":true,"href":"https:\/\/placedejeu.kameu-cm.com\/index.php?rest_route=%2Fwp%2Fv2%2Fproduct_cat&post=1992"},{"taxonomy":"product_tag","embeddable":true,"href":"https:\/\/placedejeu.kameu-cm.com\/index.php?rest_route=%2Fwp%2Fv2%2Fproduct_tag&post=1992"}],"curies":[{"name":"wp","href":"https:\/\/api.w.org\/{rel}","templated":true}]}}