{"id":1994,"date":"2025-02-07T13:51:56","date_gmt":"2025-02-07T12:51:56","guid":{"rendered":"https:\/\/placedejeu.kameu-cm.com\/?post_type=product&#038;p=1994"},"modified":"2025-02-07T14:02:32","modified_gmt":"2025-02-07T13:02:32","slug":"carte-arduino-wemos-d1-esp8266-cable","status":"publish","type":"product","link":"https:\/\/placedejeu.kameu-cm.com\/?product=carte-arduino-wemos-d1-esp8266-cable","title":{"rendered":"Carte Arduino Wemos D1-ESP8266 + Cable"},"content":{"rendered":"<p>La carte <strong>Arduino Wemos D1<\/strong> est une carte de d\u00e9veloppement bas\u00e9e sur le microcontr\u00f4leur ESP8266, combinant la simplicit\u00e9 d&rsquo;utilisation d&rsquo;Arduino avec des capacit\u00e9s de connectivit\u00e9 Wi-Fi. Elle est particuli\u00e8rement pris\u00e9e dans les projets d&rsquo;Internet des Objets (IoT) en raison de son int\u00e9gration native avec le Wi-Fi, ce qui permet aux utilisateurs de cr\u00e9er facilement des applications connect\u00e9es. Cette carte est compatible avec l\u2019environnement de d\u00e9veloppement Arduino (IDE), ce qui facilite la programmation pour ceux d\u00e9j\u00e0 familiers avec Arduino.<\/p>\n<p>Le <strong>Wemos D1<\/strong> offre de nombreuses broches d\u2019entr\u00e9e et de sortie (GPIO) similaires \u00e0 celles des cartes Arduino, permettant de contr\u00f4ler des capteurs, des modules, et d\u2019autres p\u00e9riph\u00e9riques. Il prend en charge des protocoles de communication comme I2C, SPI, et UART, ce qui le rend id\u00e9al pour des projets vari\u00e9s comme l\u2019automatisation domestique, la surveillance \u00e0 distance, ou la gestion d\u2019appareils via Internet.<\/p>\n<p>En plus de sa connectivit\u00e9 Wi-Fi, la carte est \u00e9galement dot\u00e9e de nombreuses fonctionnalit\u00e9s utiles comme la gestion de l&rsquo;alimentation via USB ou une entr\u00e9e 5V, ce qui la rend adaptable \u00e0 diff\u00e9rents environnements et configurations. Gr\u00e2ce \u00e0 sa taille compacte et \u00e0 ses capacit\u00e9s de connectivit\u00e9, le Wemos D1 est un choix populaire pour les makers, \u00e9tudiants et professionnels qui souhaitent explorer le domaine de l&rsquo;IoT sans complexit\u00e9 excessive.<\/p>\n","protected":false},"excerpt":{"rendered":"<ul>\n<li>Carte de d\u00e9veloppement bas\u00e9e sur le microcontr\u00f4leur ESP8266.<\/li>\n<li>Connectivit\u00e9 Wi-Fi int\u00e9gr\u00e9e, id\u00e9ale pour les projets IoT.<\/li>\n<li>Compatible avec l\u2019environnement Arduino IDE pour une programmation facile.<\/li>\n<li>Dispose de nombreuses broches GPIO et prend en charge les protocoles I2C, SPI, et UART.<\/li>\n<li>Alimentation via USB ou entr\u00e9e 5V, adapt\u00e9 \u00e0 divers projets connect\u00e9s.<\/li>\n<\/ul>\n","protected":false},"featured_media":1995,"comment_status":"open","ping_status":"closed","template":"","meta":{"_kad_post_transparent":"default","_kad_post_title":"","_kad_post_layout":"default","_kad_post_sidebar_id":"","_kad_post_content_style":"default","_kad_post_vertical_padding":"default","_kad_post_feature":"","_kad_post_feature_position":"","_kad_post_header":false,"_kad_post_footer":false},"product_brand":[],"product_cat":[16,297,258],"product_tag":[],"class_list":{"0":"post-1994","1":"product","2":"type-product","3":"status-publish","4":"has-post-thumbnail","6":"product_cat-composants-electroniques","7":"product_cat-aduino","8":"product_cat-microcontroleurs-kits","10":"first","11":"instock","12":"taxable","13":"shipping-taxable","14":"purchasable","15":"product-type-simple","16":"entry","17":"content-bg","18":"loop-entry"},"_links":{"self":[{"href":"https:\/\/placedejeu.kameu-cm.com\/index.php?rest_route=\/wp\/v2\/product\/1994","targetHints":{"allow":["GET"]}}],"collection":[{"href":"https:\/\/placedejeu.kameu-cm.com\/index.php?rest_route=\/wp\/v2\/product"}],"about":[{"href":"https:\/\/placedejeu.kameu-cm.com\/index.php?rest_route=\/wp\/v2\/types\/product"}],"replies":[{"embeddable":true,"href":"https:\/\/placedejeu.kameu-cm.com\/index.php?rest_route=%2Fwp%2Fv2%2Fcomments&post=1994"}],"wp:featuredmedia":[{"embeddable":true,"href":"https:\/\/placedejeu.kameu-cm.com\/index.php?rest_route=\/wp\/v2\/media\/1995"}],"wp:attachment":[{"href":"https:\/\/placedejeu.kameu-cm.com\/index.php?rest_route=%2Fwp%2Fv2%2Fmedia&parent=1994"}],"wp:term":[{"taxonomy":"product_brand","embeddable":true,"href":"https:\/\/placedejeu.kameu-cm.com\/index.php?rest_route=%2Fwp%2Fv2%2Fproduct_brand&post=1994"},{"taxonomy":"product_cat","embeddable":true,"href":"https:\/\/placedejeu.kameu-cm.com\/index.php?rest_route=%2Fwp%2Fv2%2Fproduct_cat&post=1994"},{"taxonomy":"product_tag","embeddable":true,"href":"https:\/\/placedejeu.kameu-cm.com\/index.php?rest_route=%2Fwp%2Fv2%2Fproduct_tag&post=1994"}],"curies":[{"name":"wp","href":"https:\/\/api.w.org\/{rel}","templated":true}]}}