{"id":1996,"date":"2025-02-07T13:58:09","date_gmt":"2025-02-07T12:58:09","guid":{"rendered":"https:\/\/placedejeu.kameu-cm.com\/?post_type=product&#038;p=1996"},"modified":"2025-02-07T13:58:09","modified_gmt":"2025-02-07T12:58:09","slug":"esp-wrom-32-rs1213p-esp32","status":"publish","type":"product","link":"https:\/\/placedejeu.kameu-cm.com\/?product=esp-wrom-32-rs1213p-esp32","title":{"rendered":"ESP-WROM-32 (RS1213P-ESP32)"},"content":{"rendered":"<p>Le <strong>TS1213P-ESP32<\/strong> est une carte de d\u00e9veloppement bas\u00e9e sur le populaire microcontr\u00f4leur <strong>ESP32<\/strong>, une puce \u00e0 double c\u0153ur qui int\u00e8gre des fonctionnalit\u00e9s avanc\u00e9es comme le Wi-Fi, le Bluetooth, et un large \u00e9ventail de broches d&rsquo;entr\u00e9e\/sortie (GPIO). Ce mod\u00e8le est particuli\u00e8rement appr\u00e9ci\u00e9 pour sa puissance de calcul, sa connectivit\u00e9 sans fil, et ses performances dans les applications d&rsquo;Internet des Objets (IoT).<\/p>\n<p>Le <strong>TS1213P-ESP32<\/strong> est con\u00e7u pour offrir des performances \u00e9lev\u00e9es dans des projets n\u00e9cessitant une gestion r\u00e9seau ou des communications sans fil. Avec une fr\u00e9quence d&rsquo;horloge pouvant atteindre jusqu\u2019\u00e0 240 MHz, il est capable de g\u00e9rer des t\u00e2ches intensives tout en maintenant une faible consommation d&rsquo;\u00e9nergie gr\u00e2ce \u00e0 ses modes de gestion de l\u2019alimentation. Cette carte est id\u00e9ale pour des applications telles que l&rsquo;automatisation domestique, les capteurs connect\u00e9s, la robotique, et bien d&rsquo;autres syst\u00e8mes intelligents.<\/p>\n<p>Elle est \u00e9galement compatible avec l\u2019environnement de d\u00e9veloppement <strong>Arduino IDE<\/strong> et <strong>ESP-IDF<\/strong>, permettant aux d\u00e9veloppeurs de programmer facilement la carte en utilisant des biblioth\u00e8ques existantes et de nombreux exemples. La <strong>TS1213P-ESP32<\/strong> dispose d&rsquo;une large vari\u00e9t\u00e9 de broches pour interagir avec diff\u00e9rents modules et capteurs, et peut g\u00e9rer des protocoles comme <strong>I2C<\/strong>, <strong>SPI<\/strong>, et <strong>UART<\/strong> pour des connexions flexibles avec des p\u00e9riph\u00e9riques externes.<\/p>\n","protected":false},"excerpt":{"rendered":"<ul>\n<li>Carte de d\u00e9veloppement bas\u00e9e sur le microcontr\u00f4leur <strong>ESP32<\/strong>.<\/li>\n<li>Connectivit\u00e9 Wi-Fi et Bluetooth int\u00e9gr\u00e9e.<\/li>\n<li>Haute performance avec une fr\u00e9quence d&rsquo;horloge allant jusqu&rsquo;\u00e0 240 MHz.<\/li>\n<li>Id\u00e9ale pour des projets IoT, automation, et robotique.<\/li>\n<li>Compatible avec <strong>Arduino IDE<\/strong> et <strong>ESP-IDF<\/strong>.<\/li>\n<li>Prend en charge des protocoles comme I2C, SPI, et UART pour des connexions m<\/li>\n<\/ul>\n","protected":false},"featured_media":1997,"comment_status":"open","ping_status":"closed","template":"","meta":{"_kad_post_transparent":"default","_kad_post_title":"","_kad_post_layout":"default","_kad_post_sidebar_id":"","_kad_post_content_style":"default","_kad_post_vertical_padding":"default","_kad_post_feature":"","_kad_post_feature_position":"","_kad_post_header":false,"_kad_post_footer":false},"product_brand":[],"product_cat":[16,299,258],"product_tag":[],"class_list":{"0":"post-1996","1":"product","2":"type-product","3":"status-publish","4":"has-post-thumbnail","6":"product_cat-composants-electroniques","7":"product_cat-esp-xx","8":"product_cat-microcontroleurs-kits","10":"first","11":"instock","12":"taxable","13":"shipping-taxable","14":"purchasable","15":"product-type-simple","16":"entry","17":"content-bg","18":"loop-entry"},"_links":{"self":[{"href":"https:\/\/placedejeu.kameu-cm.com\/index.php?rest_route=\/wp\/v2\/product\/1996","targetHints":{"allow":["GET"]}}],"collection":[{"href":"https:\/\/placedejeu.kameu-cm.com\/index.php?rest_route=\/wp\/v2\/product"}],"about":[{"href":"https:\/\/placedejeu.kameu-cm.com\/index.php?rest_route=\/wp\/v2\/types\/product"}],"replies":[{"embeddable":true,"href":"https:\/\/placedejeu.kameu-cm.com\/index.php?rest_route=%2Fwp%2Fv2%2Fcomments&post=1996"}],"wp:featuredmedia":[{"embeddable":true,"href":"https:\/\/placedejeu.kameu-cm.com\/index.php?rest_route=\/wp\/v2\/media\/1997"}],"wp:attachment":[{"href":"https:\/\/placedejeu.kameu-cm.com\/index.php?rest_route=%2Fwp%2Fv2%2Fmedia&parent=1996"}],"wp:term":[{"taxonomy":"product_brand","embeddable":true,"href":"https:\/\/placedejeu.kameu-cm.com\/index.php?rest_route=%2Fwp%2Fv2%2Fproduct_brand&post=1996"},{"taxonomy":"product_cat","embeddable":true,"href":"https:\/\/placedejeu.kameu-cm.com\/index.php?rest_route=%2Fwp%2Fv2%2Fproduct_cat&post=1996"},{"taxonomy":"product_tag","embeddable":true,"href":"https:\/\/placedejeu.kameu-cm.com\/index.php?rest_route=%2Fwp%2Fv2%2Fproduct_tag&post=1996"}],"curies":[{"name":"wp","href":"https:\/\/api.w.org\/{rel}","templated":true}]}}