{"id":1998,"date":"2025-02-07T14:01:53","date_gmt":"2025-02-07T13:01:53","guid":{"rendered":"https:\/\/placedejeu.kameu-cm.com\/?post_type=product&#038;p=1998"},"modified":"2025-02-07T14:01:53","modified_gmt":"2025-02-07T13:01:53","slug":"esp32-c3-super-mini-hw-466ab","status":"publish","type":"product","link":"https:\/\/placedejeu.kameu-cm.com\/?product=esp32-c3-super-mini-hw-466ab","title":{"rendered":"ESP32-C3 super mini -HW-466AB"},"content":{"rendered":"<p>La <strong>carte ESP32 Super Mini HW-466AB<\/strong> est une version compacte de la populaire carte ESP32, offrant une solution puissante et petite taille pour les projets d&rsquo;Internet des Objets (IoT) et les applications sans fil. Comme son nom l&rsquo;indique, cette version miniaturis\u00e9e conserve les principales fonctionnalit\u00e9s du microcontr\u00f4leur ESP32, notamment la connectivit\u00e9 <strong>Wi-Fi<\/strong> et <strong>Bluetooth<\/strong>, tout en \u00e9tant r\u00e9duite \u00e0 un format plus petit, ce qui la rend id\u00e9ale pour les applications o\u00f9 l&rsquo;espace est limit\u00e9.<\/p>\n<p>Avec son processeur double c\u0153ur \u00e0 <strong>240 MHz<\/strong>, la carte ESP32 Super Mini HW-466AB permet de r\u00e9aliser des applications exigeantes en termes de traitement tout en maintenant une faible consommation d&rsquo;\u00e9nergie. Ce mod\u00e8le est parfaitement adapt\u00e9 aux projets qui n\u00e9cessitent une connectivit\u00e9 sans fil robuste et un traitement rapide des donn\u00e9es, tels que l&rsquo;automatisation domestique, les capteurs intelligents, la robotique, et plus encore.<\/p>\n<p>Elle est \u00e9galement compatible avec l&rsquo;environnement de d\u00e9veloppement <strong>Arduino IDE<\/strong>, permettant ainsi aux d\u00e9veloppeurs de tirer parti des biblioth\u00e8ques et des exemples existants pour programmer facilement la carte. Bien que compacte, la <strong>HW-466AB<\/strong> offre un grand nombre de broches d&rsquo;entr\u00e9e\/sortie (GPIO) pour interagir avec des p\u00e9riph\u00e9riques et capteurs externes, tout en prenant en charge des protocoles de communication comme <strong>I2C<\/strong>, <strong>SPI<\/strong>, et <strong>UART<\/strong>.<\/p>\n","protected":false},"excerpt":{"rendered":"<ul>\n<li>Version compacte de la carte <strong>ESP32<\/strong>, avec Wi-Fi et Bluetooth int\u00e9gr\u00e9s.<\/li>\n<li>Processeur double c\u0153ur \u00e0 <strong>240 MHz<\/strong>, id\u00e9al pour les applications exigeantes.<\/li>\n<li>Format super mini, adapt\u00e9 aux projets avec des contraintes d&rsquo;espace.<\/li>\n<li>Compatible avec <strong>Arduino IDE<\/strong> pour une programmation facile.<\/li>\n<li>Prend en charge des protocoles comme <strong>I2C<\/strong>, <strong>SPI<\/strong>, et <strong>UART<\/strong>.<\/li>\n<li>Parfait pour des projets IoT, automation, et connectivit\u00e9 sans fil.<\/li>\n<\/ul>\n","protected":false},"featured_media":1999,"comment_status":"open","ping_status":"closed","template":"","meta":{"_kad_post_transparent":"default","_kad_post_title":"","_kad_post_layout":"default","_kad_post_sidebar_id":"","_kad_post_content_style":"default","_kad_post_vertical_padding":"default","_kad_post_feature":"","_kad_post_feature_position":"","_kad_post_header":false,"_kad_post_footer":false},"product_brand":[],"product_cat":[16,299,258],"product_tag":[],"class_list":{"0":"post-1998","1":"product","2":"type-product","3":"status-publish","4":"has-post-thumbnail","6":"product_cat-composants-electroniques","7":"product_cat-esp-xx","8":"product_cat-microcontroleurs-kits","10":"first","11":"instock","12":"taxable","13":"shipping-taxable","14":"purchasable","15":"product-type-simple","16":"entry","17":"content-bg","18":"loop-entry"},"_links":{"self":[{"href":"https:\/\/placedejeu.kameu-cm.com\/index.php?rest_route=\/wp\/v2\/product\/1998","targetHints":{"allow":["GET"]}}],"collection":[{"href":"https:\/\/placedejeu.kameu-cm.com\/index.php?rest_route=\/wp\/v2\/product"}],"about":[{"href":"https:\/\/placedejeu.kameu-cm.com\/index.php?rest_route=\/wp\/v2\/types\/product"}],"replies":[{"embeddable":true,"href":"https:\/\/placedejeu.kameu-cm.com\/index.php?rest_route=%2Fwp%2Fv2%2Fcomments&post=1998"}],"wp:featuredmedia":[{"embeddable":true,"href":"https:\/\/placedejeu.kameu-cm.com\/index.php?rest_route=\/wp\/v2\/media\/1999"}],"wp:attachment":[{"href":"https:\/\/placedejeu.kameu-cm.com\/index.php?rest_route=%2Fwp%2Fv2%2Fmedia&parent=1998"}],"wp:term":[{"taxonomy":"product_brand","embeddable":true,"href":"https:\/\/placedejeu.kameu-cm.com\/index.php?rest_route=%2Fwp%2Fv2%2Fproduct_brand&post=1998"},{"taxonomy":"product_cat","embeddable":true,"href":"https:\/\/placedejeu.kameu-cm.com\/index.php?rest_route=%2Fwp%2Fv2%2Fproduct_cat&post=1998"},{"taxonomy":"product_tag","embeddable":true,"href":"https:\/\/placedejeu.kameu-cm.com\/index.php?rest_route=%2Fwp%2Fv2%2Fproduct_tag&post=1998"}],"curies":[{"name":"wp","href":"https:\/\/api.w.org\/{rel}","templated":true}]}}