{"id":2000,"date":"2025-02-07T14:05:42","date_gmt":"2025-02-07T13:05:42","guid":{"rendered":"https:\/\/placedejeu.kameu-cm.com\/?post_type=product&#038;p=2000"},"modified":"2025-02-07T14:05:42","modified_gmt":"2025-02-07T13:05:42","slug":"carte-arduino-uno-cable","status":"publish","type":"product","link":"https:\/\/placedejeu.kameu-cm.com\/?product=carte-arduino-uno-cable","title":{"rendered":"Carte Arduino UNO + cable"},"content":{"rendered":"<p>L&rsquo;<strong>Arduino Uno<\/strong> est l&rsquo;une des cartes de d\u00e9veloppement les plus populaires et les plus utilis\u00e9es dans le monde de l&rsquo;\u00e9lectronique et de la programmation. Bas\u00e9e sur le microcontr\u00f4leur <strong>ATmega328P<\/strong>, l&rsquo;Arduino Uno offre une plateforme simple, accessible et puissante pour les projets \u00e9lectroniques, que ce soit pour des d\u00e9butants ou des utilisateurs exp\u00e9riment\u00e9s. Elle dispose de 14 broches d&rsquo;entr\u00e9e\/sortie num\u00e9riques, dont 6 peuvent \u00eatre utilis\u00e9es comme sorties PWM, et 6 entr\u00e9es analogiques, ce qui permet de connecter une large gamme de capteurs, modules et autres p\u00e9riph\u00e9riques.<\/p>\n<p>Cette carte est compatible avec l\u2019environnement de d\u00e9veloppement <strong>Arduino IDE<\/strong>, qui permet de programmer facilement la carte en utilisant un langage de programmation simple, bas\u00e9 sur le C\/C++. Gr\u00e2ce \u00e0 sa facilit\u00e9 d&rsquo;utilisation et \u00e0 la large communaut\u00e9 d&rsquo;utilisateurs, l&rsquo;Arduino Uno est une r\u00e9f\u00e9rence pour ceux qui cherchent \u00e0 apprendre la programmation embarqu\u00e9e, \u00e0 d\u00e9velopper des prototypes \u00e9lectroniques ou \u00e0 r\u00e9aliser des projets d&rsquo;Internet des Objets (IoT).<\/p>\n<p>L&rsquo;<strong>Arduino Uno<\/strong> dispose \u00e9galement de la connectivit\u00e9 USB pour une programmation facile et rapide, et peut \u00eatre aliment\u00e9e soit via un c\u00e2ble USB, soit via une alimentation externe. Gr\u00e2ce \u00e0 son faible co\u00fbt et \u00e0 sa polyvalence, cette carte est utilis\u00e9e dans de nombreux domaines, allant de l\u2019\u00e9ducation et des projets amateurs \u00e0 des applications professionnelles pour des prototypes ou des syst\u00e8mes embarqu\u00e9s simples.<\/p>\n","protected":false},"excerpt":{"rendered":"<ul>\n<li>Carte de d\u00e9veloppement bas\u00e9e sur le microcontr\u00f4leur <strong>ATmega328P<\/strong>.<\/li>\n<li>14 broches d&rsquo;entr\u00e9e\/sortie num\u00e9riques, 6 entr\u00e9es analogiques.<\/li>\n<li>Compatible avec l&rsquo;<strong>Arduino IDE<\/strong> pour une programmation simple.<\/li>\n<li>Id\u00e9ale pour l&rsquo;apprentissage, les prototypes \u00e9lectroniques et les projets IoT.<\/li>\n<li>Aliment\u00e9e par USB ou alimentation externe.<\/li>\n<li>Large communaut\u00e9 et vaste choix de biblioth\u00e8ques et exemples.<\/li>\n<\/ul>\n","protected":false},"featured_media":2001,"comment_status":"open","ping_status":"closed","template":"","meta":{"_kad_post_transparent":"default","_kad_post_title":"","_kad_post_layout":"default","_kad_post_sidebar_id":"","_kad_post_content_style":"default","_kad_post_vertical_padding":"default","_kad_post_feature":"","_kad_post_feature_position":"","_kad_post_header":false,"_kad_post_footer":false},"product_brand":[],"product_cat":[16,297,258],"product_tag":[],"class_list":{"0":"post-2000","1":"product","2":"type-product","3":"status-publish","4":"has-post-thumbnail","6":"product_cat-composants-electroniques","7":"product_cat-aduino","8":"product_cat-microcontroleurs-kits","10":"first","11":"instock","12":"taxable","13":"shipping-taxable","14":"purchasable","15":"product-type-simple","16":"entry","17":"content-bg","18":"loop-entry"},"_links":{"self":[{"href":"https:\/\/placedejeu.kameu-cm.com\/index.php?rest_route=\/wp\/v2\/product\/2000","targetHints":{"allow":["GET"]}}],"collection":[{"href":"https:\/\/placedejeu.kameu-cm.com\/index.php?rest_route=\/wp\/v2\/product"}],"about":[{"href":"https:\/\/placedejeu.kameu-cm.com\/index.php?rest_route=\/wp\/v2\/types\/product"}],"replies":[{"embeddable":true,"href":"https:\/\/placedejeu.kameu-cm.com\/index.php?rest_route=%2Fwp%2Fv2%2Fcomments&post=2000"}],"wp:featuredmedia":[{"embeddable":true,"href":"https:\/\/placedejeu.kameu-cm.com\/index.php?rest_route=\/wp\/v2\/media\/2001"}],"wp:attachment":[{"href":"https:\/\/placedejeu.kameu-cm.com\/index.php?rest_route=%2Fwp%2Fv2%2Fmedia&parent=2000"}],"wp:term":[{"taxonomy":"product_brand","embeddable":true,"href":"https:\/\/placedejeu.kameu-cm.com\/index.php?rest_route=%2Fwp%2Fv2%2Fproduct_brand&post=2000"},{"taxonomy":"product_cat","embeddable":true,"href":"https:\/\/placedejeu.kameu-cm.com\/index.php?rest_route=%2Fwp%2Fv2%2Fproduct_cat&post=2000"},{"taxonomy":"product_tag","embeddable":true,"href":"https:\/\/placedejeu.kameu-cm.com\/index.php?rest_route=%2Fwp%2Fv2%2Fproduct_tag&post=2000"}],"curies":[{"name":"wp","href":"https:\/\/api.w.org\/{rel}","templated":true}]}}