{"id":2016,"date":"2025-02-07T14:22:13","date_gmt":"2025-02-07T13:22:13","guid":{"rendered":"https:\/\/placedejeu.kameu-cm.com\/?post_type=product&#038;p=2016"},"modified":"2025-02-07T14:22:13","modified_gmt":"2025-02-07T13:22:13","slug":"diode1n5522","status":"publish","type":"product","link":"https:\/\/placedejeu.kameu-cm.com\/?product=diode1n5522","title":{"rendered":"Diode1N5522"},"content":{"rendered":"<p>La <strong>1N5522<\/strong> est une diode de redressement en silicium, sp\u00e9cialement con\u00e7ue pour des applications haute puissance n\u00e9cessitant une gestion de courant \u00e9lev\u00e9e et une protection efficace contre les surtensions. Elle peut supporter une tension inverse maximale de <strong>100 V<\/strong> et un courant direct de <strong>3 A<\/strong>, ce qui la rend id\u00e9ale pour les circuits de redressement dans les alimentations, les chargeurs de batteries, et d&rsquo;autres applications n\u00e9cessitant un redressement rapide et fiable.<\/p>\n<p>Cette diode est souvent utilis\u00e9e dans des environnements industriels, des \u00e9quipements de contr\u00f4le de puissance, et des syst\u00e8mes \u00e0 courant \u00e9lev\u00e9 o\u00f9 la dissipation thermique et la r\u00e9sistance aux tensions transitoires sont cruciales. La <strong>1N5522<\/strong> est \u00e9galement adapt\u00e9e aux circuits de protection contre les inversions de polarit\u00e9 et \u00e0 la r\u00e9gulation de puissance dans les dispositifs \u00e9lectriques \u00e0 haute fr\u00e9quence.<\/p>\n<p>Gr\u00e2ce \u00e0 sa robustesse, elle est \u00e9galement tr\u00e8s utilis\u00e9e dans des applications automobiles, o\u00f9 des conditions de temp\u00e9rature variables et des contraintes de puissance sont courantes. Sa capacit\u00e9 \u00e0 supporter des temp\u00e9ratures \u00e9lev\u00e9es la rend id\u00e9ale pour des applications o\u00f9 la gestion thermique et la fiabilit\u00e9 sont essentielles.<\/p>\n","protected":false},"excerpt":{"rendered":"<ul>\n<li>Diode de redressement en silicium pour applications haute puissance.<\/li>\n<li>Tension inverse maximale de <strong>100 V<\/strong>, courant direct de <strong>3 A<\/strong>.<\/li>\n<li>Utilis\u00e9e dans les circuits de redressement, chargeurs de batteries et \u00e9quipements de contr\u00f4le de puissance.<\/li>\n<li>Excellente r\u00e9sistance aux surtensions et dissipation thermique.<\/li>\n<li>Id\u00e9ale pour les applications industrielles et automobiles.<\/li>\n<\/ul>\n","protected":false},"featured_media":2004,"comment_status":"open","ping_status":"closed","template":"","meta":{"_kad_post_transparent":"default","_kad_post_title":"","_kad_post_layout":"default","_kad_post_sidebar_id":"","_kad_post_content_style":"default","_kad_post_vertical_padding":"default","_kad_post_feature":"","_kad_post_feature_position":"","_kad_post_header":false,"_kad_post_footer":false},"product_brand":[],"product_cat":[16,250,271],"product_tag":[],"class_list":{"0":"post-2016","1":"product","2":"type-product","3":"status-publish","4":"has-post-thumbnail","6":"product_cat-composants-electroniques","7":"product_cat-actifs","8":"product_cat-diodes-et-pont-redresseurs","10":"first","11":"instock","12":"taxable","13":"shipping-taxable","14":"purchasable","15":"product-type-simple","16":"entry","17":"content-bg","18":"loop-entry"},"_links":{"self":[{"href":"https:\/\/placedejeu.kameu-cm.com\/index.php?rest_route=\/wp\/v2\/product\/2016","targetHints":{"allow":["GET"]}}],"collection":[{"href":"https:\/\/placedejeu.kameu-cm.com\/index.php?rest_route=\/wp\/v2\/product"}],"about":[{"href":"https:\/\/placedejeu.kameu-cm.com\/index.php?rest_route=\/wp\/v2\/types\/product"}],"replies":[{"embeddable":true,"href":"https:\/\/placedejeu.kameu-cm.com\/index.php?rest_route=%2Fwp%2Fv2%2Fcomments&post=2016"}],"wp:featuredmedia":[{"embeddable":true,"href":"https:\/\/placedejeu.kameu-cm.com\/index.php?rest_route=\/wp\/v2\/media\/2004"}],"wp:attachment":[{"href":"https:\/\/placedejeu.kameu-cm.com\/index.php?rest_route=%2Fwp%2Fv2%2Fmedia&parent=2016"}],"wp:term":[{"taxonomy":"product_brand","embeddable":true,"href":"https:\/\/placedejeu.kameu-cm.com\/index.php?rest_route=%2Fwp%2Fv2%2Fproduct_brand&post=2016"},{"taxonomy":"product_cat","embeddable":true,"href":"https:\/\/placedejeu.kameu-cm.com\/index.php?rest_route=%2Fwp%2Fv2%2Fproduct_cat&post=2016"},{"taxonomy":"product_tag","embeddable":true,"href":"https:\/\/placedejeu.kameu-cm.com\/index.php?rest_route=%2Fwp%2Fv2%2Fproduct_tag&post=2016"}],"curies":[{"name":"wp","href":"https:\/\/api.w.org\/{rel}","templated":true}]}}