{"id":2019,"date":"2025-02-07T14:27:52","date_gmt":"2025-02-07T13:27:52","guid":{"rendered":"https:\/\/placedejeu.kameu-cm.com\/?post_type=product&#038;p=2019"},"modified":"2025-02-07T14:27:52","modified_gmt":"2025-02-07T13:27:52","slug":"diode-zener-68v","status":"publish","type":"product","link":"https:\/\/placedejeu.kameu-cm.com\/?product=diode-zener-68v","title":{"rendered":"Diode zener 6,8V"},"content":{"rendered":"<p>La <strong>diode Zener<\/strong> est un type particulier de diode qui permet de contr\u00f4ler la tension dans un circuit. Contrairement \u00e0 une diode standard, qui ne permet le passage du courant que dans une seule direction, la diode Zener fonctionne en mode inverse, mais elle permet \u00e0 un courant de passer lorsqu&rsquo;une tension inverse sp\u00e9cifique, appel\u00e9e <strong>tension Zener<\/strong>, est atteinte. Cette caract\u00e9ristique est utilis\u00e9e pour la r\u00e9gulation de la tension dans des circuits \u00e9lectroniques.<\/p>\n<p>La diode Zener est souvent utilis\u00e9e dans les circuits de <strong>clampage de tension<\/strong>, o\u00f9 elle prot\u00e8ge les composants sensibles contre les surtensions, et dans les <strong>r\u00e9gulateurs de tension<\/strong> pour fournir une tension stable dans des circuits d&rsquo;alimentation. Lorsque la tension inverse appliqu\u00e9e \u00e0 la diode Zener atteint ou d\u00e9passe la valeur de la tension Zener, la diode commence \u00e0 conduire, maintenant ainsi la tension \u00e0 une valeur stable, quel que soit le courant circulant dans le circuit, tant qu&rsquo;il ne d\u00e9passe pas la capacit\u00e9 maximale de la diode.<\/p>\n<p>La <strong>diode Zener<\/strong> est utilis\u00e9e dans une vari\u00e9t\u00e9 d&rsquo;applications, y compris les circuits de r\u00e9gulation, les protections de circuits \u00e9lectriques, les sources d&rsquo;alimentation \u00e0 r\u00e9gulation de tension, ainsi que dans les dispositifs de protection contre les surtensions. Elle est disponible dans une large gamme de tensions Zener pour r\u00e9pondre \u00e0 divers besoins sp\u00e9cifiques dans les syst\u00e8mes \u00e9lectroniques.<\/p>\n","protected":false},"excerpt":{"rendered":"<ul>\n<li>Diode utilis\u00e9e pour la r\u00e9gulation de tension en mode inverse.<\/li>\n<li>Fonctionne en permettant le passage du courant lorsqu&rsquo;une tension inverse sp\u00e9cifique (tension Zener) est atteinte.<\/li>\n<li>Utilis\u00e9e pour la protection contre les surtensions et la r\u00e9gulation de tension dans les circuits d&rsquo;alimentation.<\/li>\n<li>Permet de maintenir une tension stable quel que soit le courant dans un circuit.<\/li>\n<li>Utilis\u00e9e dans les dispositifs de protection et les r\u00e9gulateurs de tension.<\/li>\n<\/ul>\n","protected":false},"featured_media":2018,"comment_status":"open","ping_status":"closed","template":"","meta":{"_kad_post_transparent":"default","_kad_post_title":"","_kad_post_layout":"default","_kad_post_sidebar_id":"","_kad_post_content_style":"default","_kad_post_vertical_padding":"default","_kad_post_feature":"","_kad_post_feature_position":"","_kad_post_header":false,"_kad_post_footer":false},"product_brand":[],"product_cat":[16,250,272],"product_tag":[],"class_list":{"0":"post-2019","1":"product","2":"type-product","3":"status-publish","4":"has-post-thumbnail","6":"product_cat-composants-electroniques","7":"product_cat-actifs","8":"product_cat-diodes-zener-tunnel","10":"first","11":"instock","12":"taxable","13":"shipping-taxable","14":"purchasable","15":"product-type-simple","16":"entry","17":"content-bg","18":"loop-entry"},"_links":{"self":[{"href":"https:\/\/placedejeu.kameu-cm.com\/index.php?rest_route=\/wp\/v2\/product\/2019","targetHints":{"allow":["GET"]}}],"collection":[{"href":"https:\/\/placedejeu.kameu-cm.com\/index.php?rest_route=\/wp\/v2\/product"}],"about":[{"href":"https:\/\/placedejeu.kameu-cm.com\/index.php?rest_route=\/wp\/v2\/types\/product"}],"replies":[{"embeddable":true,"href":"https:\/\/placedejeu.kameu-cm.com\/index.php?rest_route=%2Fwp%2Fv2%2Fcomments&post=2019"}],"wp:featuredmedia":[{"embeddable":true,"href":"https:\/\/placedejeu.kameu-cm.com\/index.php?rest_route=\/wp\/v2\/media\/2018"}],"wp:attachment":[{"href":"https:\/\/placedejeu.kameu-cm.com\/index.php?rest_route=%2Fwp%2Fv2%2Fmedia&parent=2019"}],"wp:term":[{"taxonomy":"product_brand","embeddable":true,"href":"https:\/\/placedejeu.kameu-cm.com\/index.php?rest_route=%2Fwp%2Fv2%2Fproduct_brand&post=2019"},{"taxonomy":"product_cat","embeddable":true,"href":"https:\/\/placedejeu.kameu-cm.com\/index.php?rest_route=%2Fwp%2Fv2%2Fproduct_cat&post=2019"},{"taxonomy":"product_tag","embeddable":true,"href":"https:\/\/placedejeu.kameu-cm.com\/index.php?rest_route=%2Fwp%2Fv2%2Fproduct_tag&post=2019"}],"curies":[{"name":"wp","href":"https:\/\/api.w.org\/{rel}","templated":true}]}}