{"id":2033,"date":"2025-02-07T14:49:04","date_gmt":"2025-02-07T13:49:04","guid":{"rendered":"https:\/\/placedejeu.kameu-cm.com\/?post_type=product&#038;p=2033"},"modified":"2025-02-07T14:49:04","modified_gmt":"2025-02-07T13:49:04","slug":"uln2003a","status":"publish","type":"product","link":"https:\/\/placedejeu.kameu-cm.com\/?product=uln2003a","title":{"rendered":"ULN2003A"},"content":{"rendered":"<p>Le <strong>ULN2003A<\/strong> est un circuit int\u00e9gr\u00e9 contenant un ensemble de sept transistors Darlington NPN, con\u00e7u pour \u00eatre utilis\u00e9 comme un pilote de puissance dans des circuits num\u00e9riques. Ce composant est couramment utilis\u00e9 pour piloter des charges inductives telles que des relais, des moteurs pas \u00e0 pas, des LED de puissance et des \u00e9lectrovannes, tout en offrant une isolation entre les circuits logiques \u00e0 faible puissance et les charges \u00e0 haute puissance.<\/p>\n<p>Le <strong>ULN2003A<\/strong> est capable de supporter des tensions jusqu&rsquo;\u00e0 <strong>50 V<\/strong> et des courants jusqu&rsquo;\u00e0 <strong>500 mA<\/strong> par canal, ce qui le rend adapt\u00e9 pour des applications n\u00e9cessitant la commutation de courants et de tensions relativement \u00e9lev\u00e9s. Il est particuli\u00e8rement utile dans des circuits o\u00f9 la commande d&rsquo;un p\u00e9riph\u00e9rique n\u00e9cessite une interface avec des syst\u00e8mes num\u00e9riques, tels que des microcontr\u00f4leurs ou des circuits logiques, tout en prot\u00e9geant ces derniers des charges lourdes.<\/p>\n<p>En plus de ses transistors Darlington, le <strong>ULN2003A<\/strong> int\u00e8gre \u00e9galement des diodes de roue libre pour la protection des transistors contre les surtensions g\u00e9n\u00e9r\u00e9es par les charges inductives lors de la commutation. Ce composant est largement utilis\u00e9 dans des applications comme les contr\u00f4les de moteurs, les syst\u00e8mes d\u2019automatisation, et les dispositifs de commande \u00e0 distance.<\/p>\n","protected":false},"excerpt":{"rendered":"<ul>\n<li>Circuit int\u00e9gr\u00e9 avec 7 transistors Darlington NPN pour piloter des charges de puissance.<\/li>\n<li>Utilis\u00e9 pour piloter des relais, moteurs pas \u00e0 pas, \u00e9lectrovannes, et autres charges inductives.<\/li>\n<li>Tension maximale de <strong>50 V<\/strong>, courant maximal de <strong>500 mA<\/strong> par canal.<\/li>\n<li>Int\u00e8gre des diodes de roue libre pour prot\u00e9ger contre les surtensions.<\/li>\n<li>Id\u00e9al pour interfacer des circuits logiques avec des charges lourdes.<\/li>\n<\/ul>\n","protected":false},"featured_media":2034,"comment_status":"open","ping_status":"closed","template":"","meta":{"_kad_post_transparent":"default","_kad_post_title":"","_kad_post_layout":"default","_kad_post_sidebar_id":"","_kad_post_content_style":"default","_kad_post_vertical_padding":"default","_kad_post_feature":"","_kad_post_feature_position":"","_kad_post_header":false,"_kad_post_footer":false},"product_brand":[],"product_cat":[16,250,270],"product_tag":[],"class_list":{"0":"post-2033","1":"product","2":"type-product","3":"status-publish","4":"has-post-thumbnail","6":"product_cat-composants-electroniques","7":"product_cat-actifs","8":"product_cat-circuits-integres","10":"first","11":"instock","12":"taxable","13":"shipping-taxable","14":"purchasable","15":"product-type-simple","16":"entry","17":"content-bg","18":"loop-entry"},"_links":{"self":[{"href":"https:\/\/placedejeu.kameu-cm.com\/index.php?rest_route=\/wp\/v2\/product\/2033","targetHints":{"allow":["GET"]}}],"collection":[{"href":"https:\/\/placedejeu.kameu-cm.com\/index.php?rest_route=\/wp\/v2\/product"}],"about":[{"href":"https:\/\/placedejeu.kameu-cm.com\/index.php?rest_route=\/wp\/v2\/types\/product"}],"replies":[{"embeddable":true,"href":"https:\/\/placedejeu.kameu-cm.com\/index.php?rest_route=%2Fwp%2Fv2%2Fcomments&post=2033"}],"wp:featuredmedia":[{"embeddable":true,"href":"https:\/\/placedejeu.kameu-cm.com\/index.php?rest_route=\/wp\/v2\/media\/2034"}],"wp:attachment":[{"href":"https:\/\/placedejeu.kameu-cm.com\/index.php?rest_route=%2Fwp%2Fv2%2Fmedia&parent=2033"}],"wp:term":[{"taxonomy":"product_brand","embeddable":true,"href":"https:\/\/placedejeu.kameu-cm.com\/index.php?rest_route=%2Fwp%2Fv2%2Fproduct_brand&post=2033"},{"taxonomy":"product_cat","embeddable":true,"href":"https:\/\/placedejeu.kameu-cm.com\/index.php?rest_route=%2Fwp%2Fv2%2Fproduct_cat&post=2033"},{"taxonomy":"product_tag","embeddable":true,"href":"https:\/\/placedejeu.kameu-cm.com\/index.php?rest_route=%2Fwp%2Fv2%2Fproduct_tag&post=2033"}],"curies":[{"name":"wp","href":"https:\/\/api.w.org\/{rel}","templated":true}]}}