{"id":2037,"date":"2025-02-07T14:53:50","date_gmt":"2025-02-07T13:53:50","guid":{"rendered":"https:\/\/placedejeu.kameu-cm.com\/?post_type=product&#038;p=2037"},"modified":"2025-02-07T14:53:50","modified_gmt":"2025-02-07T13:53:50","slug":"ir2113","status":"publish","type":"product","link":"https:\/\/placedejeu.kameu-cm.com\/?product=ir2113","title":{"rendered":"IR2113"},"content":{"rendered":"<p>Le <strong>IR2113<\/strong> est un circuit int\u00e9gr\u00e9 driver haute et basse tension con\u00e7u pour contr\u00f4ler les transistors MOSFET (Metal-Oxide-Semiconductor Field-Effect Transistor) ou les IGBT (Insulated Gate Bipolar Transistor) dans des applications de commutation de puissance. Il est souvent utilis\u00e9 dans les syst\u00e8mes de conversion de puissance \u00e0 haute fr\u00e9quence, tels que les onduleurs, les convertisseurs de puissance, les alimentations \u00e0 d\u00e9coupage, et les circuits de commande de moteurs, o\u00f9 une gestion efficace des commutateurs \u00e0 haute vitesse est essentielle.<\/p>\n<p>Le <strong>IR2113<\/strong> permet de piloter des MOSFETs ou des IGBTs avec une tension d\u2019alimentation de <strong>10 V \u00e0 20 V<\/strong> pour la commande des parties haute et basse de son pont. Il est con\u00e7u pour fonctionner avec des tensions de drain allant jusqu&rsquo;\u00e0 <strong>600 V<\/strong>, ce qui le rend adapt\u00e9 aux applications industrielles et automobiles \u00e0 haute puissance. Ce composant offre une r\u00e9sistance faible lors de l&rsquo;\u00e9tat passant, minimisant ainsi les pertes d&rsquo;\u00e9nergie et augmentant l&rsquo;efficacit\u00e9 des syst\u00e8mes.<\/p>\n<p>Il dispose \u00e9galement de protections int\u00e9gr\u00e9es contre les courts-circuits et de circuits de d\u00e9tection de dysfonctionnements pour garantir la fiabilit\u00e9 et la s\u00e9curit\u00e9 dans des environnements exigeants. Le <strong>IR2113<\/strong> est particuli\u00e8rement adapt\u00e9 pour des applications telles que les moteurs \u00e0 courant continu et \u00e0 courant alternatif, les onduleurs pour panneaux solaires, et d&rsquo;autres applications n\u00e9cessitant une conversion et une gestion de la puissance de mani\u00e8re efficace et rapide.<\/p>\n","protected":false},"excerpt":{"rendered":"<ul>\n<li>Driver haute et basse tension pour MOSFETs et IGBTs dans des applications de commutation de puissance.<\/li>\n<li>Tension maximale support\u00e9e : <strong>600 V<\/strong>.<\/li>\n<li>Alimentation de commande : <strong>10 V \u00e0 20 V<\/strong>.<\/li>\n<li>Utilis\u00e9 dans des applications telles que les onduleurs, les convertisseurs de puissance, et la commande de moteurs.<\/li>\n<li>Offre une faible r\u00e9sistance \u00e0 l&rsquo;\u00e9tat passant pour une efficacit\u00e9 accrue.<\/li>\n<li>Int\u00e8gre des protections contre les courts-circuits et circuits de d\u00e9tection pour une s\u00e9curit\u00e9 optimale.<\/li>\n<\/ul>\n","protected":false},"featured_media":2032,"comment_status":"open","ping_status":"closed","template":"","meta":{"_kad_post_transparent":"default","_kad_post_title":"","_kad_post_layout":"default","_kad_post_sidebar_id":"","_kad_post_content_style":"default","_kad_post_vertical_padding":"default","_kad_post_feature":"","_kad_post_feature_position":"","_kad_post_header":false,"_kad_post_footer":false},"product_brand":[],"product_cat":[16,250,270],"product_tag":[],"class_list":{"0":"post-2037","1":"product","2":"type-product","3":"status-publish","4":"has-post-thumbnail","6":"product_cat-composants-electroniques","7":"product_cat-actifs","8":"product_cat-circuits-integres","10":"first","11":"instock","12":"taxable","13":"shipping-taxable","14":"purchasable","15":"product-type-simple","16":"entry","17":"content-bg","18":"loop-entry"},"_links":{"self":[{"href":"https:\/\/placedejeu.kameu-cm.com\/index.php?rest_route=\/wp\/v2\/product\/2037","targetHints":{"allow":["GET"]}}],"collection":[{"href":"https:\/\/placedejeu.kameu-cm.com\/index.php?rest_route=\/wp\/v2\/product"}],"about":[{"href":"https:\/\/placedejeu.kameu-cm.com\/index.php?rest_route=\/wp\/v2\/types\/product"}],"replies":[{"embeddable":true,"href":"https:\/\/placedejeu.kameu-cm.com\/index.php?rest_route=%2Fwp%2Fv2%2Fcomments&post=2037"}],"wp:featuredmedia":[{"embeddable":true,"href":"https:\/\/placedejeu.kameu-cm.com\/index.php?rest_route=\/wp\/v2\/media\/2032"}],"wp:attachment":[{"href":"https:\/\/placedejeu.kameu-cm.com\/index.php?rest_route=%2Fwp%2Fv2%2Fmedia&parent=2037"}],"wp:term":[{"taxonomy":"product_brand","embeddable":true,"href":"https:\/\/placedejeu.kameu-cm.com\/index.php?rest_route=%2Fwp%2Fv2%2Fproduct_brand&post=2037"},{"taxonomy":"product_cat","embeddable":true,"href":"https:\/\/placedejeu.kameu-cm.com\/index.php?rest_route=%2Fwp%2Fv2%2Fproduct_cat&post=2037"},{"taxonomy":"product_tag","embeddable":true,"href":"https:\/\/placedejeu.kameu-cm.com\/index.php?rest_route=%2Fwp%2Fv2%2Fproduct_tag&post=2037"}],"curies":[{"name":"wp","href":"https:\/\/api.w.org\/{rel}","templated":true}]}}