{"id":2039,"date":"2025-02-07T14:56:16","date_gmt":"2025-02-07T13:56:16","guid":{"rendered":"https:\/\/placedejeu.kameu-cm.com\/?post_type=product&#038;p=2039"},"modified":"2025-02-07T14:56:16","modified_gmt":"2025-02-07T13:56:16","slug":"ir2104","status":"publish","type":"product","link":"https:\/\/placedejeu.kameu-cm.com\/?product=ir2104","title":{"rendered":"IR2104"},"content":{"rendered":"<p>Le <strong>IR2104<\/strong> est un circuit int\u00e9gr\u00e9 driver haute et basse tension con\u00e7u pour contr\u00f4ler des MOSFETs ou des IGBTs dans des applications de commutation de puissance, comme les onduleurs, les hacheurs, et les alimentations \u00e0 d\u00e9coupage. Ce driver est particuli\u00e8rement adapt\u00e9 pour piloter des transistors de puissance dans des configurations de pont H, o\u00f9 il permet de g\u00e9rer efficacement la commutation des charges \u00e0 haute vitesse tout en offrant des performances fiables.<\/p>\n<p>Le <strong>IR2104<\/strong> peut \u00eatre utilis\u00e9 avec des tensions de drain allant jusqu&rsquo;\u00e0 <strong>500 V<\/strong>, ce qui le rend id\u00e9al pour les applications \u00e0 haute tension. Il est aliment\u00e9 par des tensions d&rsquo;entr\u00e9e de <strong>10 V \u00e0 20 V<\/strong>, offrant ainsi une grande flexibilit\u00e9 pour la commande de transistors MOSFET ou IGBT. Ce composant dispose \u00e9galement d\u2019une faible r\u00e9sistance \u00e0 l&rsquo;\u00e9tat passant, r\u00e9duisant les pertes d&rsquo;\u00e9nergie et am\u00e9liorant l&rsquo;efficacit\u00e9 du syst\u00e8me.<\/p>\n<p>L&rsquo;<strong>IR2104<\/strong> int\u00e8gre des protections contre les courts-circuits, les surcharges, et des circuits de d\u00e9tection de dysfonctionnements pour garantir une utilisation fiable et s\u00e9curis\u00e9e dans des environnements de puissance. Il est largement utilis\u00e9 dans les applications industrielles, notamment pour les contr\u00f4les de moteurs, les onduleurs pour syst\u00e8mes photovolta\u00efques, ainsi que pour les alimentations \u00e0 d\u00e9coupage et les convertisseurs de puissance.<\/p>\n","protected":false},"excerpt":{"rendered":"<ul>\n<li>Driver haute et basse tension pour MOSFETs et IGBTs dans des applications de commutation de puissance.<\/li>\n<li>Tension maximale support\u00e9e : <strong>500 V<\/strong>.<\/li>\n<li>Alimentation de commande : <strong>10 V \u00e0 20 V<\/strong>.<\/li>\n<li>Utilis\u00e9 dans des applications comme les onduleurs, les hacheurs et les alimentations \u00e0 d\u00e9coupage.<\/li>\n<li>Offre une faible r\u00e9sistance \u00e0 l&rsquo;\u00e9tat passant pour am\u00e9liorer l&rsquo;efficacit\u00e9 \u00e9nerg\u00e9tique.<\/li>\n<li>Int\u00e8gre des protections contre les courts-circuits et les surcharges pour une utilisation fiable.<\/li>\n<\/ul>\n","protected":false},"featured_media":2032,"comment_status":"open","ping_status":"closed","template":"","meta":{"_kad_post_transparent":"default","_kad_post_title":"","_kad_post_layout":"default","_kad_post_sidebar_id":"","_kad_post_content_style":"default","_kad_post_vertical_padding":"default","_kad_post_feature":"","_kad_post_feature_position":"","_kad_post_header":false,"_kad_post_footer":false},"product_brand":[],"product_cat":[16,250,270],"product_tag":[],"class_list":{"0":"post-2039","1":"product","2":"type-product","3":"status-publish","4":"has-post-thumbnail","6":"product_cat-composants-electroniques","7":"product_cat-actifs","8":"product_cat-circuits-integres","10":"first","11":"instock","12":"taxable","13":"shipping-taxable","14":"purchasable","15":"product-type-simple","16":"entry","17":"content-bg","18":"loop-entry"},"_links":{"self":[{"href":"https:\/\/placedejeu.kameu-cm.com\/index.php?rest_route=\/wp\/v2\/product\/2039","targetHints":{"allow":["GET"]}}],"collection":[{"href":"https:\/\/placedejeu.kameu-cm.com\/index.php?rest_route=\/wp\/v2\/product"}],"about":[{"href":"https:\/\/placedejeu.kameu-cm.com\/index.php?rest_route=\/wp\/v2\/types\/product"}],"replies":[{"embeddable":true,"href":"https:\/\/placedejeu.kameu-cm.com\/index.php?rest_route=%2Fwp%2Fv2%2Fcomments&post=2039"}],"wp:featuredmedia":[{"embeddable":true,"href":"https:\/\/placedejeu.kameu-cm.com\/index.php?rest_route=\/wp\/v2\/media\/2032"}],"wp:attachment":[{"href":"https:\/\/placedejeu.kameu-cm.com\/index.php?rest_route=%2Fwp%2Fv2%2Fmedia&parent=2039"}],"wp:term":[{"taxonomy":"product_brand","embeddable":true,"href":"https:\/\/placedejeu.kameu-cm.com\/index.php?rest_route=%2Fwp%2Fv2%2Fproduct_brand&post=2039"},{"taxonomy":"product_cat","embeddable":true,"href":"https:\/\/placedejeu.kameu-cm.com\/index.php?rest_route=%2Fwp%2Fv2%2Fproduct_cat&post=2039"},{"taxonomy":"product_tag","embeddable":true,"href":"https:\/\/placedejeu.kameu-cm.com\/index.php?rest_route=%2Fwp%2Fv2%2Fproduct_tag&post=2039"}],"curies":[{"name":"wp","href":"https:\/\/api.w.org\/{rel}","templated":true}]}}