{"id":2040,"date":"2025-02-07T14:57:50","date_gmt":"2025-02-07T13:57:50","guid":{"rendered":"https:\/\/placedejeu.kameu-cm.com\/?post_type=product&#038;p=2040"},"modified":"2025-02-14T15:29:41","modified_gmt":"2025-02-14T14:29:41","slug":"74hc595n","status":"publish","type":"product","link":"https:\/\/placedejeu.kameu-cm.com\/?product=74hc595n","title":{"rendered":"74HC595N"},"content":{"rendered":"<p>Le <strong>74HC595N<\/strong> est un registre \u00e0 d\u00e9calage \u00e0 8 bits avec un verrouillage, utilis\u00e9 principalement pour \u00e9tendre le nombre de sorties d&rsquo;un microcontr\u00f4leur ou d&rsquo;un syst\u00e8me de commande. Ce circuit int\u00e9gr\u00e9 est souvent utilis\u00e9 pour contr\u00f4ler de nombreux dispositifs comme des LED, des relais, des moteurs, ou des affichages \u00e0 sept segments, en r\u00e9duisant le nombre de broches n\u00e9cessaires pour contr\u00f4ler ces composants. Il est largement utilis\u00e9 dans des projets Arduino et dans des applications o\u00f9 un nombre \u00e9lev\u00e9 de sorties num\u00e9riques est requis.<\/p>\n<p>Le <strong>74HC595N<\/strong> fonctionne en s\u00e9rie, ce qui signifie qu&rsquo;il peut recevoir des donn\u00e9es en s\u00e9rie et les convertir en une sortie parall\u00e8le. Il int\u00e8gre un registre \u00e0 d\u00e9calage de 8 bits qui peut stocker les donn\u00e9es re\u00e7ues, et un registre de verrouillage permettant de maintenir l&rsquo;\u00e9tat des sorties sans avoir besoin de les rafra\u00eechir constamment. Cela permet de r\u00e9duire le besoin de lignes de commande et de simplifier la conception du circuit.<\/p>\n<p>Le <strong>74HC595N<\/strong> fonctionne avec des tensions d\u2019alimentation de <strong>2 V \u00e0 6 V<\/strong>, ce qui le rend compatible avec une large gamme de syst\u00e8mes. Il permet de piloter des sorties avec une capacit\u00e9 de courant mod\u00e9r\u00e9e, id\u00e9ale pour des applications n\u00e9cessitant un contr\u00f4le simple et efficace des dispositifs externes.<\/p>\n","protected":false},"excerpt":{"rendered":"<ul>\n<li>Registre \u00e0 d\u00e9calage 8 bits avec verrouillage, utilis\u00e9 pour \u00e9tendre le nombre de sorties num\u00e9riques.<\/li>\n<li>Permet de contr\u00f4ler des dispositifs comme des LED, des relais et des affichages \u00e0 sept segments.<\/li>\n<li>Fonctionne en s\u00e9rie pour recevoir les donn\u00e9es et les convertir en sorties parall\u00e8les.<\/li>\n<li>Alimentation : <strong>2 V \u00e0 6 V<\/strong>.<\/li>\n<li>Utilis\u00e9 dans des applications n\u00e9cessitant un contr\u00f4le simple avec une r\u00e9duction des lignes de commande.<\/li>\n<li>Id\u00e9al pour les projets Arduino et autres syst\u00e8mes n\u00e9cessitant plusieurs sorties de faible courant.<\/li>\n<\/ul>\n","protected":false},"featured_media":2041,"comment_status":"open","ping_status":"closed","template":"","meta":{"_kad_post_transparent":"default","_kad_post_title":"","_kad_post_layout":"default","_kad_post_sidebar_id":"","_kad_post_content_style":"default","_kad_post_vertical_padding":"default","_kad_post_feature":"","_kad_post_feature_position":"","_kad_post_header":false,"_kad_post_footer":false},"product_brand":[],"product_cat":[16,250,270],"product_tag":[],"class_list":{"0":"post-2040","1":"product","2":"type-product","3":"status-publish","4":"has-post-thumbnail","6":"product_cat-composants-electroniques","7":"product_cat-actifs","8":"product_cat-circuits-integres","10":"first","11":"instock","12":"taxable","13":"shipping-taxable","14":"purchasable","15":"product-type-simple","16":"entry","17":"content-bg","18":"loop-entry"},"_links":{"self":[{"href":"https:\/\/placedejeu.kameu-cm.com\/index.php?rest_route=\/wp\/v2\/product\/2040","targetHints":{"allow":["GET"]}}],"collection":[{"href":"https:\/\/placedejeu.kameu-cm.com\/index.php?rest_route=\/wp\/v2\/product"}],"about":[{"href":"https:\/\/placedejeu.kameu-cm.com\/index.php?rest_route=\/wp\/v2\/types\/product"}],"replies":[{"embeddable":true,"href":"https:\/\/placedejeu.kameu-cm.com\/index.php?rest_route=%2Fwp%2Fv2%2Fcomments&post=2040"}],"wp:featuredmedia":[{"embeddable":true,"href":"https:\/\/placedejeu.kameu-cm.com\/index.php?rest_route=\/wp\/v2\/media\/2041"}],"wp:attachment":[{"href":"https:\/\/placedejeu.kameu-cm.com\/index.php?rest_route=%2Fwp%2Fv2%2Fmedia&parent=2040"}],"wp:term":[{"taxonomy":"product_brand","embeddable":true,"href":"https:\/\/placedejeu.kameu-cm.com\/index.php?rest_route=%2Fwp%2Fv2%2Fproduct_brand&post=2040"},{"taxonomy":"product_cat","embeddable":true,"href":"https:\/\/placedejeu.kameu-cm.com\/index.php?rest_route=%2Fwp%2Fv2%2Fproduct_cat&post=2040"},{"taxonomy":"product_tag","embeddable":true,"href":"https:\/\/placedejeu.kameu-cm.com\/index.php?rest_route=%2Fwp%2Fv2%2Fproduct_tag&post=2040"}],"curies":[{"name":"wp","href":"https:\/\/api.w.org\/{rel}","templated":true}]}}