{"id":2042,"date":"2025-02-07T14:59:44","date_gmt":"2025-02-07T13:59:44","guid":{"rendered":"https:\/\/placedejeu.kameu-cm.com\/?post_type=product&#038;p=2042"},"modified":"2025-02-07T14:59:44","modified_gmt":"2025-02-07T13:59:44","slug":"uln2803a","status":"publish","type":"product","link":"https:\/\/placedejeu.kameu-cm.com\/?product=uln2803a","title":{"rendered":"ULN2803A"},"content":{"rendered":"<p>Le <strong>ULN2803A<\/strong> est un circuit int\u00e9gr\u00e9 contenant un ensemble de huit transistors Darlington NPN, con\u00e7u pour \u00eatre utilis\u00e9 comme un driver pour des charges \u00e0 haute puissance telles que des relais, des moteurs, des lampes, et d\u2019autres composants n\u00e9cessitant un courant \u00e9lev\u00e9. Il est largement utilis\u00e9 dans des applications de commande industrielle et de contr\u00f4le automatique, notamment dans les syst\u00e8mes de commande de moteurs, les syst\u00e8mes d&rsquo;automatisation, et les circuits de commande de relais.<\/p>\n<p>Chaque sortie du <strong>ULN2803A<\/strong> peut d\u00e9livrer un courant de <strong>jusqu&rsquo;\u00e0 500 mA<\/strong> par canal avec une tension de commande pouvant atteindre <strong>50 V<\/strong>, ce qui le rend adapt\u00e9 pour piloter une large vari\u00e9t\u00e9 de charges. Ce circuit int\u00e9gr\u00e9 est capable de g\u00e9rer des tensions et courants relativement \u00e9lev\u00e9s tout en r\u00e9duisant la charge sur les circuits de commande, tels que les microcontr\u00f4leurs, qui peuvent piloter les entr\u00e9es du <strong>ULN2803A<\/strong> avec de faibles niveaux de tension (par exemple, <strong>5 V ou 3,3 V<\/strong>).<\/p>\n<p>L&rsquo;<strong>ULN2803A<\/strong> poss\u00e8de \u00e9galement des diodes de roue libre internes pour prot\u00e9ger les transistors de commutation contre les tensions inverses g\u00e9n\u00e9r\u00e9es par les charges inductives, comme celles des relais ou des moteurs. Cela assure une long\u00e9vit\u00e9 accrue et une protection contre les surtensions. Il est couramment utilis\u00e9 dans les syst\u00e8mes de contr\u00f4le d&rsquo;\u00e9clairage, les syst\u00e8mes de contr\u00f4le de moteurs et dans des applications n\u00e9cessitant une commutation de courant \u00e9lev\u00e9e tout en simplifiant la conception des circuits de commande.<\/p>\n","protected":false},"excerpt":{"rendered":"<ul>\n<li>Circuit int\u00e9gr\u00e9 avec 8 transistors Darlington NPN pour piloter des charges \u00e0 haute puissance.<\/li>\n<li>Capacit\u00e9 de courant : <strong>500 mA<\/strong> par canal, avec une tension de commande jusqu&rsquo;\u00e0 <strong>50 V<\/strong>.<\/li>\n<li>Id\u00e9al pour piloter des relais, des moteurs, des lampes, et d&rsquo;autres composants n\u00e9cessitant un courant \u00e9lev\u00e9.<\/li>\n<li>Prot\u00e8ge les circuits de commande avec des diodes de roue libre internes pour \u00e9viter les surtensions.<\/li>\n<li>Fonctionne avec des tensions de commande faibles (par exemple, <strong>5 V<\/strong> ou <strong>3,3 V<\/strong>).<\/li>\n<li>Utilis\u00e9 dans des applications telles que le contr\u00f4le de moteurs, l&rsquo;automatisation industrielle, et les syst\u00e8mes d&rsquo;\u00e9clairage.<\/li>\n<\/ul>\n","protected":false},"featured_media":2041,"comment_status":"open","ping_status":"closed","template":"","meta":{"_kad_post_transparent":"default","_kad_post_title":"","_kad_post_layout":"default","_kad_post_sidebar_id":"","_kad_post_content_style":"default","_kad_post_vertical_padding":"default","_kad_post_feature":"","_kad_post_feature_position":"","_kad_post_header":false,"_kad_post_footer":false},"product_brand":[],"product_cat":[16,250,270],"product_tag":[],"class_list":{"0":"post-2042","1":"product","2":"type-product","3":"status-publish","4":"has-post-thumbnail","6":"product_cat-composants-electroniques","7":"product_cat-actifs","8":"product_cat-circuits-integres","10":"first","11":"instock","12":"taxable","13":"shipping-taxable","14":"purchasable","15":"product-type-simple","16":"entry","17":"content-bg","18":"loop-entry"},"_links":{"self":[{"href":"https:\/\/placedejeu.kameu-cm.com\/index.php?rest_route=\/wp\/v2\/product\/2042","targetHints":{"allow":["GET"]}}],"collection":[{"href":"https:\/\/placedejeu.kameu-cm.com\/index.php?rest_route=\/wp\/v2\/product"}],"about":[{"href":"https:\/\/placedejeu.kameu-cm.com\/index.php?rest_route=\/wp\/v2\/types\/product"}],"replies":[{"embeddable":true,"href":"https:\/\/placedejeu.kameu-cm.com\/index.php?rest_route=%2Fwp%2Fv2%2Fcomments&post=2042"}],"wp:featuredmedia":[{"embeddable":true,"href":"https:\/\/placedejeu.kameu-cm.com\/index.php?rest_route=\/wp\/v2\/media\/2041"}],"wp:attachment":[{"href":"https:\/\/placedejeu.kameu-cm.com\/index.php?rest_route=%2Fwp%2Fv2%2Fmedia&parent=2042"}],"wp:term":[{"taxonomy":"product_brand","embeddable":true,"href":"https:\/\/placedejeu.kameu-cm.com\/index.php?rest_route=%2Fwp%2Fv2%2Fproduct_brand&post=2042"},{"taxonomy":"product_cat","embeddable":true,"href":"https:\/\/placedejeu.kameu-cm.com\/index.php?rest_route=%2Fwp%2Fv2%2Fproduct_cat&post=2042"},{"taxonomy":"product_tag","embeddable":true,"href":"https:\/\/placedejeu.kameu-cm.com\/index.php?rest_route=%2Fwp%2Fv2%2Fproduct_tag&post=2042"}],"curies":[{"name":"wp","href":"https:\/\/api.w.org\/{rel}","templated":true}]}}