{"id":2043,"date":"2025-02-07T15:01:45","date_gmt":"2025-02-07T14:01:45","guid":{"rendered":"https:\/\/placedejeu.kameu-cm.com\/?post_type=product&#038;p=2043"},"modified":"2025-02-07T15:01:45","modified_gmt":"2025-02-07T14:01:45","slug":"mcp-1407-e-p","status":"publish","type":"product","link":"https:\/\/placedejeu.kameu-cm.com\/?product=mcp-1407-e-p","title":{"rendered":"MCP 1407-E\/P"},"content":{"rendered":"<p>Le <strong>MCP1407-E\/P<\/strong> est un circuit int\u00e9gr\u00e9 driver de MOSFET haute vitesse \u00e0 deux canaux, con\u00e7u pour piloter des MOSFETs ou des transistors de type IGBT dans des applications de commutation de puissance \u00e0 haute vitesse. Ce driver est particuli\u00e8rement adapt\u00e9 aux applications de conversion de puissance, telles que les alimentations \u00e0 d\u00e9coupage, les onduleurs, et les contr\u00f4les de moteurs. Le <strong>MCP1407-E\/P<\/strong> est utilis\u00e9 pour fournir la puissance n\u00e9cessaire pour commuter rapidement les MOSFETs ou IGBTs, tout en minimisant les pertes d&rsquo;\u00e9nergie et en am\u00e9liorant l&rsquo;efficacit\u00e9 globale du syst\u00e8me.<\/p>\n<p>Ce driver est capable de fournir une capacit\u00e9 de sortie \u00e9lev\u00e9e, avec une forte capacit\u00e9 de courant de <strong>6 A<\/strong> en source et <strong>6 A<\/strong> en sink, ce qui permet de commuter rapidement des MOSFETs de grande puissance. Le <strong>MCP1407-E\/P<\/strong> peut supporter des tensions d&rsquo;alimentation de <strong>4,5 V \u00e0 18 V<\/strong>, et est capable de fonctionner \u00e0 des vitesses d&rsquo;oscillation \u00e9lev\u00e9es, ce qui est essentiel dans des applications o\u00f9 la commutation rapide des transistors est requise. Il est con\u00e7u pour offrir une faible r\u00e9sistance \u00e0 l&rsquo;\u00e9tat passant, garantissant des pertes minimales dans les circuits de commutation.<\/p>\n<p>Le <strong>MCP1407-E\/P<\/strong> est \u00e9galement \u00e9quip\u00e9 de protections contre les courts-circuits et les erreurs de commutation, garantissant un fonctionnement fiable et s\u00e9curis\u00e9, m\u00eame dans des environnements de puissance exigeants. Il est couramment utilis\u00e9 dans des syst\u00e8mes o\u00f9 la performance de commutation rapide est cruciale, tout en offrant une grande fiabilit\u00e9.<\/p>\n","protected":false},"excerpt":{"rendered":"<ul>\n<li>Driver de MOSFET haute vitesse \u00e0 deux canaux, con\u00e7u pour des applications de commutation de puissance.<\/li>\n<li>Capacit\u00e9 de sortie : <strong>6 A<\/strong> en source et <strong>6 A<\/strong> en sink.<\/li>\n<li>Alimentation : <strong>4,5 V \u00e0 18 V<\/strong>.<\/li>\n<li>Utilis\u00e9 pour piloter des MOSFETs ou IGBTs dans des applications comme les alimentations \u00e0 d\u00e9coupage, les onduleurs et le contr\u00f4le de moteurs.<\/li>\n<li>Faible r\u00e9sistance \u00e0 l&rsquo;\u00e9tat passant pour r\u00e9duire les pertes d&rsquo;\u00e9nergie.<\/li>\n<li>Prot\u00e9g\u00e9 contre les courts-circuits et les erreurs de commutation pour une fiabilit\u00e9 accrue.<\/li>\n<\/ul>\n","protected":false},"featured_media":2032,"comment_status":"open","ping_status":"closed","template":"","meta":{"_kad_post_transparent":"default","_kad_post_title":"","_kad_post_layout":"default","_kad_post_sidebar_id":"","_kad_post_content_style":"default","_kad_post_vertical_padding":"default","_kad_post_feature":"","_kad_post_feature_position":"","_kad_post_header":false,"_kad_post_footer":false},"product_brand":[],"product_cat":[16,250,270],"product_tag":[],"class_list":{"0":"post-2043","1":"product","2":"type-product","3":"status-publish","4":"has-post-thumbnail","6":"product_cat-composants-electroniques","7":"product_cat-actifs","8":"product_cat-circuits-integres","10":"first","11":"instock","12":"taxable","13":"shipping-taxable","14":"purchasable","15":"product-type-simple","16":"entry","17":"content-bg","18":"loop-entry"},"_links":{"self":[{"href":"https:\/\/placedejeu.kameu-cm.com\/index.php?rest_route=\/wp\/v2\/product\/2043","targetHints":{"allow":["GET"]}}],"collection":[{"href":"https:\/\/placedejeu.kameu-cm.com\/index.php?rest_route=\/wp\/v2\/product"}],"about":[{"href":"https:\/\/placedejeu.kameu-cm.com\/index.php?rest_route=\/wp\/v2\/types\/product"}],"replies":[{"embeddable":true,"href":"https:\/\/placedejeu.kameu-cm.com\/index.php?rest_route=%2Fwp%2Fv2%2Fcomments&post=2043"}],"wp:featuredmedia":[{"embeddable":true,"href":"https:\/\/placedejeu.kameu-cm.com\/index.php?rest_route=\/wp\/v2\/media\/2032"}],"wp:attachment":[{"href":"https:\/\/placedejeu.kameu-cm.com\/index.php?rest_route=%2Fwp%2Fv2%2Fmedia&parent=2043"}],"wp:term":[{"taxonomy":"product_brand","embeddable":true,"href":"https:\/\/placedejeu.kameu-cm.com\/index.php?rest_route=%2Fwp%2Fv2%2Fproduct_brand&post=2043"},{"taxonomy":"product_cat","embeddable":true,"href":"https:\/\/placedejeu.kameu-cm.com\/index.php?rest_route=%2Fwp%2Fv2%2Fproduct_cat&post=2043"},{"taxonomy":"product_tag","embeddable":true,"href":"https:\/\/placedejeu.kameu-cm.com\/index.php?rest_route=%2Fwp%2Fv2%2Fproduct_tag&post=2043"}],"curies":[{"name":"wp","href":"https:\/\/api.w.org\/{rel}","templated":true}]}}