{"id":2052,"date":"2025-02-08T13:49:08","date_gmt":"2025-02-08T12:49:08","guid":{"rendered":"https:\/\/placedejeu.kameu-cm.com\/?post_type=product&#038;p=2052"},"modified":"2025-02-08T14:31:32","modified_gmt":"2025-02-08T13:31:32","slug":"ipbx-grandstream-ucm6302-en-vente-au-cameroun","status":"publish","type":"product","link":"https:\/\/placedejeu.kameu-cm.com\/?product=ipbx-grandstream-ucm6302-en-vente-au-cameroun","title":{"rendered":"IPBX Grandstream UCM6302A en vente au Cameroun"},"content":{"rendered":"<div id=\"tab-description\" class=\"tab-content resp-tab-content resp-tab-content-active\" aria-labelledby=\"tab_item-0\">\n<p><span style=\"color: #000000;\">Gamme UCM6300 : Solution de communication unifi\u00e9e de niveau professionnel<\/span><\/p>\n<p><span style=\"color: #000000;\">La s\u00e9rie UCM6300 permet aux entreprises de mettre en place des solutions de communication et de collaboration unifi\u00e9es efficaces et \u00e9volutives. La s\u00e9rie d\u2019appareils PBX IP offre une plateforme qui unifie toutes les communications d\u2019entreprise sur un r\u00e9seau centralis\u00e9, y compris la voix, les appels vid\u00e9o, les vid\u00e9oconf\u00e9rences, la vid\u00e9osurveillance, les r\u00e9unions en ligne, les donn\u00e9es, l\u2019analyse, la mobilit\u00e9, l\u2019acc\u00e8s aux installations, les interphones, etc. La s\u00e9rie UCM6300 prend en charge jusqu\u2019\u00e0 3000 utilisateurs et comprend une solution int\u00e9gr\u00e9e de r\u00e9unions en ligne et de vid\u00e9oconf\u00e9rence qui permet aux employ\u00e9s de se connecter depuis leur ordinateur de bureau, leur t\u00e9l\u00e9phone portable, les appareils de la s\u00e9rie GVC et les t\u00e9l\u00e9phones IP. Elle peut \u00eatre associ\u00e9e \u00e0 l\u2019\u00e9cosyst\u00e8me UCM6300 pour offrir une plateforme hybride qui combine le contr\u00f4le d\u2019un PBX IP sur site avec l\u2019acc\u00e8s \u00e0 distance d\u2019une solution cloud. L\u2019\u00e9cosyst\u00e8me UCM6300 se compose de l\u2019application Wave pour le web et les t\u00e9l\u00e9phones portables, qui fournit un concentrateur pour la collaboration \u00e0 distance, et de UCM RemoteConnect, un service de travers\u00e9e NAT dans le cloud pour assurer des connexions \u00e0 distance s\u00e9curis\u00e9es. La s\u00e9rie UCM6300 offre \u00e9galement une configuration et une gestion du cloud par GDMS et une API pour l\u2019int\u00e9gration avec des plateformes tierces. En offrant une solution de communication et de collaboration unifi\u00e9es haut de s\u00e9rie, dot\u00e9e d\u2019une suite d\u2019outils de mobilit\u00e9, de s\u00e9curit\u00e9, de r\u00e9union et de collaboration, la s\u00e9rie UCM6300 propose une plateforme puissante pour toute organisation.<\/span><\/p>\n<\/div>\n<h2 class=\"resp-accordion\" role=\"tab\" aria-controls=\"tab_item-1\"><span style=\"color: #000000;\">Avis (0)<\/span><\/h2>\n","protected":false},"excerpt":{"rendered":"<p><strong><span style=\"color: #000000;\">1000 utilisateurs, 150 appels simultan\u00e9s<\/span><\/strong><br \/>\n<strong><span style=\"color: #000000;\">\u2013 3 salles de Vid\u00e9oconf\u00e9rences (20 interlocuteurs en 1080p)<\/span><\/strong><br \/>\n<strong><span style=\"color: #000000;\">\u2013 Conf\u00e9rence vocale (150 interlocuteurs)<\/span><\/strong><br \/>\n<strong><span style=\"color: #000000;\">\u2013 2 X FXS \u2013 2 X FXO<\/span><\/strong><br \/>\n<strong><span style=\"color: #000000;\">\u2013 1 X USB 3.0 \u2013 1 X USB 2.0 \u2013 1 SD Card<\/span><\/strong><br \/>\n<strong><span style=\"color: #000000;\">\u2013 NAT router \u2013 3 X 10\/100\/1000M PoE+<\/span><\/strong><br \/>\n<strong><span style=\"color: #000000;\">\u2013 Montage mural ou sur bureau<\/span><\/strong><\/p>\n","protected":false},"featured_media":2056,"comment_status":"open","ping_status":"closed","template":"","meta":{"_kad_post_transparent":"default","_kad_post_title":"","_kad_post_layout":"default","_kad_post_sidebar_id":"","_kad_post_content_style":"default","_kad_post_vertical_padding":"default","_kad_post_feature":"","_kad_post_feature_position":"","_kad_post_header":false,"_kad_post_footer":false},"product_brand":[],"product_cat":[376,379,245],"product_tag":[],"class_list":{"0":"post-2052","1":"product","2":"type-product","3":"status-publish","4":"has-post-thumbnail","6":"product_cat-pabx-ip","7":"product_cat-pbx-grandstream","8":"product_cat-produits-ip","10":"first","11":"instock","12":"taxable","13":"shipping-taxable","14":"purchasable","15":"product-type-simple","16":"entry","17":"content-bg","18":"loop-entry"},"_links":{"self":[{"href":"https:\/\/placedejeu.kameu-cm.com\/index.php?rest_route=\/wp\/v2\/product\/2052","targetHints":{"allow":["GET"]}}],"collection":[{"href":"https:\/\/placedejeu.kameu-cm.com\/index.php?rest_route=\/wp\/v2\/product"}],"about":[{"href":"https:\/\/placedejeu.kameu-cm.com\/index.php?rest_route=\/wp\/v2\/types\/product"}],"replies":[{"embeddable":true,"href":"https:\/\/placedejeu.kameu-cm.com\/index.php?rest_route=%2Fwp%2Fv2%2Fcomments&post=2052"}],"wp:featuredmedia":[{"embeddable":true,"href":"https:\/\/placedejeu.kameu-cm.com\/index.php?rest_route=\/wp\/v2\/media\/2056"}],"wp:attachment":[{"href":"https:\/\/placedejeu.kameu-cm.com\/index.php?rest_route=%2Fwp%2Fv2%2Fmedia&parent=2052"}],"wp:term":[{"taxonomy":"product_brand","embeddable":true,"href":"https:\/\/placedejeu.kameu-cm.com\/index.php?rest_route=%2Fwp%2Fv2%2Fproduct_brand&post=2052"},{"taxonomy":"product_cat","embeddable":true,"href":"https:\/\/placedejeu.kameu-cm.com\/index.php?rest_route=%2Fwp%2Fv2%2Fproduct_cat&post=2052"},{"taxonomy":"product_tag","embeddable":true,"href":"https:\/\/placedejeu.kameu-cm.com\/index.php?rest_route=%2Fwp%2Fv2%2Fproduct_tag&post=2052"}],"curies":[{"name":"wp","href":"https:\/\/api.w.org\/{rel}","templated":true}]}}