{"id":875,"date":"2024-12-12T09:25:24","date_gmt":"2024-12-12T08:25:24","guid":{"rendered":"https:\/\/placedejeu.kameu-cm.com\/?post_type=product&#038;p=875"},"modified":"2024-12-12T09:25:43","modified_gmt":"2024-12-12T08:25:43","slug":"imprimante-tout-en-un-hp-deskjet-2710-5ar83b","status":"publish","type":"product","link":"https:\/\/placedejeu.kameu-cm.com\/?product=imprimante-tout-en-un-hp-deskjet-2710-5ar83b","title":{"rendered":"Imprimante tout-en-un HP DeskJet 2710 (5AR83B)"},"content":{"rendered":"<p>L\u2019imprimante HP DeskJet 2710 est un appareil tout-en-un con\u00e7u pour r\u00e9pondre \u00e0 vos besoins domestiques ou professionnels en mati\u00e8re d\u2019impression, de num\u00e9risation et de copie. Gr\u00e2ce \u00e0 sa connexion sans fil via Wi-Fi, vous pouvez imprimer directement depuis votre smartphone, tablette ou ordinateur sans avoir \u00e0 utiliser de c\u00e2bles encombrants. Compatible avec l&rsquo;application HP Smart, cette imprimante rend l&rsquo;installation rapide et vous permet de g\u00e9rer vos travaux \u00e0 distance.<\/p>\n<p>Avec une r\u00e9solution d\u2019impression de 4800 x 1200 ppp, elle garantit des impressions nettes et de qualit\u00e9, tant pour les documents en noir et blanc que pour les images en couleur. Le design compact de la HP DeskJet 2710 lui permet de s\u2019int\u00e9grer facilement dans n\u2019importe quel espace de travail. Elle est aussi \u00e9quip\u00e9e d&rsquo;une fonction d&rsquo;arr\u00eat automatique pour \u00e9conomiser de l&rsquo;\u00e9nergie lorsqu&rsquo;elle n&rsquo;est pas utilis\u00e9e.<\/p>\n<p>Id\u00e9ale pour les particuliers, les \u00e9tudiants et les petites entreprises, l&rsquo;imprimante HP DeskJet 2710 propose une solution simple et \u00e9conomique pour g\u00e9rer vos besoins d&rsquo;impression quotidiens. Profitez de l\u2019impression sans fil, de la simplicit\u00e9 d&rsquo;utilisation et de la fiabilit\u00e9 sign\u00e9e HP avec ce mod\u00e8le tout-en-un pratique et abordable.<\/p>\n","protected":false},"excerpt":{"rendered":"<ul>\n<li>Fonctionnalit\u00e9s : Impression, num\u00e9risation, copie<\/li>\n<li>Connexion Wi-Fi pour impression sans fil<\/li>\n<li>R\u00e9solution d&rsquo;impression : 4800 x 1200 ppp<\/li>\n<li>Vitesse d&rsquo;impression : 7,5 ppm en noir et blanc, 5,5 ppm en couleur<\/li>\n<li>Compatibilit\u00e9 : Windows, Mac, iOS, Android<\/li>\n<li>Compacte et facile \u00e0 installer via l\u2019application HP Smart.<\/li>\n<\/ul>\n","protected":false},"featured_media":743,"comment_status":"open","ping_status":"closed","template":"","meta":{"_kad_post_transparent":"default","_kad_post_title":"","_kad_post_layout":"default","_kad_post_sidebar_id":"","_kad_post_content_style":"default","_kad_post_vertical_padding":"default","_kad_post_feature":"","_kad_post_feature_position":"","_kad_post_header":false,"_kad_post_footer":false},"product_brand":[],"product_cat":[327,248],"product_tag":[],"class_list":{"0":"post-875","1":"product","2":"type-product","3":"status-publish","4":"has-post-thumbnail","6":"product_cat-imprimantes","7":"product_cat-imprimantes-scanners","9":"first","10":"instock","11":"taxable","12":"shipping-taxable","13":"purchasable","14":"product-type-simple","15":"entry","16":"content-bg","17":"loop-entry"},"_links":{"self":[{"href":"https:\/\/placedejeu.kameu-cm.com\/index.php?rest_route=\/wp\/v2\/product\/875","targetHints":{"allow":["GET"]}}],"collection":[{"href":"https:\/\/placedejeu.kameu-cm.com\/index.php?rest_route=\/wp\/v2\/product"}],"about":[{"href":"https:\/\/placedejeu.kameu-cm.com\/index.php?rest_route=\/wp\/v2\/types\/product"}],"replies":[{"embeddable":true,"href":"https:\/\/placedejeu.kameu-cm.com\/index.php?rest_route=%2Fwp%2Fv2%2Fcomments&post=875"}],"wp:featuredmedia":[{"embeddable":true,"href":"https:\/\/placedejeu.kameu-cm.com\/index.php?rest_route=\/wp\/v2\/media\/743"}],"wp:attachment":[{"href":"https:\/\/placedejeu.kameu-cm.com\/index.php?rest_route=%2Fwp%2Fv2%2Fmedia&parent=875"}],"wp:term":[{"taxonomy":"product_brand","embeddable":true,"href":"https:\/\/placedejeu.kameu-cm.com\/index.php?rest_route=%2Fwp%2Fv2%2Fproduct_brand&post=875"},{"taxonomy":"product_cat","embeddable":true,"href":"https:\/\/placedejeu.kameu-cm.com\/index.php?rest_route=%2Fwp%2Fv2%2Fproduct_cat&post=875"},{"taxonomy":"product_tag","embeddable":true,"href":"https:\/\/placedejeu.kameu-cm.com\/index.php?rest_route=%2Fwp%2Fv2%2Fproduct_tag&post=875"}],"curies":[{"name":"wp","href":"https:\/\/api.w.org\/{rel}","templated":true}]}}