{"id":878,"date":"2024-12-12T09:34:03","date_gmt":"2024-12-12T08:34:03","guid":{"rendered":"https:\/\/placedejeu.kameu-cm.com\/?post_type=product&#038;p=878"},"modified":"2024-12-12T09:34:23","modified_gmt":"2024-12-12T08:34:23","slug":"imprimante-hp-laserjet-tank-1504w","status":"publish","type":"product","link":"https:\/\/placedejeu.kameu-cm.com\/?product=imprimante-hp-laserjet-tank-1504w","title":{"rendered":"Imprimante HP LaserJet Tank 1504w"},"content":{"rendered":"<p>La HP LaserJet Pro 4002dn est une imprimante laser monochrome con\u00e7ue pour r\u00e9pondre aux besoins des petites et moyennes entreprises qui recherchent des performances de haute qualit\u00e9 et une productivit\u00e9 accrue. Dot\u00e9e d&rsquo;une vitesse d&rsquo;impression allant jusqu&rsquo;\u00e0 40 pages par minute (ppm), elle permet de r\u00e9aliser des impressions rapides tout en maintenant une excellente qualit\u00e9 avec une r\u00e9solution de 1200 x 1200 ppp.<\/p>\n<p>Cette imprimante est \u00e9quip\u00e9e d&rsquo;une fonction d&rsquo;impression recto-verso automatique, ce qui vous permet d&rsquo;\u00e9conomiser du papier tout en rendant vos processus de travail plus efficaces. Avec une capacit\u00e9 d&rsquo;entr\u00e9e de 250 feuilles et un bac de sortie de 150 feuilles, elle est id\u00e9ale pour les bureaux avec un volume d&rsquo;impression \u00e9lev\u00e9.<\/p>\n<p>La connectivit\u00e9 Ethernet int\u00e9gr\u00e9e permet une int\u00e9gration facile dans les r\u00e9seaux d&rsquo;entreprise, et la prise en charge de la technologie HP JetIntelligence garantit une gestion optimis\u00e9e des toners, offrant des impressions nettes tout en r\u00e9duisant la consommation d&rsquo;\u00e9nergie. Compatible avec les syst\u00e8mes d\u2019exploitation Windows, Mac et Linux, la LaserJet Pro 4002dn s&rsquo;adapte \u00e0 tous les environnements de travail modernes.<\/p>\n","protected":false},"excerpt":{"rendered":"<ul>\n<li>Impression monochrome<\/li>\n<li>Vitesse d&rsquo;impression : Jusqu&rsquo;\u00e0 40 ppm<\/li>\n<li>R\u00e9solution : 1200 x 1200 ppp<\/li>\n<li>Impression recto-verso automatique<\/li>\n<li>Connectivit\u00e9 : Ethernet<\/li>\n<li>Capacit\u00e9 d&rsquo;entr\u00e9e : 250 feuilles<\/li>\n<li>Id\u00e9ale pour les environnements \u00e0 fort volume d&rsquo;impression.<\/li>\n<\/ul>\n","protected":false},"featured_media":879,"comment_status":"open","ping_status":"closed","template":"","meta":{"_kad_post_transparent":"default","_kad_post_title":"","_kad_post_layout":"default","_kad_post_sidebar_id":"","_kad_post_content_style":"default","_kad_post_vertical_padding":"default","_kad_post_feature":"","_kad_post_feature_position":"","_kad_post_header":false,"_kad_post_footer":false},"product_brand":[],"product_cat":[327,248],"product_tag":[],"class_list":{"0":"post-878","1":"product","2":"type-product","3":"status-publish","4":"has-post-thumbnail","6":"product_cat-imprimantes","7":"product_cat-imprimantes-scanners","9":"first","10":"instock","11":"taxable","12":"shipping-taxable","13":"purchasable","14":"product-type-simple","15":"entry","16":"content-bg","17":"loop-entry"},"_links":{"self":[{"href":"https:\/\/placedejeu.kameu-cm.com\/index.php?rest_route=\/wp\/v2\/product\/878","targetHints":{"allow":["GET"]}}],"collection":[{"href":"https:\/\/placedejeu.kameu-cm.com\/index.php?rest_route=\/wp\/v2\/product"}],"about":[{"href":"https:\/\/placedejeu.kameu-cm.com\/index.php?rest_route=\/wp\/v2\/types\/product"}],"replies":[{"embeddable":true,"href":"https:\/\/placedejeu.kameu-cm.com\/index.php?rest_route=%2Fwp%2Fv2%2Fcomments&post=878"}],"wp:featuredmedia":[{"embeddable":true,"href":"https:\/\/placedejeu.kameu-cm.com\/index.php?rest_route=\/wp\/v2\/media\/879"}],"wp:attachment":[{"href":"https:\/\/placedejeu.kameu-cm.com\/index.php?rest_route=%2Fwp%2Fv2%2Fmedia&parent=878"}],"wp:term":[{"taxonomy":"product_brand","embeddable":true,"href":"https:\/\/placedejeu.kameu-cm.com\/index.php?rest_route=%2Fwp%2Fv2%2Fproduct_brand&post=878"},{"taxonomy":"product_cat","embeddable":true,"href":"https:\/\/placedejeu.kameu-cm.com\/index.php?rest_route=%2Fwp%2Fv2%2Fproduct_cat&post=878"},{"taxonomy":"product_tag","embeddable":true,"href":"https:\/\/placedejeu.kameu-cm.com\/index.php?rest_route=%2Fwp%2Fv2%2Fproduct_tag&post=878"}],"curies":[{"name":"wp","href":"https:\/\/api.w.org\/{rel}","templated":true}]}}