{"id":884,"date":"2024-12-12T09:42:56","date_gmt":"2024-12-12T08:42:56","guid":{"rendered":"https:\/\/placedejeu.kameu-cm.com\/?post_type=product&#038;p=884"},"modified":"2024-12-12T09:42:56","modified_gmt":"2024-12-12T08:42:56","slug":"imprimante-hp-laserjet-tank-2604sdw","status":"publish","type":"product","link":"https:\/\/placedejeu.kameu-cm.com\/?product=imprimante-hp-laserjet-tank-2604sdw","title":{"rendered":"Imprimante HP LaserJet Tank 2604sdw"},"content":{"rendered":"<p>L\u2019imprimante HP LaserJet Tank 2604sdw est une imprimante laser monochrome con\u00e7ue pour les entreprises et les utilisateurs qui ont besoin d\u2019imprimer de gros volumes tout en r\u00e9duisant les co\u00fbts d\u2019exploitation. \u00c9quip\u00e9e de r\u00e9servoirs de toner rechargeables, cette imprimante permet de produire jusqu&rsquo;\u00e0 5 000 pages avec une seule recharge, ce qui en fait une solution extr\u00eamement \u00e9conomique et \u00e9cologique pour ceux qui cherchent \u00e0 diminuer leur empreinte environnementale et les co\u00fbts li\u00e9s aux consommables.<\/p>\n<p>Avec une vitesse d&rsquo;impression allant jusqu&rsquo;\u00e0 22 pages par minute (ppm) et une r\u00e9solution de 600 x 600 ppp, la HP LaserJet Tank 2604sdw garantit des impressions nettes et professionnelles. La fonctionnalit\u00e9 d\u2019impression recto-verso automatique permet de gagner du temps et de r\u00e9duire la consommation de papier, tandis que la connectivit\u00e9 sans fil via Wi-Fi et Bluetooth facilite l\u2019impression depuis des appareils mobiles, ordinateurs et tablettes, sans avoir \u00e0 utiliser de c\u00e2bles.<\/p>\n<p>L&rsquo;application HP Smart rend la gestion des t\u00e2ches d\u2019impression simple et intuitive, permettant \u00e9galement la num\u00e9risation \u00e0 distance et le suivi des niveaux de toner. Compacte, cette imprimante s&rsquo;int\u00e8gre facilement dans les espaces de travail tout en assurant une productivit\u00e9 maximale pour les petites et moyennes entreprises.<\/p>\n","protected":false},"excerpt":{"rendered":"<ul>\n<li>Impression monochrome, recto-verso automatique<\/li>\n<li>Vitesse d&rsquo;impression : Jusqu&rsquo;\u00e0 22 ppm<\/li>\n<li>R\u00e9solution : 600 x 600 ppp<\/li>\n<li>Syst\u00e8me de r\u00e9servoir de toner rechargeable<\/li>\n<li>Connectivit\u00e9 sans fil : Wi-Fi, Bluetooth<\/li>\n<li>Impression mobile avec HP Smart<\/li>\n<li>Capacit\u00e9 d&rsquo;entr\u00e9e : 250 feuilles<\/li>\n<li>Impression \u00e9cologique avec des co\u00fbts r\u00e9duits par page<\/li>\n<\/ul>\n","protected":false},"featured_media":885,"comment_status":"open","ping_status":"closed","template":"","meta":{"_kad_post_transparent":"default","_kad_post_title":"","_kad_post_layout":"default","_kad_post_sidebar_id":"","_kad_post_content_style":"default","_kad_post_vertical_padding":"default","_kad_post_feature":"","_kad_post_feature_position":"","_kad_post_header":false,"_kad_post_footer":false},"product_brand":[],"product_cat":[327,248],"product_tag":[],"class_list":{"0":"post-884","1":"product","2":"type-product","3":"status-publish","4":"has-post-thumbnail","6":"product_cat-imprimantes","7":"product_cat-imprimantes-scanners","9":"first","10":"instock","11":"taxable","12":"shipping-taxable","13":"purchasable","14":"product-type-simple","15":"entry","16":"content-bg","17":"loop-entry"},"_links":{"self":[{"href":"https:\/\/placedejeu.kameu-cm.com\/index.php?rest_route=\/wp\/v2\/product\/884","targetHints":{"allow":["GET"]}}],"collection":[{"href":"https:\/\/placedejeu.kameu-cm.com\/index.php?rest_route=\/wp\/v2\/product"}],"about":[{"href":"https:\/\/placedejeu.kameu-cm.com\/index.php?rest_route=\/wp\/v2\/types\/product"}],"replies":[{"embeddable":true,"href":"https:\/\/placedejeu.kameu-cm.com\/index.php?rest_route=%2Fwp%2Fv2%2Fcomments&post=884"}],"wp:featuredmedia":[{"embeddable":true,"href":"https:\/\/placedejeu.kameu-cm.com\/index.php?rest_route=\/wp\/v2\/media\/885"}],"wp:attachment":[{"href":"https:\/\/placedejeu.kameu-cm.com\/index.php?rest_route=%2Fwp%2Fv2%2Fmedia&parent=884"}],"wp:term":[{"taxonomy":"product_brand","embeddable":true,"href":"https:\/\/placedejeu.kameu-cm.com\/index.php?rest_route=%2Fwp%2Fv2%2Fproduct_brand&post=884"},{"taxonomy":"product_cat","embeddable":true,"href":"https:\/\/placedejeu.kameu-cm.com\/index.php?rest_route=%2Fwp%2Fv2%2Fproduct_cat&post=884"},{"taxonomy":"product_tag","embeddable":true,"href":"https:\/\/placedejeu.kameu-cm.com\/index.php?rest_route=%2Fwp%2Fv2%2Fproduct_tag&post=884"}],"curies":[{"name":"wp","href":"https:\/\/api.w.org\/{rel}","templated":true}]}}