{"id":888,"date":"2024-12-12T09:52:03","date_gmt":"2024-12-12T08:52:03","guid":{"rendered":"https:\/\/placedejeu.kameu-cm.com\/?post_type=product&#038;p=888"},"modified":"2024-12-12T09:52:03","modified_gmt":"2024-12-12T08:52:03","slug":"imprimante-multifonction-hp-envy","status":"publish","type":"product","link":"https:\/\/placedejeu.kameu-cm.com\/?product=imprimante-multifonction-hp-envy","title":{"rendered":"Imprimante multifonction HP envy"},"content":{"rendered":"<p>L\u2019imprimante multifonction HP Envy est une solution compl\u00e8te con\u00e7ue pour les particuliers et les petites entreprises qui recherchent une imprimante simple d\u2019utilisation, compacte et performante. Capable d&rsquo;imprimer, num\u00e9riser et copier, elle allie qualit\u00e9 et praticit\u00e9 dans un design \u00e9l\u00e9gant. Elle permet d\u2019imprimer des documents en couleur et en noir et blanc avec une r\u00e9solution pouvant atteindre 4800 x 1200 ppp, garantissant ainsi des impressions d\u00e9taill\u00e9es et vibrantes.<\/p>\n<p>Dot\u00e9e d&rsquo;une connectivit\u00e9 sans fil via Wi-Fi et Bluetooth, l&rsquo;imprimante HP Envy permet l&rsquo;impression directe depuis des smartphones, tablettes et ordinateurs gr\u00e2ce \u00e0 l&rsquo;application HP Smart, Google Cloud Print ou Apple AirPrint. Sa capacit\u00e9 \u00e0 g\u00e9rer divers formats de papier (A4, enveloppes, photos) et \u00e0 offrir des impressions sans bordure en fait une option id\u00e9ale pour les projets cr\u00e9atifs et les besoins de bureau l\u00e9gers.<\/p>\n<p>L&rsquo;HP Envy int\u00e8gre \u00e9galement des fonctionnalit\u00e9s \u00e9conomiques avec l&rsquo;impression recto-verso automatique, permettant de r\u00e9duire la consommation de papier, tout en \u00e9tant compatible avec les programmes de livraison instantan\u00e9e d&rsquo;encre HP Instant Ink, offrant ainsi une gestion simplifi\u00e9e de l&rsquo;encre.<\/p>\n","protected":false},"excerpt":{"rendered":"<ul>\n<li>Impression, copie, num\u00e9risation<\/li>\n<li>R\u00e9solution : Jusqu&rsquo;\u00e0 4800 x 1200 ppp<\/li>\n<li>Impression sans bordure<\/li>\n<li>Connectivit\u00e9 sans fil : Wi-Fi, Bluetooth<\/li>\n<li>Impression mobile avec HP Smart, Apple AirPrint, Google Cloud Print<\/li>\n<li>Impression recto-verso automatique<\/li>\n<li>Capacit\u00e9 d\u2019entr\u00e9e : 100 feuilles<\/li>\n<li>Compatible avec HP Instant Ink<\/li>\n<\/ul>\n","protected":false},"featured_media":894,"comment_status":"open","ping_status":"closed","template":"","meta":{"_kad_post_transparent":"default","_kad_post_title":"","_kad_post_layout":"default","_kad_post_sidebar_id":"","_kad_post_content_style":"default","_kad_post_vertical_padding":"default","_kad_post_feature":"","_kad_post_feature_position":"","_kad_post_header":false,"_kad_post_footer":false},"product_brand":[],"product_cat":[327,248],"product_tag":[],"class_list":{"0":"post-888","1":"product","2":"type-product","3":"status-publish","4":"has-post-thumbnail","6":"product_cat-imprimantes","7":"product_cat-imprimantes-scanners","9":"first","10":"instock","11":"taxable","12":"shipping-taxable","13":"product-type-simple","14":"entry","15":"content-bg","16":"loop-entry"},"_links":{"self":[{"href":"https:\/\/placedejeu.kameu-cm.com\/index.php?rest_route=\/wp\/v2\/product\/888","targetHints":{"allow":["GET"]}}],"collection":[{"href":"https:\/\/placedejeu.kameu-cm.com\/index.php?rest_route=\/wp\/v2\/product"}],"about":[{"href":"https:\/\/placedejeu.kameu-cm.com\/index.php?rest_route=\/wp\/v2\/types\/product"}],"replies":[{"embeddable":true,"href":"https:\/\/placedejeu.kameu-cm.com\/index.php?rest_route=%2Fwp%2Fv2%2Fcomments&post=888"}],"wp:featuredmedia":[{"embeddable":true,"href":"https:\/\/placedejeu.kameu-cm.com\/index.php?rest_route=\/wp\/v2\/media\/894"}],"wp:attachment":[{"href":"https:\/\/placedejeu.kameu-cm.com\/index.php?rest_route=%2Fwp%2Fv2%2Fmedia&parent=888"}],"wp:term":[{"taxonomy":"product_brand","embeddable":true,"href":"https:\/\/placedejeu.kameu-cm.com\/index.php?rest_route=%2Fwp%2Fv2%2Fproduct_brand&post=888"},{"taxonomy":"product_cat","embeddable":true,"href":"https:\/\/placedejeu.kameu-cm.com\/index.php?rest_route=%2Fwp%2Fv2%2Fproduct_cat&post=888"},{"taxonomy":"product_tag","embeddable":true,"href":"https:\/\/placedejeu.kameu-cm.com\/index.php?rest_route=%2Fwp%2Fv2%2Fproduct_tag&post=888"}],"curies":[{"name":"wp","href":"https:\/\/api.w.org\/{rel}","templated":true}]}}