{"id":896,"date":"2024-12-12T09:57:54","date_gmt":"2024-12-12T08:57:54","guid":{"rendered":"https:\/\/placedejeu.kameu-cm.com\/?post_type=product&#038;p=896"},"modified":"2025-01-29T17:07:52","modified_gmt":"2025-01-29T16:07:52","slug":"imprimante-canon-pixma","status":"publish","type":"product","link":"https:\/\/placedejeu.kameu-cm.com\/?product=imprimante-canon-pixma","title":{"rendered":"Imprimante Canon PIXMA"},"content":{"rendered":"<p>L&rsquo;imprimante Canon PIXMA est une solution polyvalente et conviviale, adapt\u00e9e aussi bien pour les particuliers que pour les petites entreprises qui recherchent une imprimante capable de produire des impressions de qualit\u00e9, des photos d\u00e9taill\u00e9es, ainsi que des copies et num\u00e9risations pr\u00e9cises. Elle est capable d\u2019imprimer avec une r\u00e9solution allant jusqu&rsquo;\u00e0 4800 x 1200 ppp, offrant des r\u00e9sultats nets pour les documents et des impressions couleur \u00e9clatantes, parfaites pour les projets cr\u00e9atifs ou la production de photos de qualit\u00e9 professionnelle.<\/p>\n<p>\u00c9quip\u00e9e de la technologie sans fil, la Canon PIXMA permet d&rsquo;imprimer facilement depuis plusieurs appareils, y compris les smartphones, tablettes et ordinateurs, gr\u00e2ce \u00e0 sa compatibilit\u00e9 avec l&rsquo;application Canon PRINT, Apple AirPrint et Google Cloud Print. La connectivit\u00e9 Wi-Fi et Bluetooth int\u00e9gr\u00e9e assure une utilisation flexible, sans avoir besoin de c\u00e2bles, pour un confort optimal dans un environnement domestique ou de petit bureau.<\/p>\n<p>L\u2019imprimante Canon PIXMA est \u00e9galement con\u00e7ue pour faciliter la gestion des t\u00e2ches d\u2019impression avec des fonctionnalit\u00e9s telles que l\u2019impression recto-verso automatique, permettant d\u2019\u00e9conomiser du papier. Sa compatibilit\u00e9 avec les cartouches d&rsquo;encre Canon garantit des couleurs vives et des noirs profonds, tout en minimisant les co\u00fbts d&rsquo;exploitation gr\u00e2ce \u00e0 des cartouches haute capacit\u00e9.<\/p>\n","protected":false},"excerpt":{"rendered":"<ul>\n<li>Impression, copie, num\u00e9risation<\/li>\n<li>R\u00e9solution : Jusqu&rsquo;\u00e0 4800 x 1200 ppp<\/li>\n<li>Impression sans bordure pour photos<\/li>\n<li>Connectivit\u00e9 sans fil : Wi-Fi, Bluetooth<\/li>\n<li>Impression mobile avec l&rsquo;application Canon PRINT, Apple AirPrint, Google Cloud Print<\/li>\n<li>Impression recto-verso automatique<\/li>\n<li>Capacit\u00e9 d\u2019entr\u00e9e : 100 feuilles<\/li>\n<li>Cartouches d&rsquo;encre Canon pour une qualit\u00e9 d\u2019impression optimale<\/li>\n<\/ul>\n","protected":false},"featured_media":897,"comment_status":"open","ping_status":"closed","template":"","meta":{"_kad_post_transparent":"enable","_kad_post_title":"","_kad_post_layout":"fullwidth","_kad_post_sidebar_id":"","_kad_post_content_style":"boxed","_kad_post_vertical_padding":"default","_kad_post_feature":"","_kad_post_feature_position":"","_kad_post_header":false,"_kad_post_footer":false},"product_brand":[],"product_cat":[327,248],"product_tag":[],"class_list":{"0":"post-896","1":"product","2":"type-product","3":"status-publish","4":"has-post-thumbnail","6":"product_cat-imprimantes","7":"product_cat-imprimantes-scanners","9":"first","10":"instock","11":"featured","12":"purchasable","13":"product-type-simple","14":"entry","15":"content-bg","16":"loop-entry"},"_links":{"self":[{"href":"https:\/\/placedejeu.kameu-cm.com\/index.php?rest_route=\/wp\/v2\/product\/896","targetHints":{"allow":["GET"]}}],"collection":[{"href":"https:\/\/placedejeu.kameu-cm.com\/index.php?rest_route=\/wp\/v2\/product"}],"about":[{"href":"https:\/\/placedejeu.kameu-cm.com\/index.php?rest_route=\/wp\/v2\/types\/product"}],"replies":[{"embeddable":true,"href":"https:\/\/placedejeu.kameu-cm.com\/index.php?rest_route=%2Fwp%2Fv2%2Fcomments&post=896"}],"wp:featuredmedia":[{"embeddable":true,"href":"https:\/\/placedejeu.kameu-cm.com\/index.php?rest_route=\/wp\/v2\/media\/897"}],"wp:attachment":[{"href":"https:\/\/placedejeu.kameu-cm.com\/index.php?rest_route=%2Fwp%2Fv2%2Fmedia&parent=896"}],"wp:term":[{"taxonomy":"product_brand","embeddable":true,"href":"https:\/\/placedejeu.kameu-cm.com\/index.php?rest_route=%2Fwp%2Fv2%2Fproduct_brand&post=896"},{"taxonomy":"product_cat","embeddable":true,"href":"https:\/\/placedejeu.kameu-cm.com\/index.php?rest_route=%2Fwp%2Fv2%2Fproduct_cat&post=896"},{"taxonomy":"product_tag","embeddable":true,"href":"https:\/\/placedejeu.kameu-cm.com\/index.php?rest_route=%2Fwp%2Fv2%2Fproduct_tag&post=896"}],"curies":[{"name":"wp","href":"https:\/\/api.w.org\/{rel}","templated":true}]}}