{"id":911,"date":"2024-12-12T10:04:28","date_gmt":"2024-12-12T09:04:28","guid":{"rendered":"https:\/\/placedejeu.kameu-cm.com\/?post_type=product&#038;p=911"},"modified":"2024-12-18T13:11:17","modified_gmt":"2024-12-18T12:11:17","slug":"imprimante-epson","status":"publish","type":"product","link":"https:\/\/placedejeu.kameu-cm.com\/?product=imprimante-epson","title":{"rendered":"imprimante epson"},"content":{"rendered":"<p>Les imprimantes Epson sont r\u00e9put\u00e9es pour leur fiabilit\u00e9, leur qualit\u00e9 d\u2019impression et leur innovation technologique. Con\u00e7ues pour r\u00e9pondre aux besoins des particuliers et des petites entreprises, elles permettent d\u2019imprimer des documents et des photos avec une pr\u00e9cision remarquable. Avec une r\u00e9solution d&rsquo;impression allant jusqu&rsquo;\u00e0 4800 x 1200 ppp, les imprimantes Epson offrent des impressions nettes, riches en couleurs et en d\u00e9tails.<\/p>\n<p>Epson utilise des technologies avanc\u00e9es comme l&rsquo;encre Claria, EcoTank ou les t\u00eates d&rsquo;impression PrecisionCore, offrant ainsi des impressions rapides, \u00e9conomiques et de haute qualit\u00e9. Ces imprimantes sont \u00e9galement dot\u00e9es de fonctionnalit\u00e9s sans fil, vous permettant d\u2019imprimer directement depuis vos appareils mobiles via des applications comme Epson iPrint, Apple AirPrint, et Google Cloud Print. La connectivit\u00e9 sans fil vous donne la libert\u00e9 d&rsquo;imprimer de n&rsquo;importe o\u00f9, que ce soit depuis un ordinateur, une tablette ou un smartphone.<\/p>\n<p>De plus, les imprimantes Epson sont con\u00e7ues pour offrir une efficacit\u00e9 \u00e9nerg\u00e9tique optimale. Certaines mod\u00e8les sont \u00e9galement \u00e9quip\u00e9es de r\u00e9servoirs d&rsquo;encre rechargeables ou de cartouches haute capacit\u00e9, permettant de r\u00e9duire les co\u00fbts d&rsquo;impression \u00e0 long terme tout en restant respectueux de l&rsquo;environnement.<\/p>\n","protected":false},"excerpt":{"rendered":"<ul>\n<li>R\u00e9solution d&rsquo;impression : Jusqu&rsquo;\u00e0 4800 x 1200 ppp<\/li>\n<li>Impression sans fil via Epson iPrint, Apple AirPrint, Google Cloud Print<\/li>\n<li>Encre Claria, EcoTank ou PrecisionCore pour des impressions de haute qualit\u00e9<\/li>\n<li>\u00c9cran LCD ou \u00e9cran tactile pour une gestion simplifi\u00e9e<\/li>\n<li>Impressions \u00e9conomiques avec des options de r\u00e9servoirs rechargeables ou cartouches haute capacit\u00e9<\/li>\n<li>Connectivit\u00e9 : Wi-Fi, USB, Ethernet<\/li>\n<li>Impression recto-verso automatique sur certains mod\u00e8les<\/li>\n<\/ul>\n","protected":false},"featured_media":912,"comment_status":"open","ping_status":"closed","template":"","meta":{"_kad_post_transparent":"default","_kad_post_title":"","_kad_post_layout":"default","_kad_post_sidebar_id":"","_kad_post_content_style":"default","_kad_post_vertical_padding":"default","_kad_post_feature":"","_kad_post_feature_position":"","_kad_post_header":false,"_kad_post_footer":false},"product_brand":[],"product_cat":[327,248],"product_tag":[],"class_list":{"0":"post-911","1":"product","2":"type-product","3":"status-publish","4":"has-post-thumbnail","6":"product_cat-imprimantes","7":"product_cat-imprimantes-scanners","9":"first","10":"instock","11":"taxable","12":"shipping-taxable","13":"product-type-variable","14":"entry","15":"content-bg","16":"loop-entry"},"_links":{"self":[{"href":"https:\/\/placedejeu.kameu-cm.com\/index.php?rest_route=\/wp\/v2\/product\/911","targetHints":{"allow":["GET"]}}],"collection":[{"href":"https:\/\/placedejeu.kameu-cm.com\/index.php?rest_route=\/wp\/v2\/product"}],"about":[{"href":"https:\/\/placedejeu.kameu-cm.com\/index.php?rest_route=\/wp\/v2\/types\/product"}],"replies":[{"embeddable":true,"href":"https:\/\/placedejeu.kameu-cm.com\/index.php?rest_route=%2Fwp%2Fv2%2Fcomments&post=911"}],"wp:featuredmedia":[{"embeddable":true,"href":"https:\/\/placedejeu.kameu-cm.com\/index.php?rest_route=\/wp\/v2\/media\/912"}],"wp:attachment":[{"href":"https:\/\/placedejeu.kameu-cm.com\/index.php?rest_route=%2Fwp%2Fv2%2Fmedia&parent=911"}],"wp:term":[{"taxonomy":"product_brand","embeddable":true,"href":"https:\/\/placedejeu.kameu-cm.com\/index.php?rest_route=%2Fwp%2Fv2%2Fproduct_brand&post=911"},{"taxonomy":"product_cat","embeddable":true,"href":"https:\/\/placedejeu.kameu-cm.com\/index.php?rest_route=%2Fwp%2Fv2%2Fproduct_cat&post=911"},{"taxonomy":"product_tag","embeddable":true,"href":"https:\/\/placedejeu.kameu-cm.com\/index.php?rest_route=%2Fwp%2Fv2%2Fproduct_tag&post=911"}],"curies":[{"name":"wp","href":"https:\/\/api.w.org\/{rel}","templated":true}]}}