{"id":934,"date":"2024-12-12T14:51:55","date_gmt":"2024-12-12T13:51:55","guid":{"rendered":"https:\/\/placedejeu.kameu-cm.com\/?post_type=product&#038;p=934"},"modified":"2025-02-07T13:43:53","modified_gmt":"2025-02-07T12:43:53","slug":"multimetres","status":"publish","type":"product","link":"https:\/\/placedejeu.kameu-cm.com\/?product=multimetres","title":{"rendered":"Multim\u00e8tres portables A830L"},"content":{"rendered":"<p>Le multim\u00e8tre portable A830L est un outil pratique et polyvalent utilis\u00e9 pour mesurer plusieurs param\u00e8tres \u00e9lectriques, tels que la tension (AC\/DC), le courant (DC), la r\u00e9sistance, et la continuit\u00e9. Il est compact, l\u00e9ger et con\u00e7u pour les techniciens, \u00e9lectriciens, et amateurs d\u2019\u00e9lectronique qui ont besoin d\u2019un appareil fiable pour des diagnostics rapides. Ce mod\u00e8le est \u00e9quip\u00e9 d\u2019un \u00e9cran LCD avec r\u00e9tro\u00e9clairage, permettant une lecture facile des mesures m\u00eame dans des environnements peu \u00e9clair\u00e9s.<\/p>\n<p>Le multim\u00e8tre A830L dispose de plusieurs fonctions utiles, comme le test de diode et la mesure de la continuit\u00e9 avec un signal sonore. Il comprend aussi une fonction de mise hors tension automatique pour \u00e9conomiser la batterie lorsqu&rsquo;il n\u2019est pas utilis\u00e9 pendant une certaine p\u00e9riode. Ce mod\u00e8le est tr\u00e8s facile \u00e0 manipuler gr\u00e2ce \u00e0 ses boutons de commande et \u00e0 son commutateur rotatif, permettant de s\u00e9lectionner rapidement les diff\u00e9rents modes de mesure.<\/p>\n<p>Le A830L est un choix id\u00e9al pour les d\u00e9butants et les utilisateurs avanc\u00e9s, gr\u00e2ce \u00e0 son prix abordable, sa simplicit\u00e9 d\u2019utilisation, et ses fonctions essentielles pour les d\u00e9pannages \u00e9lectriques courants. Son bo\u00eetier robuste lui permet de r\u00e9sister \u00e0 des conditions d&rsquo;utilisation en ext\u00e9rieur ou dans des environnements industriels.<\/p>\n","protected":false},"excerpt":{"rendered":"<ul>\n<li>Multim\u00e8tre portable compact et l\u00e9ger.<\/li>\n<li>Mesure tension (AC\/DC), courant (DC), r\u00e9sistance et continuit\u00e9.<\/li>\n<li>\u00c9cran LCD r\u00e9tro\u00e9clair\u00e9 pour une lecture facile.<\/li>\n<li>Fonction de test de diode et de continuit\u00e9 avec signal sonore.<\/li>\n<li>Mise hors tension automatique pour \u00e9conomiser la batterie.<\/li>\n<\/ul>\n","protected":false},"featured_media":128,"comment_status":"open","ping_status":"closed","template":"","meta":{"_kad_post_transparent":"default","_kad_post_title":"","_kad_post_layout":"default","_kad_post_sidebar_id":"","_kad_post_content_style":"default","_kad_post_vertical_padding":"default","_kad_post_feature":"","_kad_post_feature_position":"","_kad_post_header":false,"_kad_post_footer":false},"product_brand":[],"product_cat":[16,252,287],"product_tag":[],"class_list":{"0":"post-934","1":"product","2":"type-product","3":"status-publish","4":"has-post-thumbnail","6":"product_cat-composants-electroniques","7":"product_cat-appareils-de-mesures","8":"product_cat-multimetres","10":"first","11":"instock","12":"taxable","13":"shipping-taxable","14":"purchasable","15":"product-type-simple","16":"entry","17":"content-bg","18":"loop-entry"},"_links":{"self":[{"href":"https:\/\/placedejeu.kameu-cm.com\/index.php?rest_route=\/wp\/v2\/product\/934","targetHints":{"allow":["GET"]}}],"collection":[{"href":"https:\/\/placedejeu.kameu-cm.com\/index.php?rest_route=\/wp\/v2\/product"}],"about":[{"href":"https:\/\/placedejeu.kameu-cm.com\/index.php?rest_route=\/wp\/v2\/types\/product"}],"replies":[{"embeddable":true,"href":"https:\/\/placedejeu.kameu-cm.com\/index.php?rest_route=%2Fwp%2Fv2%2Fcomments&post=934"}],"wp:featuredmedia":[{"embeddable":true,"href":"https:\/\/placedejeu.kameu-cm.com\/index.php?rest_route=\/wp\/v2\/media\/128"}],"wp:attachment":[{"href":"https:\/\/placedejeu.kameu-cm.com\/index.php?rest_route=%2Fwp%2Fv2%2Fmedia&parent=934"}],"wp:term":[{"taxonomy":"product_brand","embeddable":true,"href":"https:\/\/placedejeu.kameu-cm.com\/index.php?rest_route=%2Fwp%2Fv2%2Fproduct_brand&post=934"},{"taxonomy":"product_cat","embeddable":true,"href":"https:\/\/placedejeu.kameu-cm.com\/index.php?rest_route=%2Fwp%2Fv2%2Fproduct_cat&post=934"},{"taxonomy":"product_tag","embeddable":true,"href":"https:\/\/placedejeu.kameu-cm.com\/index.php?rest_route=%2Fwp%2Fv2%2Fproduct_tag&post=934"}],"curies":[{"name":"wp","href":"https:\/\/api.w.org\/{rel}","templated":true}]}}