{"id":935,"date":"2024-12-12T14:53:12","date_gmt":"2024-12-12T13:53:12","guid":{"rendered":"https:\/\/placedejeu.kameu-cm.com\/?post_type=product&#038;p=935"},"modified":"2025-02-07T13:40:41","modified_gmt":"2025-02-07T12:40:41","slug":"multimetre-de-tables","status":"publish","type":"product","link":"https:\/\/placedejeu.kameu-cm.com\/?product=multimetre-de-tables","title":{"rendered":"Multim\u00e8tre de table"},"content":{"rendered":"<p>Un multim\u00e8tre de table est un instrument de mesure polyvalent utilis\u00e9 en laboratoire ou sur des bancs de test pour mesurer divers param\u00e8tres \u00e9lectriques, tels que la tension, le courant, la r\u00e9sistance, la capacit\u00e9, et parfois la fr\u00e9quence ou la temp\u00e9rature. Contrairement aux multim\u00e8tres portables, les multim\u00e8tres de table sont plus grands, plus pr\u00e9cis, et sont con\u00e7us pour des mesures continues et complexes, souvent dans un environnement de travail statique. Ils sont id\u00e9aux pour les ing\u00e9nieurs, techniciens, et chercheurs qui n\u00e9cessitent des mesures pr\u00e9cises et r\u00e9p\u00e9titives dans des conditions contr\u00f4l\u00e9es.<\/p>\n<p>Ces multim\u00e8tres offrent g\u00e9n\u00e9ralement une grande pr\u00e9cision, avec plusieurs d\u00e9cimales dans leurs mesures, ainsi qu&rsquo;une interface plus conviviale. Ils sont souvent dot\u00e9s de grands \u00e9crans \u00e0 cristaux liquides (LCD) ou LED, et d&rsquo;entr\u00e9es multiples permettant de mesurer plusieurs param\u00e8tres en m\u00eame temps. Certains mod\u00e8les peuvent \u00e9galement \u00eatre connect\u00e9s \u00e0 des ordinateurs via USB ou interfaces s\u00e9rie, permettant l\u2019enregistrement et l\u2019analyse des donn\u00e9es \u00e0 distance.<\/p>\n<p>Les multim\u00e8tres de table sont utilis\u00e9s dans divers secteurs tels que la recherche et d\u00e9veloppement, les laboratoires d&rsquo;essais industriels, l&rsquo;\u00e9ducation et la maintenance avanc\u00e9e. Gr\u00e2ce \u00e0 leurs nombreuses fonctions, ces appareils jouent un r\u00f4le cl\u00e9 dans la surveillance et la caract\u00e9risation des syst\u00e8mes \u00e9lectriques et \u00e9lectroniques.<\/p>\n","protected":false},"excerpt":{"rendered":"<div class=\"flex max-w-full flex-col flex-grow\">\n<div class=\"min-h-8 text-message flex w-full flex-col items-end gap-2 whitespace-normal break-words text-start [.text-message+&amp;]:mt-5\" dir=\"auto\" data-message-author-role=\"assistant\" data-message-id=\"37ea7b30-f453-444a-87ab-73a56c0239e3\" data-message-model-slug=\"gpt-4o\">\n<div class=\"flex w-full flex-col gap-1 empty:hidden first:pt-[3px]\">\n<div class=\"markdown prose w-full break-words dark:prose-invert light\">\n<ul>\n<li>Instrument de mesure pour tension, courant, r\u00e9sistance, capacit\u00e9.<\/li>\n<li>Plus grand et plus pr\u00e9cis que les multim\u00e8tres portables.<\/li>\n<li>Id\u00e9al pour les laboratoires et bancs de test.<\/li>\n<li>Interface avec grand \u00e9cran LCD\/LED pour une lecture claire.<\/li>\n<li>Connectivit\u00e9 USB\/RS-232 pour l&rsquo;enregistrement et l&rsquo;analyse des donn\u00e9es.<\/li>\n<\/ul>\n<\/div>\n<\/div>\n<\/div>\n<\/div>\n<div class=\"mb-2 flex gap-3 empty:hidden -ml-2\">\n<div class=\"items-center justify-start rounded-xl p-1 flex\"><\/div>\n<\/div>\n","protected":false},"featured_media":936,"comment_status":"open","ping_status":"closed","template":"","meta":{"_kad_post_transparent":"default","_kad_post_title":"","_kad_post_layout":"default","_kad_post_sidebar_id":"","_kad_post_content_style":"default","_kad_post_vertical_padding":"default","_kad_post_feature":"","_kad_post_feature_position":"","_kad_post_header":false,"_kad_post_footer":false},"product_brand":[],"product_cat":[16,252,287],"product_tag":[],"class_list":{"0":"post-935","1":"product","2":"type-product","3":"status-publish","4":"has-post-thumbnail","6":"product_cat-composants-electroniques","7":"product_cat-appareils-de-mesures","8":"product_cat-multimetres","10":"first","11":"outofstock","12":"taxable","13":"shipping-taxable","14":"purchasable","15":"product-type-variable","16":"entry","17":"content-bg","18":"loop-entry"},"_links":{"self":[{"href":"https:\/\/placedejeu.kameu-cm.com\/index.php?rest_route=\/wp\/v2\/product\/935","targetHints":{"allow":["GET"]}}],"collection":[{"href":"https:\/\/placedejeu.kameu-cm.com\/index.php?rest_route=\/wp\/v2\/product"}],"about":[{"href":"https:\/\/placedejeu.kameu-cm.com\/index.php?rest_route=\/wp\/v2\/types\/product"}],"replies":[{"embeddable":true,"href":"https:\/\/placedejeu.kameu-cm.com\/index.php?rest_route=%2Fwp%2Fv2%2Fcomments&post=935"}],"wp:featuredmedia":[{"embeddable":true,"href":"https:\/\/placedejeu.kameu-cm.com\/index.php?rest_route=\/wp\/v2\/media\/936"}],"wp:attachment":[{"href":"https:\/\/placedejeu.kameu-cm.com\/index.php?rest_route=%2Fwp%2Fv2%2Fmedia&parent=935"}],"wp:term":[{"taxonomy":"product_brand","embeddable":true,"href":"https:\/\/placedejeu.kameu-cm.com\/index.php?rest_route=%2Fwp%2Fv2%2Fproduct_brand&post=935"},{"taxonomy":"product_cat","embeddable":true,"href":"https:\/\/placedejeu.kameu-cm.com\/index.php?rest_route=%2Fwp%2Fv2%2Fproduct_cat&post=935"},{"taxonomy":"product_tag","embeddable":true,"href":"https:\/\/placedejeu.kameu-cm.com\/index.php?rest_route=%2Fwp%2Fv2%2Fproduct_tag&post=935"}],"curies":[{"name":"wp","href":"https:\/\/api.w.org\/{rel}","templated":true}]}}