{"id":953,"date":"2024-12-12T15:13:40","date_gmt":"2024-12-12T14:13:40","guid":{"rendered":"https:\/\/placedejeu.kameu-cm.com\/?post_type=product&#038;p=953"},"modified":"2025-02-07T13:36:08","modified_gmt":"2025-02-07T12:36:08","slug":"plaque-cuivree","status":"publish","type":"product","link":"https:\/\/placedejeu.kameu-cm.com\/?product=plaque-cuivree","title":{"rendered":"Plaque cuivr\u00e9e 100*70"},"content":{"rendered":"<p>Une plaque cuivr\u00e9e, \u00e9galement appel\u00e9e <strong>circuit imprim\u00e9 vierge<\/strong> ou <strong>plaque PCB vierge<\/strong>, est une plaque utilis\u00e9e dans la fabrication de circuits imprim\u00e9s (PCB). Elle est compos\u00e9e d&rsquo;un mat\u00e9riau isolant, g\u00e9n\u00e9ralement en fibre de verre (FR4), recouvert d&rsquo;une fine couche de cuivre sur l&rsquo;une ou les deux faces. Cette plaque permet de r\u00e9aliser des circuits \u00e9lectroniques en gravant le cuivre pour former des pistes conductrices qui relient les diff\u00e9rents composants du circuit.<\/p>\n<p>Le processus de fabrication d\u2019un circuit imprim\u00e9 \u00e0 partir d\u2019une plaque cuivr\u00e9e commence souvent par la cr\u00e9ation d\u2019un sch\u00e9ma du circuit, puis le transfert du dessin sur la plaque. Ensuite, le cuivre non d\u00e9sir\u00e9 est \u00e9limin\u00e9 par un proc\u00e9d\u00e9 de gravure chimique ou m\u00e9canique, laissant les pistes qui relient les composants. Une fois le circuit form\u00e9, des trous peuvent \u00eatre perc\u00e9s pour monter les composants, et des soudures sont r\u00e9alis\u00e9es pour fixer ces composants aux pistes.<\/p>\n<p>Les plaques cuivr\u00e9es sont disponibles en diff\u00e9rentes tailles et \u00e9paisseurs, selon les besoins du projet. Elles sont largement utilis\u00e9es dans la conception de prototypes ou pour des circuits \u00e9lectroniques sur mesure, tant pour des projets amateurs que pour des applications industrielles. En offrant une solution robuste et personnalis\u00e9e pour les connexions \u00e9lectriques, les plaques cuivr\u00e9es sont un \u00e9l\u00e9ment cl\u00e9 de la fabrication de circuits \u00e9lectroniques.<\/p>\n","protected":false},"excerpt":{"rendered":"<ul>\n<li>Plaque utilis\u00e9e pour la fabrication de circuits imprim\u00e9s (PCB).<\/li>\n<li>Compos\u00e9e d\u2019un mat\u00e9riau isolant recouvert de cuivre.<\/li>\n<li>Le cuivre est grav\u00e9 pour former des pistes conductrices.<\/li>\n<li>Utilis\u00e9e pour cr\u00e9er des circuits \u00e9lectroniques sur mesure.<\/li>\n<li>Disponible en diff\u00e9rentes tailles et \u00e9paisseurs pour divers projets.<\/li>\n<\/ul>\n","protected":false},"featured_media":703,"comment_status":"open","ping_status":"closed","template":"","meta":{"_kad_post_transparent":"default","_kad_post_title":"","_kad_post_layout":"default","_kad_post_sidebar_id":"","_kad_post_content_style":"default","_kad_post_vertical_padding":"default","_kad_post_feature":"","_kad_post_feature_position":"","_kad_post_header":false,"_kad_post_footer":false},"product_brand":[],"product_cat":[16,254,266],"product_tag":[],"class_list":{"0":"post-953","1":"product","2":"type-product","3":"status-publish","4":"has-post-thumbnail","6":"product_cat-composants-electroniques","7":"product_cat-accessoires","8":"product_cat-plaques-cuivrees","10":"first","11":"instock","12":"taxable","13":"shipping-taxable","14":"purchasable","15":"product-type-simple","16":"entry","17":"content-bg","18":"loop-entry"},"_links":{"self":[{"href":"https:\/\/placedejeu.kameu-cm.com\/index.php?rest_route=\/wp\/v2\/product\/953","targetHints":{"allow":["GET"]}}],"collection":[{"href":"https:\/\/placedejeu.kameu-cm.com\/index.php?rest_route=\/wp\/v2\/product"}],"about":[{"href":"https:\/\/placedejeu.kameu-cm.com\/index.php?rest_route=\/wp\/v2\/types\/product"}],"replies":[{"embeddable":true,"href":"https:\/\/placedejeu.kameu-cm.com\/index.php?rest_route=%2Fwp%2Fv2%2Fcomments&post=953"}],"wp:featuredmedia":[{"embeddable":true,"href":"https:\/\/placedejeu.kameu-cm.com\/index.php?rest_route=\/wp\/v2\/media\/703"}],"wp:attachment":[{"href":"https:\/\/placedejeu.kameu-cm.com\/index.php?rest_route=%2Fwp%2Fv2%2Fmedia&parent=953"}],"wp:term":[{"taxonomy":"product_brand","embeddable":true,"href":"https:\/\/placedejeu.kameu-cm.com\/index.php?rest_route=%2Fwp%2Fv2%2Fproduct_brand&post=953"},{"taxonomy":"product_cat","embeddable":true,"href":"https:\/\/placedejeu.kameu-cm.com\/index.php?rest_route=%2Fwp%2Fv2%2Fproduct_cat&post=953"},{"taxonomy":"product_tag","embeddable":true,"href":"https:\/\/placedejeu.kameu-cm.com\/index.php?rest_route=%2Fwp%2Fv2%2Fproduct_tag&post=953"}],"curies":[{"name":"wp","href":"https:\/\/api.w.org\/{rel}","templated":true}]}}