{"id":954,"date":"2025-02-07T13:09:24","date_gmt":"2025-02-07T12:09:24","guid":{"rendered":"https:\/\/placedejeu.kameu-cm.com\/?post_type=product&#038;p=954"},"modified":"2025-02-07T13:09:24","modified_gmt":"2025-02-07T12:09:24","slug":"trousse-maintenance-electronique","status":"publish","type":"product","link":"https:\/\/placedejeu.kameu-cm.com\/?product=trousse-maintenance-electronique","title":{"rendered":"Trousse maintenance electronique"},"content":{"rendered":"<p>Une trousse de maintenance \u00e9lectronique est un ensemble d&rsquo;outils et d&rsquo;\u00e9quipements indispensables pour effectuer des r\u00e9parations, des tests et des diagnostics sur des circuits et appareils \u00e9lectroniques. Elle est con\u00e7ue pour aider les techniciens, les ing\u00e9nieurs et m\u00eame les passionn\u00e9s d&rsquo;\u00e9lectronique \u00e0 identifier et r\u00e9soudre les pannes, ainsi qu&rsquo;\u00e0 effectuer des op\u00e9rations de maintenance pr\u00e9ventive.<\/p>\n<p>La trousse contient g\u00e9n\u00e9ralement un multim\u00e8tre pour mesurer les tensions, courants et r\u00e9sistances, des pinces coupantes et des tournevis de pr\u00e9cision pour le d\u00e9montage des composants, ainsi qu&rsquo;un fer \u00e0 souder et de l&rsquo;\u00e9tain pour effectuer des soudures ou des r\u00e9parations. On y trouve aussi des outils de manipulation tels que des pinces \u00e0 bec fin et des pinces de serrage, ainsi qu&rsquo;une pompe \u00e0 dessouder pour retirer l&rsquo;exc\u00e9dent de soudure. D\u2019autres accessoires comme des bandes d\u2019isolation, des fils \u00e9lectriques, et parfois des outils de mesure plus avanc\u00e9s comme un oscilloscope ou un g\u00e9n\u00e9rateur de signaux peuvent \u00eatre inclus pour des diagnostics plus complexes.<\/p>\n<p>La trousse de maintenance \u00e9lectronique est essentielle pour garantir la fiabilit\u00e9 des \u00e9quipements et prolonger leur dur\u00e9e de vie, tout en assurant la s\u00e9curit\u00e9 lors des interventions. Elle permet d\u2019intervenir rapidement sur le terrain ou en atelier, et d\u2019assurer que les appareils fonctionnent de mani\u00e8re optimale<\/p>\n","protected":false},"excerpt":{"rendered":"<ul>\n<li>Ensemble d&rsquo;outils pour r\u00e9parations et diagnostics \u00e9lectroniques.<\/li>\n<li>Contient un multim\u00e8tre, tournevis de pr\u00e9cision, pinces, fer \u00e0 souder.<\/li>\n<li>Inclut des accessoires comme pompe \u00e0 dessouder, bandes d\u2019isolation.<\/li>\n<li>Permet des interventions rapides et efficaces en atelier ou sur le terrain.<\/li>\n<li>Outils essentiels pour prolonger la dur\u00e9e de vie des \u00e9quipements.<\/li>\n<\/ul>\n","protected":false},"featured_media":123,"comment_status":"open","ping_status":"closed","template":"","meta":{"_kad_post_transparent":"default","_kad_post_title":"","_kad_post_layout":"default","_kad_post_sidebar_id":"","_kad_post_content_style":"default","_kad_post_vertical_padding":"default","_kad_post_feature":"","_kad_post_feature_position":"","_kad_post_header":false,"_kad_post_footer":false},"product_brand":[],"product_cat":[16,254,261],"product_tag":[],"class_list":{"0":"post-954","1":"product","2":"type-product","3":"status-publish","4":"has-post-thumbnail","6":"product_cat-composants-electroniques","7":"product_cat-accessoires","8":"product_cat-trousses-de-maintenances","10":"first","11":"instock","12":"sale","13":"purchasable","14":"product-type-simple","15":"entry","16":"content-bg","17":"loop-entry"},"_links":{"self":[{"href":"https:\/\/placedejeu.kameu-cm.com\/index.php?rest_route=\/wp\/v2\/product\/954","targetHints":{"allow":["GET"]}}],"collection":[{"href":"https:\/\/placedejeu.kameu-cm.com\/index.php?rest_route=\/wp\/v2\/product"}],"about":[{"href":"https:\/\/placedejeu.kameu-cm.com\/index.php?rest_route=\/wp\/v2\/types\/product"}],"replies":[{"embeddable":true,"href":"https:\/\/placedejeu.kameu-cm.com\/index.php?rest_route=%2Fwp%2Fv2%2Fcomments&post=954"}],"wp:featuredmedia":[{"embeddable":true,"href":"https:\/\/placedejeu.kameu-cm.com\/index.php?rest_route=\/wp\/v2\/media\/123"}],"wp:attachment":[{"href":"https:\/\/placedejeu.kameu-cm.com\/index.php?rest_route=%2Fwp%2Fv2%2Fmedia&parent=954"}],"wp:term":[{"taxonomy":"product_brand","embeddable":true,"href":"https:\/\/placedejeu.kameu-cm.com\/index.php?rest_route=%2Fwp%2Fv2%2Fproduct_brand&post=954"},{"taxonomy":"product_cat","embeddable":true,"href":"https:\/\/placedejeu.kameu-cm.com\/index.php?rest_route=%2Fwp%2Fv2%2Fproduct_cat&post=954"},{"taxonomy":"product_tag","embeddable":true,"href":"https:\/\/placedejeu.kameu-cm.com\/index.php?rest_route=%2Fwp%2Fv2%2Fproduct_tag&post=954"}],"curies":[{"name":"wp","href":"https:\/\/api.w.org\/{rel}","templated":true}]}}